{"id":598,"date":"2021-08-10T15:48:54","date_gmt":"2021-08-10T12:48:54","guid":{"rendered":"https:\/\/cynoks.com\/?page_id=598"},"modified":"2023-02-28T16:00:37","modified_gmt":"2023-02-28T13:00:37","slug":"aydinatma-metni","status":"publish","type":"page","link":"https:\/\/www.cynoks.com\/en\/kurumsal\/aydinatma-metni\/","title":{"rendered":"Ayd\u0131nlatma Metni"},"content":{"rendered":"<div data-elementor-type=\"wp-page\" data-elementor-id=\"598\" class=\"elementor elementor-598\">\n\t\t\t\t\t\t<section class=\"elementor-section elementor-top-section elementor-element elementor-element-e462fd2 elementor-section-boxed elementor-section-height-default elementor-section-height-default\" data-id=\"e462fd2\" data-element_type=\"section\">\n\t\t\t\t\t\t<div class=\"elementor-container elementor-column-gap-default\">\n\t\t\t\t\t<div class=\"elementor-column elementor-col-100 elementor-top-column elementor-element elementor-element-bc6ec43\" data-id=\"bc6ec43\" data-element_type=\"column\">\n\t\t\t<div class=\"elementor-widget-wrap elementor-element-populated\">\n\t\t\t\t\t\t<div class=\"elementor-element elementor-element-8985b7a elementor-widget elementor-widget-text-editor\" data-id=\"8985b7a\" data-element_type=\"widget\" data-widget_type=\"text-editor.default\">\n\t\t\t\t<div class=\"elementor-widget-container\">\n\t\t\t\t\t\t\t\t\t<p><strong>CYNOKS B\u0130L\u0130\u015e\u0130M TEKNOLOJ\u0130LER\u0130 DANI\u015eMANLIK H\u0130ZMETLER\u0130 L\u0130M\u0130TED \u015e\u0130RKET\u0130<\/strong><\/p><p><strong>KI\u0307S\u0327I\u0307SEL VERI\u0307LERI\u0307N KORUNMASI KANUNU HAKKINDA<\/strong><\/p><p><strong>B\u0130LG\u0130LEND\u0130RME\/AYDINLATMA METNI\u0307<\/strong><\/p><p>Cynoks Bili\u015fim Teknolojileri Dan\u0131\u015fmanl\u0131k Hizmetleri Limited \u015eirketi (Cynoks) olarak ki\u015fisel verilerinizin g\u00fcvenli\u011fine azami hassasiyet g\u00f6stermekteyiz. Cynoks olarak, ki\u015fisel verilere y\u00f6nelik t\u00fcm i\u015flemleri 6698 say\u0131l\u0131 kanuna uyumlu olarak yapmaktay\u0131z.<\/p><p>De\u011ferli site ziyaret\u00e7isi bu kapsamda sizleri 6698 say\u0131l\u0131 Ki\u015fisel Verilerin Korunmas\u0131 Kanunu kapsam\u0131nda ki\u015fisel verilerin korunmas\u0131 hakk\u0131nda ayd\u0131nlatmak\/bilgilendirmek isteriz.<\/p><p><strong>Veri Sorumlusu ve \u0130lgili Ki\u015fi Bilgisi<\/strong><\/p><p>\u0130\u015fbu ayd\u0131nlatma metni 6698 say\u0131l\u0131 Ki\u015fisel Verilerin Korunmas\u0131 Kanunu\u2019na g\u00f6re haz\u0131rlanm\u0131\u015f olup, Cynoks Bili\u015fim Teknolojileri Dan\u0131\u015fmanl\u0131k Hizmetleri Limited \u015eirketi\u2019nin sizinle ilgili ki\u015fisel verileri i\u015flemesi, veri i\u015fleme ama\u00e7lar\u0131n\u0131 belirlemesi, veri i\u015fleme sisteminin kurulmas\u0131 ve i\u015fletilmesi sebebiyle veri sorumlusudur. Cynoks taraf\u0131ndan, ki\u015fisel verisi i\u015flenen ger\u00e7ek ki\u015filer, kanun taraf\u0131ndan ilgili ki\u015fi olarak kabul edilmektedir.<\/p><p>Kanunun Ayd\u0131nlatma Y\u00fck\u00fcml\u00fcl\u00fc\u011f\u00fcn\u00fc d\u00fczenleyen 10\u2019ncu maddesine g\u00f6re, veri sorumlular\u0131, ki\u015fisel verilerini i\u015fledikleri ger\u00e7ek ki\u015fileri, veri i\u015fleme ile ilgili konularda bilgilendirmekle y\u00fck\u00fcml\u00fcd\u00fcr.<\/p><p>Bu metin, ilgili ki\u015fi olarak sizi bilgilendirmeye y\u00f6nelik haz\u0131rlanm\u0131\u015f olup, ilgili ki\u015finin (veri sahibinin) ve veri sorumlusunun hak ve y\u00fck\u00fcml\u00fcl\u00fcklerini i\u00e7ermektedir.<\/p><p><u>Veri Sorumlusunun<\/u><\/p><p>Ad\u0131\/Soyad\u0131 \/ Unvan\u0131 : Cynoks Bili\u015fim Teknolojileri Dan\u0131\u015fmanl\u0131k Hizmetleri Limited \u015eirketi<\/p><p>Vergi Numaras\u0131 : 216 064 0353<\/p><p>Vergi Dairesi : Maltepe Vergi Dairesi<\/p><p>Posta Adresi : Mustafa Kemal Mah. Dumlup\u0131nar Bul. A Blok No:266 Asma Kat D:18 \u00c7ankaya \/ Ankara<\/p><p>Telefon : +90 (312) 970 1997<\/p><p>E-posta : kvkk@cynoks.com.tr<\/p><p>\u0130nternet Adresi : www.cynoks.com.tr<\/p><p><strong>Ki\u015fisel Veri \u0130\u015fleme Ama\u00e7lar\u0131 ve \u0130\u015flenen Veriler<\/strong><\/p><p>M\u00fc\u015fteriye y\u00f6nelik, m\u00fc\u015fterilimiz de dahil olmak \u00fczere internet sitemiz \u00fczerinden gelen \u015fikayet, ba\u015fvuru, talep ve isteklerin ara\u015ft\u0131r\u0131lmas\u0131 ve yan\u0131tlanmas\u0131, sorunlar\u0131n tespiti ve \u00e7\u00f6z\u00fcmlenmesi, m\u00fc\u015fteri veya m\u00fc\u015fteri aday memnuniyetinin sa\u011flanmas\u0131, internet sitesinin g\u00fcvenli\u011finin sa\u011flanmas\u0131, ileride \u00e7\u0131kabilecek uyu\u015fmazl\u0131klar\u0131n giderilmesi, t\u00fcm ticari y\u00fck\u00fcml\u00fcl\u00fcklerin yerine getirilebilmesi, \u015firket ticari politika ve kurallar\u0131n\u0131n ger\u00e7ekle\u015ftirilebilmesi, i\u015f sa\u011fl\u0131\u011f\u0131 ve g\u00fcvenli\u011fi, dan\u0131\u015fmanl\u0131k faaliyetleri, ile Vergi M\u00fcd\u00fcrl\u00fckleri, Ticaret Odalar\u0131 ile Meslek Odalar\u0131 ve ilgili di\u011fer mevzuatlar\u0131n\u0131n yerine getirilmesi ama\u00e7lar\u0131na y\u00f6nelik olarak a\u015fa\u011f\u0131da belirtilen ki\u015fisel verileriniz i\u015flenmektedir. Ki\u015fisel veriler, her t\u00fcrl\u00fc s\u00f6zl\u00fc, yaz\u0131l\u0131 ya da elektronik ortamda i\u015fbu ayd\u0131nlatma metninde belirtilen ama\u00e7lar do\u011frultusunda toplanmaktad\u0131r.<\/p><p>Site ziyaret\u00e7isine y\u00f6nelik olarak ki\u015fisel veriler,<\/p><ul><li>Kanunlarda a\u00e7\u0131k\u00e7a \u00f6ng\u00f6r\u00fclmesi,<\/li><li>Bir s\u00f6zle\u015fmenin kurulmas\u0131 veya ifas\u0131yla do\u011frudan do\u011fruya ilgili olmas\u0131 kayd\u0131yla, s\u00f6zle\u015fmenin taraflar\u0131na ait ki\u015fisel verilerin i\u015flenmesinin gerekli olmas\u0131,<\/li><li>Veri sorumlusunun hukuki y\u00fck\u00fcml\u00fcl\u00fc\u011f\u00fcn\u00fc yerine getirebilmesi i\u00e7in zorunlu olmas\u0131,<\/li><li>Bir hakk\u0131n tesisi, kullan\u0131lmas\u0131 veya korunmas\u0131 i\u00e7in veri i\u015flemenin zorunlu olmas\u0131,<\/li><li>\u0130lgili ki\u015finin temel hak ve \u00f6zg\u00fcrl\u00fcklerine zarar vermemek kayd\u0131yla, veri sorumlusunun me\u015fru menfaatleri i\u00e7in veri i\u015flenmesinin zorunlu olmas\u0131<\/li><\/ul><p>Hukuki sebeplerine dayan\u0131larak i\u015flenmektedir.<\/p><p>Ayr\u0131ca ilgili ki\u015fi (veri sahibi) taraf\u0131ndan alenile\u015ftirilen ki\u015fisel veriler ilgili ki\u015finin kendisi taraf\u0131ndan alenile\u015ftirilmi\u015f olmas\u0131 hukuki sebebine dayan\u0131larak i\u015flenmektedir.<\/p><p>M\u00fc\u015fteriye y\u00f6nelik i\u015flenen veriler ise a\u015fa\u011f\u0131daki kategorilerde yer alan ki\u015fisel verilerdir.<\/p><ul><li>Dijital Kay\u0131tlar<\/li><li>\u0130leti\u015fim Bilgileri<\/li><li>Kimlik Bilgileri<\/li><li>Eri\u015fim Log ve Kay\u0131tlar\u0131<\/li><li>IP Log ve Kay\u0131tlar\u0131<\/li><li>D\u0131\u015far\u0131dan Gelen Eri\u015fim Log Ve Kay\u0131tlar\u0131<\/li><\/ul><p>Belirtilen veri kategorilerinde hangi verilerin bulundu\u011fu ise veri sorumlusu olarak d\u00fczenledi\u011fimiz veri haritas\u0131nda ayr\u0131nt\u0131l\u0131 olarak bulunmaktad\u0131r.<\/p><p><strong>\u0130\u015flenen Ki\u015fisel Veriler Edinim Y\u00f6ntemi<\/strong><\/p><p>\u0130\u015flenen ki\u015fisel verileriniz, web sayfam\u0131zda kulland\u0131\u011f\u0131m\u0131z veri toplama sistemleri ve e-posta arac\u0131l\u0131\u011f\u0131 ile siz veri sahibinden ve \u00fc\u00e7\u00fcnc\u00fc taraflardan al\u0131nmaktad\u0131r.<\/p><p><strong>Ki\u015fisel Veri Aktar\u0131m ve Ama\u00e7lar\u0131<\/strong><\/p><p>Ki\u015fisel verileriniz KVKK Md.28\/1 \u00e7er\u00e7evesinde talep edilmesi halinde ayd\u0131nlatma y\u00fck\u00fcml\u00fcl\u00fc\u011f\u00fc olmadan ve a\u00e7\u0131k r\u0131zan\u0131z aranmadan ilgili makamlara aktar\u0131labilir.<\/p><p>\u0130\u015flenen ki\u015fisel veriler; hukuki uyu\u015fmazl\u0131klar\u0131n giderilmesi veya ilgili mevzuat gere\u011fi talep halinde adli makamlar veya ilgili kolluk kuvvetlerine ya da idari makamlara, veri sahibi ile veri sorumlusu aras\u0131nda imzalanan s\u00f6zle\u015fme gereksinimleri gere\u011fi ve sunulan hizmetin tam, do\u011fru, zaman\u0131nda yap\u0131labilmesi s\u00f6zle\u015fme imzalanan yurt i\u00e7in-yurt d\u0131\u015f\u0131 firmalar, sekt\u00f6r birlikleri ve Cynoks \u015firketi i\u015ftirakleri ve ta\u015feronlar\u0131 ile mevzuatlarda \u00f6ng\u00f6r\u00fclen ama\u00e7\u0327 ve s\u0131n\u0131rlamalar dahilinde ve 6698 say\u0131l\u0131 yasan\u0131n 8. ve 9. maddelerinde yer alan y\u00fck\u00fcml\u00fcl\u00fckler kapsam\u0131nda payla\u015f\u0131labilir.<\/p><p><strong>Veri Sorumlusu Hak ve Y\u00fck\u00fcml\u00fcl\u00fckleri<\/strong><\/p><p>Veri sorumlusu olarak, 6698 KVKK ile di\u011fer ilgili kanunlara uygun olarak ki\u015fisel verileri i\u015fleme, ki\u015fisel verilerin hukuka ayk\u0131r\u0131 olarak i\u015flenmesini ve eri\u015filmesini \u00f6nleme, ki\u015fisel verilerin g\u00fcvenli bir \u015fekilde i\u015flenmesi ve muhafazas\u0131 i\u00e7in teknik ve fili imkanlar do\u011frultusunda yeterli g\u00fcvenlik tedbirlerini alma hak ve y\u00fck\u00fcml\u00fcl\u00fckleri bulunmaktad\u0131r.<\/p><p>Ki\u015fisel Verileri gizli tutmay\u0131, gizlili\u011fin sa\u011flanmas\u0131 ve g\u00fcvenli\u011fi i\u00e7in gerekli teknik ve idari her t\u00fcrl\u00fc tedbiri almay\u0131 ve gerekli \u00f6zeni g\u00f6stermeyi taahh\u00fct etmekteyiz. Ki\u015fisel Veriler \u2018in korunmas\u0131 \u015eirketimiz i\u00e7in \u00f6nemli bir konudur. Ki\u015fisel Verilere yetkisiz eri\u015fim veya bu bilgilerin kayb\u0131, hatal\u0131 kullan\u0131m\u0131, if\u015fa edilmesi, de\u011fi\u015ftirilmesi veya imha edilmesine kar\u015f\u0131 korumak i\u00e7in gerekli teknik ve idari her t\u00fcrl\u00fc \u00f6nlemi al\u0131nmaktad\u0131r. Ki\u015fisel Veriler\u2019i i\u015flerken genel kabul g\u00f6rm\u00fc\u015f g\u00fcvenlik teknoloji standartlar\u0131 kullanmaktad\u0131r. Gerekli bilgi g\u00fcvenli\u011fi \u00f6nlemlerini almam\u0131za kar\u015f\u0131n, \u015firketimize ait internet sitesine ve veri i\u015fleme sistemlerimize y\u00f6nelik yap\u0131lan sald\u0131r\u0131lar sonucunda Ki\u015fisel Veriler \u2019in zarar g\u00f6rmesi veya \u00fc\u00e7\u00fcnc\u00fc ki\u015filerin eline ge\u00e7mesi durumunda, bu durumu derhal sizlere ve Ki\u015fisel Verileri Koruma Kurulu\u2019na bildirir ve gerekli \u00f6nlemleri al\u0131r\u0131z.<\/p><p>A\u015fa\u011f\u0131da belirtilen hususlar\u0131n asgari birinin olmas\u0131 durumunda, KVKK madde 5 ve 6 da belirtildi\u011fi \u00fczere,\u00a0<strong>a\u00e7\u0131k r\u0131za al\u0131nmasa dahi<\/strong>\u00a0ki\u015fisel ve \u00f6zel nitelikli ki\u015fisel veriler belirtilen ama\u00e7lar do\u011frultusunda i\u015flenebilecektir.<\/p><ul><li>\u0130lgili kanunlarda a\u00e7\u0131k\u00e7a o\u0308ngo\u0308ru\u0308lmesi.<\/li><li>Bir hakk\u0131n tesisi, kullan\u0131lmas\u0131 veya korunmas\u0131 i\u00e7in veri i\u015flemenin zorunlu olmas\u0131.<\/li><li>Bir s\u00f6zle\u015fmenin kurulmas\u0131 veya ifas\u0131yla do\u011frudan do\u011fruya ilgili olmas\u0131 kayd\u0131yla s\u00f6zle\u015fmenin taraflar\u0131na ait ki\u015fisel verilerin islenmesinin gerekli olmas\u0131.<\/li><li>Veri sorumlusunun hukuki y\u00fck\u00fcml\u00fcl\u00fc\u011f\u00fcn\u00fc yerine getirebilmesi i\u00e7in zorunlu olmas\u0131.<\/li><li>\u0130lgili ki\u015finin (veri sahibi) kendisi taraf\u0131ndan alenile\u015ftirilmi\u015f\u0327 olmas\u0131.<\/li><li>Fiili imk\u00e2ns\u0131zl\u0131k nedeniyle r\u0131zas\u0131n\u0131 a\u00e7\u0131klayamayacak durumda bulunan veya r\u0131zas\u0131na hukuki ge\u00e7erlilik tan\u0131nmayan ki\u015finin kendisinin ya da bir ba\u015fkas\u0131n\u0131n hayat\u0131 veya beden bu\u0308tu\u0308nlu\u0308g\u0306u\u0308nu\u0308n korunmas\u0131 i\u00e7in zorunlu olmas\u0131.<\/li><li>\u0130lgili ki\u015finin temel hak ve \u00f6zg\u00fcrl\u00fcklerine zarar vermemek kayd\u0131yla, veri sorumlusunun me\u015fru menfaatleri i\u00e7in veri i\u015flenmesinin zorunlu olmas\u0131.<\/li><li>Sa\u011fl\u0131k ve cinsel hayata ili\u015fkin veriler d\u0131\u015f\u0131ndaki \u00f6zel nitelikli ki\u015fisel veriler (ki\u015filerin \u0131rk\u0131, etnik k\u00f6keni, siyasi d\u00fc\u015f\u00fcncesi, felsefi inanc\u0131, dini, mezhebi veya di\u011fer inan\u00e7lar\u0131, k\u0131l\u0131k ve k\u0131yafeti, dernek, vak\u0131f ya da sendika \u00fcyeli\u011fi, ceza mahk\u00fbmiyeti ve g\u00fcvenlik tedbirleriyle ilgili verileri ile biyometrik ve genetik verileri) a\u00e7\u0131s\u0131ndan i\u015flemenin kanunlarda \u00f6ng\u00f6r\u00fclmesi.<\/li><li>Sa\u011fl\u0131k ve cinsel hayata ili\u015fkin veriler a\u00e7\u0131s\u0131ndan kamu sa\u011fl\u0131\u011f\u0131n\u0131n korunmas\u0131, koruyucu hekimlik, t\u0131bb\u0131 te\u015fhis, tedavi ve bak\u0131m hizmetlerinin y\u00fcr\u00fct\u00fclmesi, sa\u011fl\u0131k hizmetleri ile finansman\u0131n\u0131n planlanmas\u0131 ve y\u00f6netimi amac\u0131yla, s\u0131r saklama y\u00fck\u00fcml\u00fcl\u00fc\u011f\u00fc alt\u0131nda bulunan ki\u015filer veya yetkili kurum ve kurulu\u015flar taraf\u0131ndan i\u015flenmesi.<\/li><\/ul><p><strong>Veri Sahibi Hak ve Y\u00fck\u00fcml\u00fcl\u00fckleri<\/strong><\/p><p>Veri sahibi 6698 say\u0131l\u0131 kanunun 11. Maddesinde yaz\u0131l\u0131 haklara sahiptir.<\/p><p>a) Ki\u015fisel veri i\u015flenip i\u015flenmedi\u011fini \u00f6\u011frenme,<\/p><p>b) Ki\u015fisel verileri i\u015flenmi\u015fse buna ili\u015fkin bilgi talep etme,<\/p><p>c) Ki\u015fisel verilerin i\u015flenme amac\u0131n\u0131 ve bunlar\u0131n amac\u0131na uygun kullan\u0131l\u0131p kullan\u0131lmad\u0131\u011f\u0131n\u0131 \u00f6\u011frenme,<\/p><p>\u00e7) Yurt i\u00e7inde veya yurt d\u0131\u015f\u0131nda ki\u015fisel verilerin aktar\u0131ld\u0131\u011f\u0131 \u00fc\u00e7\u00fcnc\u00fc ki\u015fileri bilme,<\/p><p>d) Ki\u015fisel verilerin eksik veya yanl\u0131\u015f i\u015flenmi\u015f olmas\u0131 h\u00e2linde bunlar\u0131n d\u00fczeltilmesini isteme,<\/p><p>e) 7 nci maddede \u00f6ng\u00f6r\u00fclen \u015fartlar \u00e7er\u00e7evesinde ki\u015fisel verilerin silinmesini veya yok edilmesini isteme,<\/p><p>f) (d) ve (e) bentleri uyar\u0131nca yap\u0131lan i\u015flemlerin, ki\u015fisel verilerin aktar\u0131ld\u0131\u011f\u0131 \u00fc\u00e7\u00fcnc\u00fc ki\u015filere bildirilmesini isteme,<\/p><p>g) \u0130\u015flenen verilerin m\u00fcnhas\u0131ran otomatik sistemler vas\u0131tas\u0131yla analiz edilmesi suretiyle ki\u015finin kendisi aleyhine bir sonucun ortaya \u00e7\u0131kmas\u0131na itiraz etme,<\/p><p>\u011f) Ki\u015fisel verilerin kanuna ayk\u0131r\u0131 olarak i\u015flenmesi sebebiyle zarara u\u011framas\u0131 h\u00e2linde zarar\u0131n giderilmesini talep etme,<\/p><p><strong>Talep ve Ba\u015fvuru<\/strong><\/p><p>Yukar\u0131da belirtilen t\u00fcm haklar\u0131n\u0131z\u0131 kullanmak i\u00e7in ba\u015fvuru formunu ve kullanmak istedi\u011finiz hakka ili\u015fkin a\u00e7\u0131klamalar\u0131n\u0131z\u0131 i\u00e7eren metni a\u015fa\u011f\u0131daki y\u00f6ntemlerden birini kullanarak veri sorumlusu olarak Cynoks\u2019a,<\/p><ul><li>kvkk@cynoks.com.tr e-posta adresine e-posta ile,<\/li><li>Mustafa Kemal Mah. Dumlup\u0131nar Bul. A Blok No:266 Asma Kat D:18 \u00c7ankaya \/ Ankara adresine \u0131slak imzal\u0131 n\u00fcshas\u0131n\u0131 kimli\u011finizi tespit edici belgeler ile yaz\u0131l\u0131 olarak iletebilirsiniz.<\/li><\/ul><p>Talebiniz bize ula\u015ft\u0131ktan sonra 30 g\u00fcn i\u00e7erisinde sizlere burada belirtilen kanallardan geri d\u00f6n\u00fc\u015f yap\u0131larak bilgilendirme yap\u0131lacakt\u0131r.<\/p><p>Ki\u015fisel Verileri Koruma Kurumu taraf\u0131ndan getirilecek yeni d\u00fczenlemeler kapsam\u0131nda gelecekte vuku bulacak t\u00fcm geli\u015fmelere g\u00f6re ayd\u0131nlatma metnin de de\u011fi\u015fiklik yapma hakk\u0131m\u0131z sakl\u0131d\u0131r.<\/p><p>\u0130\u015fbu metin\u00a0<a href=\"https:\/\/cynoks.com.tr\/\">www.cynoks.com.tr<\/a>\u00a0adresinde yay\u0131nlanmakla 6698 say\u0131l\u0131 Ki\u015fisel Verilerin Korunmas\u0131 Kanunu kapsam\u0131nda taraf\u0131n\u0131za ayd\u0131nlatma y\u00fck\u00fcml\u00fcl\u00fc\u011f\u00fc yerine getirilmi\u015ftir.<\/p>\t\t\t\t\t\t\t\t<\/div>\n\t\t\t\t<\/div>\n\t\t\t\t\t<\/div>\n\t\t<\/div>\n\t\t\t\t\t<\/div>\n\t\t<\/section>\n\t\t\t\t<\/div>","protected":false},"excerpt":{"rendered":"<p>CYNOKS B\u0130L\u0130\u015e\u0130M TEKNOLOJ\u0130LER\u0130 DANI\u015eMANLIK H\u0130ZMETLER\u0130 L\u0130M\u0130TED \u015e\u0130RKET\u0130 KI\u0307S\u0327I\u0307SEL VERI\u0307LERI\u0307N KORUNMASI KANUNU HAKKINDA B\u0130LG\u0130LEND\u0130RME\/AYDINLATMA METNI\u0307 Cynoks Bili\u015fim Teknolojileri Dan\u0131\u015fmanl\u0131k Hizmetleri Limited \u015eirketi (Cynoks) olarak ki\u015fisel verilerinizin g\u00fcvenli\u011fine azami hassasiyet g\u00f6stermekteyiz. Cynoks olarak, ki\u015fisel verilere y\u00f6nelik t\u00fcm i\u015flemleri 6698 say\u0131l\u0131 kanuna uyumlu olarak yapmaktay\u0131z. De\u011ferli site ziyaret\u00e7isi bu kapsamda sizleri 6698 say\u0131l\u0131 Ki\u015fisel Verilerin Korunmas\u0131 Kanunu kapsam\u0131nda [&hellip;]<\/p>","protected":false},"author":1,"featured_media":0,"parent":493,"menu_order":0,"comment_status":"closed","ping_status":"closed","template":"elementor_header_footer","meta":{"om_disable_all_campaigns":false,"inline_featured_image":false,"_monsterinsights_skip_tracking":false,"_monsterinsights_sitenote_active":false,"_monsterinsights_sitenote_note":"","_monsterinsights_sitenote_category":0,"ocean_post_layout":"full-screen","ocean_both_sidebars_style":"","ocean_both_sidebars_content_width":0,"ocean_both_sidebars_sidebars_width":0,"ocean_sidebar":"0","ocean_second_sidebar":"0","ocean_disable_margins":"enable","ocean_add_body_class":"","ocean_shortcode_before_top_bar":"","ocean_shortcode_after_top_bar":"","ocean_shortcode_before_header":"","ocean_shortcode_after_header":"","ocean_has_shortcode":"","ocean_shortcode_after_title":"","ocean_shortcode_before_footer_widgets":"","ocean_shortcode_after_footer_widgets":"","ocean_shortcode_before_footer_bottom":"","ocean_shortcode_after_footer_bottom":"","ocean_display_top_bar":"default","ocean_display_header":"default","ocean_header_style":"","ocean_center_header_left_menu":"0","ocean_custom_header_template":"0","ocean_custom_logo":0,"ocean_custom_retina_logo":0,"ocean_custom_logo_max_width":0,"ocean_custom_logo_tablet_max_width":0,"ocean_custom_logo_mobile_max_width":0,"ocean_custom_logo_max_height":0,"ocean_custom_logo_tablet_max_height":0,"ocean_custom_logo_mobile_max_height":0,"ocean_header_custom_menu":"0","ocean_menu_typo_font_family":"0","ocean_menu_typo_font_subset":"","ocean_menu_typo_font_size":0,"ocean_menu_typo_font_size_tablet":0,"ocean_menu_typo_font_size_mobile":0,"ocean_menu_typo_font_size_unit":"px","ocean_menu_typo_font_weight":"","ocean_menu_typo_font_weight_tablet":"","ocean_menu_typo_font_weight_mobile":"","ocean_menu_typo_transform":"","ocean_menu_typo_transform_tablet":"","ocean_menu_typo_transform_mobile":"","ocean_menu_typo_line_height":0,"ocean_menu_typo_line_height_tablet":0,"ocean_menu_typo_line_height_mobile":0,"ocean_menu_typo_line_height_unit":"","ocean_menu_typo_spacing":0,"ocean_menu_typo_spacing_tablet":0,"ocean_menu_typo_spacing_mobile":0,"ocean_menu_typo_spacing_unit":"","ocean_menu_link_color":"","ocean_menu_link_color_hover":"","ocean_menu_link_color_active":"","ocean_menu_link_background":"","ocean_menu_link_hover_background":"","ocean_menu_link_active_background":"","ocean_menu_social_links_bg":"","ocean_menu_social_hover_links_bg":"","ocean_menu_social_links_color":"","ocean_menu_social_hover_links_color":"","ocean_disable_title":"on","ocean_disable_heading":"default","ocean_post_title":"","ocean_post_subheading":"","ocean_post_title_style":"","ocean_post_title_background_color":"","ocean_post_title_background":0,"ocean_post_title_bg_image_position":"","ocean_post_title_bg_image_attachment":"","ocean_post_title_bg_image_repeat":"","ocean_post_title_bg_image_size":"","ocean_post_title_height":0,"ocean_post_title_bg_overlay":0.5,"ocean_post_title_bg_overlay_color":"","ocean_disable_breadcrumbs":"default","ocean_breadcrumbs_color":"","ocean_breadcrumbs_separator_color":"","ocean_breadcrumbs_links_color":"","ocean_breadcrumbs_links_hover_color":"","ocean_display_footer_widgets":"default","ocean_display_footer_bottom":"default","ocean_custom_footer_template":"0","two_page_speed":[],"footnotes":""},"class_list":["post-598","page","type-page","status-publish","hentry","entry"],"_links":{"self":[{"href":"https:\/\/www.cynoks.com\/en\/wp-json\/wp\/v2\/pages\/598","targetHints":{"allow":["GET"]}}],"collection":[{"href":"https:\/\/www.cynoks.com\/en\/wp-json\/wp\/v2\/pages"}],"about":[{"href":"https:\/\/www.cynoks.com\/en\/wp-json\/wp\/v2\/types\/page"}],"author":[{"embeddable":true,"href":"https:\/\/www.cynoks.com\/en\/wp-json\/wp\/v2\/users\/1"}],"replies":[{"embeddable":true,"href":"https:\/\/www.cynoks.com\/en\/wp-json\/wp\/v2\/comments?post=598"}],"version-history":[{"count":23,"href":"https:\/\/www.cynoks.com\/en\/wp-json\/wp\/v2\/pages\/598\/revisions"}],"predecessor-version":[{"id":1341,"href":"https:\/\/www.cynoks.com\/en\/wp-json\/wp\/v2\/pages\/598\/revisions\/1341"}],"up":[{"embeddable":true,"href":"https:\/\/www.cynoks.com\/en\/wp-json\/wp\/v2\/pages\/493"}],"wp:attachment":[{"href":"https:\/\/www.cynoks.com\/en\/wp-json\/wp\/v2\/media?parent=598"}],"curies":[{"name":"wp","href":"https:\/\/api.w.org\/{rel}","templated":true}]}}