{"id":596,"date":"2021-08-10T15:48:32","date_gmt":"2021-08-10T12:48:32","guid":{"rendered":"https:\/\/cynoks.com\/?page_id=596"},"modified":"2023-02-28T16:01:04","modified_gmt":"2023-02-28T13:01:04","slug":"cerez-politikasi","status":"publish","type":"page","link":"https:\/\/www.cynoks.com\/en\/kurumsal\/cerez-politikasi\/","title":{"rendered":"\u00c7erez Politikas\u0131"},"content":{"rendered":"<div data-elementor-type=\"wp-page\" data-elementor-id=\"596\" class=\"elementor elementor-596\">\n\t\t\t\t\t\t<section class=\"elementor-section elementor-top-section elementor-element elementor-element-92a0fb5 elementor-section-boxed elementor-section-height-default elementor-section-height-default\" data-id=\"92a0fb5\" data-element_type=\"section\">\n\t\t\t\t\t\t<div class=\"elementor-container elementor-column-gap-default\">\n\t\t\t\t\t<div class=\"elementor-column elementor-col-100 elementor-top-column elementor-element elementor-element-67dacc9\" data-id=\"67dacc9\" data-element_type=\"column\">\n\t\t\t<div class=\"elementor-widget-wrap elementor-element-populated\">\n\t\t\t\t\t\t<div class=\"elementor-element elementor-element-ce29ae7 elementor-widget elementor-widget-text-editor\" data-id=\"ce29ae7\" data-element_type=\"widget\" data-widget_type=\"text-editor.default\">\n\t\t\t\t<div class=\"elementor-widget-container\">\n\t\t\t\t\t\t\t\t\t<p><strong>\u00c7EREZ POL\u0130T\u0130KASI<\/strong><\/p><p>CYNOKS Bili\u015fim Teknolojileri Dan\u0131\u015fmanl\u0131k Limited \u015eirketi (\u201c<strong>\u015eirket<\/strong>\u201d) olarak internet sitemiz i\u00e7erisinde yer alan baz\u0131 alanlarda \u00e7erezler kullanmaktay\u0131z. Bu \u00c7erez Politikas\u0131 (\u201c<strong>Politika<\/strong>\u201d) \u015eirket taraf\u0131ndan y\u00f6netilen internet sitesi i\u00e7in ge\u00e7erli olup, \u00e7erezler, bu siteyi ziyaretiniz s\u0131ras\u0131nda i\u015fbu Politika\u2019da a\u00e7\u0131klanan \u015fekilde kullan\u0131lacakt\u0131r.<\/p><p><strong>\u00c7erez Nedir?<\/strong><\/p><p>\u00c7erezler bir internet sitesi taraf\u0131ndan cihaz\u0131n\u0131zda olu\u015fturulan ve isim-de\u011fer format\u0131nda veri bar\u0131nd\u0131ran k\u00fc\u00e7\u00fck metin dosyalar\u0131d\u0131r. \u00c7erezler, ziyaret etti\u011finiz internet sitesinin cihaz\u0131n\u0131zda bilgi saklamas\u0131n\u0131 ve bu bilgileri sonraki ziyaretleriniz s\u0131ras\u0131nda kullanmas\u0131n\u0131 m\u00fcmk\u00fcn k\u0131lmaktad\u0131r. Bir internet sitesi taraf\u0131ndan olu\u015fturulan \u00e7erezler siteye eri\u015fim i\u00e7in kulland\u0131\u011f\u0131n\u0131z internet taray\u0131c\u0131s\u0131 taraf\u0131ndan saklanmakta olup, bu \u00e7erezlerin i\u00e7erdi\u011fi bilgilere sadece \u00e7erezi olu\u015fturan alan ad\u0131\u00a0<em>(\u00f6rn. www.cynoks.com)<\/em>\u00a0alt\u0131nda sunulan internet siteleri taraf\u0131ndan ve ayn\u0131 taray\u0131c\u0131y\u0131 kulland\u0131\u011f\u0131n\u0131z takdirde uzaktan eri\u015fim m\u00fcmk\u00fcnd\u00fcr.<\/p><p>\u00c7erezler, g\u00fcn\u00fcm\u00fczde, internet teknolojilerinin \u00f6nemli bir par\u00e7as\u0131 haline gelmi\u015ftir ve temel i\u015flevleri ziyaret\u00e7inin ve tercihlerinin hat\u0131rlanmas\u0131 ve cihaz\u0131n tan\u0131nmas\u0131d\u0131r; neredeyse her internet sitesinde \u00e7erez kullan\u0131m\u0131 s\u00f6z konusudur.<\/p><p><strong>\u00c7erezleri Kim, Nas\u0131l G\u00f6nderir?<\/strong><\/p><p>\u00c7erezler, gezintiniz s\u0131ras\u0131nda cihaz\u0131n\u0131zda bulunan taray\u0131c\u0131 (Google Chrome, Safari vb. gibi) ile \u015eirket sunucular\u0131 aras\u0131nda kurulan ileti\u015fim vas\u0131tas\u0131yla g\u00f6nderilmektedir.<\/p><p><strong>\u00c7erez \u00c7e\u015fitleri Nelerdir?<\/strong><\/p><table width=\"600\"><tbody><tr><td width=\"147\"><strong>\u00c7erez T\u00fcr\u00fc<\/strong><\/td><td width=\"453\"><strong>A\u00e7\u0131klama<\/strong><\/td><\/tr><tr><td width=\"147\"><em>Oturum \u00c7erezleri<\/em><\/td><td width=\"453\">Oturum \u00e7erezleri, internet sitesini kullan\u0131m\u0131n\u0131z s\u0131ras\u0131nda ge\u00e7erli olan \u00e7erezler olup internet taray\u0131c\u0131s\u0131 kapat\u0131l\u0131ncaya kadar ge\u00e7erliliklerini korurlar.<\/td><\/tr><tr><td width=\"147\"><em>Kal\u0131c\u0131 \u00c7erezler<\/em><\/td><td width=\"453\">Bu \u00e7erezler taray\u0131c\u0131n\u0131zda saklanan ve taraf\u0131n\u0131zca silininceye dek veya son kullan\u0131m tarihine kadar ge\u00e7erlili\u011fini koruyan \u00e7erezlerdir.<\/td><\/tr><tr><td width=\"147\"><em>Birinci Taraf \u00c7erezleri<\/em><\/td><td width=\"453\">\u015eirket internet sitesi taraf\u0131ndan olu\u015fturulan ve sadece bu internet sitesi taraf\u0131ndan okunabilen \u00e7erezlerdir. Bu \u00e7erezler oturum \u00e7erezleri veya kal\u0131c\u0131 \u00e7erezler olabilirler.<\/td><\/tr><tr><td width=\"147\"><em>\u00dc\u00e7\u00fcnc\u00fc Taraf \u00c7erezleri<\/em><\/td><td width=\"453\">\u015eirket internet sitesinde sunulan bir i\u00e7eri\u011fin \u015eirket\u2019e ait internet adresi d\u0131\u015f\u0131nda ba\u015fka alan adlar\u0131 \u00fczerinden de sa\u011flanmas\u0131 halinde, (\u00f6rne\u011fin, bir video platformunda bar\u0131nd\u0131r\u0131lan i\u00e7eri\u011fin internet sitesi \u00fczerinden g\u00f6r\u00fcnt\u00fclenmesi); her bir \u00fc\u00e7\u00fcnc\u00fc taraf alan ad\u0131n\u0131n kendine m\u00fcnhas\u0131r yaratt\u0131\u011f\u0131 \u00e7erezlerdir. Bu t\u00fcr \u00e7erezler genel olarak kal\u0131c\u0131 \u00e7erezlerden olu\u015fmaktad\u0131r.<\/td><\/tr><\/tbody><\/table><p><strong>\u00c7erezler Hangi Ama\u00e7la Kullan\u0131lmaktad\u0131r?<\/strong><\/p><p><strong>Kullan\u0131lmas\u0131 Zorunlu Olan \u00c7erezler:\u00a0<\/strong>Bu \u00e7erezler, \u0130nternet sitesinin d\u00fczg\u00fcn bir \u015fekilde \u00e7al\u0131\u015fabilmesi, sitenin \u00f6zelliklerinden ve sunulan hizmetlerden yararlanabilmeniz i\u00e7in kullan\u0131m\u0131 mecburi olan \u00e7erezlerdir. Bu \u00e7erezler vas\u0131tas\u0131yla ki\u015fisel veriler saklanmamaktad\u0131r.<\/p><p><strong>Performans \u00c7erezleri:\u00a0<\/strong>Bu \u00e7erezler, internet sitemizin performans\u0131n\u0131 \u00f6l\u00e7mek ve iyile\u015ftirmek i\u00e7in ziyaretleri ve trafik kaynaklar\u0131n\u0131 tespit etmemize olanak sa\u011flar. \u0130nternet sitemiz i\u00e7erisinde yer alan sayfalar\u0131n ziyaret\u00e7i say\u0131lar\u0131na ula\u015fmam\u0131za ve ziyaret\u00e7ilerimizin internet sitemizin i\u00e7erisinde hangi sayfalarda zaman ge\u00e7irdiklerini g\u00f6rmemize yard\u0131mc\u0131 olurlar. \u0130lgili \u00e7erezlerin toplad\u0131\u011f\u0131 t\u00fcm bilgiler, toplu olarak\/birlikte de\u011ferlendirildi\u011finden ki\u015fisel bilgiler i\u00e7ermez, anonimdir. Bu \u00e7erezler vas\u0131tas\u0131yla tamamen internet sitemizin daha verimli hale getirilmesi sa\u011flanmaya \u00e7al\u0131\u015f\u0131lmaktad\u0131r.<\/p><p><strong>\u0130\u015flevsellik \u00c7erezleri:\u00a0<\/strong>Bu \u00e7erezler, ziyaret\u00e7ilerimizin internet sitemiz \u00fczerinde dil veya b\u00f6lge se\u00e7iminin hat\u0131rlanmas\u0131 gibi geli\u015fmi\u015f i\u015flevsellik ve ki\u015fiselle\u015ftirme imkanlar\u0131 sa\u011flamak amac\u0131yla kullan\u0131lmaktad\u0131r. \u0130lgili \u00e7erezlerin kullan\u0131m\u0131na izin vermemeniz halinde, internet sitemiz nezdindeki ki\u015fiselle\u015ftirilmi\u015f ayarlar\u0131n\u0131z\u0131n kaydedilmesi m\u00fcmk\u00fcn olmayacakt\u0131r.<\/p><p><strong>Hedefleme \u00c7erezleri:\u00a0<\/strong>Bu \u00e7erezler, internet sitemizi ve \u00fc\u00e7\u00fcnc\u00fc taraflara ait alan adlar\u0131n\u0131 ziyaretiniz s\u0131ras\u0131nda olu\u015fturulan birincil ve \u00fc\u00e7\u00fcnc\u00fc taraf \u00e7erezlerdir. Bu \u00e7erezler olu\u015fturulduklar\u0131 alan adlar\u0131ndaki t\u0131klama ve ziyaret ge\u00e7mi\u015finizin takibini ve farkl\u0131 alan adlar\u0131 aras\u0131nda bu kay\u0131tlar\u0131n e\u015flenmesini m\u00fcmk\u00fcn k\u0131lmaktad\u0131r. Bu t\u00fcr \u00e7erezler kullan\u0131c\u0131lar\u0131n tan\u0131nmas\u0131 ve profillenmesi, reklam ve pazarlama faaliyetlerinin hedeflenmesi, ve i\u00e7eri\u011fin \u00f6zelle\u015ftirilmesi amac\u0131 ile kullan\u0131lmaktad\u0131r.<\/p><p><strong>\u0130nternet Sitemizde Kullan\u0131lan \u00c7erezlere \u0130li\u015fkin Bilgiler<\/strong><\/p><table width=\"602\"><tbody><tr><td width=\"152\"><strong>\u00c7erez \u0130smi<\/strong><\/td><td width=\"185\"><strong>\u00c7erez Tan\u0131m\u0131<\/strong><\/td><td width=\"141\"><strong>\u00c7erez Tipi<\/strong><\/td><td width=\"124\"><strong>\u00c7erez S\u00fcresi<\/strong><\/td><\/tr><tr><td width=\"152\">_ga<\/td><td width=\"185\">Kullan\u0131c\u0131lar\u0131n site \u00fczerinde ge\u00e7irdi\u011fi vakit, nereden geldi\u011fi, ziyaret say\u0131s\u0131 ve zaman\u0131n\u0131 tan\u0131mak i\u00e7in olu\u015fturulan Google Analytics \u00e7erezidir.<\/td><td width=\"141\">Performans \u00c7erezi<\/td><td width=\"124\">2 y\u0131l<\/td><\/tr><tr><td width=\"152\">_gat<\/td><td width=\"185\">Herhangi bir bilgi tutmaz, baz\u0131 sitelerden gelen yo\u011fun t\u0131klanma taleplerini filtrelemek i\u00e7in olu\u015fturulan Google Analytics \u00e7erezidir.<\/td><td width=\"141\">Performans \u00c7erezi<\/td><td width=\"124\">1 dakika<\/td><\/tr><tr><td width=\"152\">_gid<\/td><td width=\"185\">Kullan\u0131c\u0131lar\u0131 birbirinden ay\u0131rmak i\u00e7in olu\u015fturulan Google Analytics \u00e7erezidir.<\/td><td width=\"141\">Performans \u00c7erezi<\/td><td width=\"124\">24 saat<\/td><\/tr><\/tbody><\/table><p>\u00c7erezler bu Politika\u2019da belirtilen ama\u00e7lar d\u0131\u015f\u0131nda kullan\u0131lmamakta olup t\u00fcm ilgili i\u015flemler veri koruma mevzuat\u0131na uygun olarak y\u00fcr\u00fct\u00fclmektedir. Ki\u015fisel verilerinizin taraf\u0131m\u0131zca i\u015flenmesi hakk\u0131nda daha detayl\u0131 bilgi i\u00e7in l\u00fctfen\u00a0<em>Ki\u015fisel Verilerin Korunmas\u0131 ve \u0130\u015flenmesi Politikam\u0131z\u0131\u00a0<\/em>okuyunuz.<\/p><p><strong>\u00c7erezlerin Y\u00f6netimi<\/strong><\/p><p>Taray\u0131c\u0131lar genellikle \u00e7erezleri otomatik olarak kabul etmektedir. \u0130nternet sitemizi kullanabilmek i\u00e7in \u00e7erez kullan\u0131m\u0131 zorunlu de\u011fildir, fakat taray\u0131c\u0131n\u0131z\u0131 \u00e7erezleri kabul etmemeye ayarlaman\u0131z halinde kullan\u0131c\u0131 deneyiminizin kalitesi d\u00fc\u015febilir ve sitelerimizin \u00e7e\u015fitli i\u015flevleri bozulabilir.<\/p><p>Taray\u0131c\u0131n\u0131z\u0131; \u00e7erezleri t\u00fcm siteler veya belirli siteler i\u00e7in engelleyecek \u015fekilde, \u00e7erez olu\u015fturuldu\u011funda uyar\u0131 verecek \u015fekilde, \u00fc\u00e7\u00fcnc\u00fc taraf \u00e7erezleri engelleyecek \u015fekilde veya t\u00fcm \u00e7erezleri oturum \u00e7erezi gibi sayacak \u015fekilde yap\u0131land\u0131rabilirsiniz. Ek olarak, taray\u0131c\u0131n\u0131z \u00fczerinden \u00e7erezleri silebilir veya taray\u0131c\u0131n\u0131zda saklanan \u00e7erezlerin listesini ve de\u011ferlerini g\u00f6rebilirsiniz. Taray\u0131c\u0131n\u0131z\u0131n \u00e7erez y\u00f6netimi i\u015flevleri hakk\u0131nda detayl\u0131 bilgi i\u00e7in l\u00fctfen a\u015fa\u011f\u0131daki ilgili linke t\u0131klayarak taray\u0131c\u0131n\u0131z\u0131n web sitesinden bilgi al\u0131n\u0131z.<\/p><p>\u00c7erezler ile ilgili daha detayl\u0131 bilgi almak isteyen ziyaret\u00e7ilerimizin\u00a0<a href=\"https:\/\/www.aboutcookies.org\/\">https:\/\/www.aboutcookies.org<\/a>\u00a0(\u0130ngilizce) adresini ziyaret etmeleri \u00f6nerilir.<\/p><p>\u00a0<\/p>\t\t\t\t\t\t\t\t<\/div>\n\t\t\t\t<\/div>\n\t\t\t\t\t<\/div>\n\t\t<\/div>\n\t\t\t\t\t<\/div>\n\t\t<\/section>\n\t\t\t\t<\/div>","protected":false},"excerpt":{"rendered":"<p>\u00c7EREZ POL\u0130T\u0130KASI CYNOKS Bili\u015fim Teknolojileri Dan\u0131\u015fmanl\u0131k Limited \u015eirketi (\u201c\u015eirket\u201d) olarak internet sitemiz i\u00e7erisinde yer alan baz\u0131 alanlarda \u00e7erezler kullanmaktay\u0131z. Bu \u00c7erez Politikas\u0131 (\u201cPolitika\u201d) \u015eirket taraf\u0131ndan y\u00f6netilen internet sitesi i\u00e7in ge\u00e7erli olup, \u00e7erezler, bu siteyi ziyaretiniz s\u0131ras\u0131nda i\u015fbu Politika\u2019da a\u00e7\u0131klanan \u015fekilde kullan\u0131lacakt\u0131r. \u00c7erez Nedir? \u00c7erezler bir internet sitesi taraf\u0131ndan cihaz\u0131n\u0131zda olu\u015fturulan ve isim-de\u011fer format\u0131nda veri bar\u0131nd\u0131ran [&hellip;]<\/p>","protected":false},"author":1,"featured_media":0,"parent":493,"menu_order":0,"comment_status":"closed","ping_status":"closed","template":"elementor_header_footer","meta":{"om_disable_all_campaigns":false,"inline_featured_image":false,"_monsterinsights_skip_tracking":false,"_monsterinsights_sitenote_active":false,"_monsterinsights_sitenote_note":"","_monsterinsights_sitenote_category":0,"ocean_post_layout":"full-screen","ocean_both_sidebars_style":"","ocean_both_sidebars_content_width":0,"ocean_both_sidebars_sidebars_width":0,"ocean_sidebar":"0","ocean_second_sidebar":"0","ocean_disable_margins":"enable","ocean_add_body_class":"","ocean_shortcode_before_top_bar":"","ocean_shortcode_after_top_bar":"","ocean_shortcode_before_header":"","ocean_shortcode_after_header":"","ocean_has_shortcode":"","ocean_shortcode_after_title":"","ocean_shortcode_before_footer_widgets":"","ocean_shortcode_after_footer_widgets":"","ocean_shortcode_before_footer_bottom":"","ocean_shortcode_after_footer_bottom":"","ocean_display_top_bar":"default","ocean_display_header":"default","ocean_header_style":"","ocean_center_header_left_menu":"0","ocean_custom_header_template":"0","ocean_custom_logo":0,"ocean_custom_retina_logo":0,"ocean_custom_logo_max_width":0,"ocean_custom_logo_tablet_max_width":0,"ocean_custom_logo_mobile_max_width":0,"ocean_custom_logo_max_height":0,"ocean_custom_logo_tablet_max_height":0,"ocean_custom_logo_mobile_max_height":0,"ocean_header_custom_menu":"0","ocean_menu_typo_font_family":"0","ocean_menu_typo_font_subset":"","ocean_menu_typo_font_size":0,"ocean_menu_typo_font_size_tablet":0,"ocean_menu_typo_font_size_mobile":0,"ocean_menu_typo_font_size_unit":"px","ocean_menu_typo_font_weight":"","ocean_menu_typo_font_weight_tablet":"","ocean_menu_typo_font_weight_mobile":"","ocean_menu_typo_transform":"","ocean_menu_typo_transform_tablet":"","ocean_menu_typo_transform_mobile":"","ocean_menu_typo_line_height":0,"ocean_menu_typo_line_height_tablet":0,"ocean_menu_typo_line_height_mobile":0,"ocean_menu_typo_line_height_unit":"","ocean_menu_typo_spacing":0,"ocean_menu_typo_spacing_tablet":0,"ocean_menu_typo_spacing_mobile":0,"ocean_menu_typo_spacing_unit":"","ocean_menu_link_color":"","ocean_menu_link_color_hover":"","ocean_menu_link_color_active":"","ocean_menu_link_background":"","ocean_menu_link_hover_background":"","ocean_menu_link_active_background":"","ocean_menu_social_links_bg":"","ocean_menu_social_hover_links_bg":"","ocean_menu_social_links_color":"","ocean_menu_social_hover_links_color":"","ocean_disable_title":"on","ocean_disable_heading":"default","ocean_post_title":"","ocean_post_subheading":"","ocean_post_title_style":"","ocean_post_title_background_color":"","ocean_post_title_background":0,"ocean_post_title_bg_image_position":"","ocean_post_title_bg_image_attachment":"","ocean_post_title_bg_image_repeat":"","ocean_post_title_bg_image_size":"","ocean_post_title_height":0,"ocean_post_title_bg_overlay":0.5,"ocean_post_title_bg_overlay_color":"","ocean_disable_breadcrumbs":"default","ocean_breadcrumbs_color":"","ocean_breadcrumbs_separator_color":"","ocean_breadcrumbs_links_color":"","ocean_breadcrumbs_links_hover_color":"","ocean_display_footer_widgets":"default","ocean_display_footer_bottom":"default","ocean_custom_footer_template":"0","two_page_speed":[],"footnotes":""},"class_list":["post-596","page","type-page","status-publish","hentry","entry"],"_links":{"self":[{"href":"https:\/\/www.cynoks.com\/en\/wp-json\/wp\/v2\/pages\/596","targetHints":{"allow":["GET"]}}],"collection":[{"href":"https:\/\/www.cynoks.com\/en\/wp-json\/wp\/v2\/pages"}],"about":[{"href":"https:\/\/www.cynoks.com\/en\/wp-json\/wp\/v2\/types\/page"}],"author":[{"embeddable":true,"href":"https:\/\/www.cynoks.com\/en\/wp-json\/wp\/v2\/users\/1"}],"replies":[{"embeddable":true,"href":"https:\/\/www.cynoks.com\/en\/wp-json\/wp\/v2\/comments?post=596"}],"version-history":[{"count":11,"href":"https:\/\/www.cynoks.com\/en\/wp-json\/wp\/v2\/pages\/596\/revisions"}],"predecessor-version":[{"id":1344,"href":"https:\/\/www.cynoks.com\/en\/wp-json\/wp\/v2\/pages\/596\/revisions\/1344"}],"up":[{"embeddable":true,"href":"https:\/\/www.cynoks.com\/en\/wp-json\/wp\/v2\/pages\/493"}],"wp:attachment":[{"href":"https:\/\/www.cynoks.com\/en\/wp-json\/wp\/v2\/media?parent=596"}],"curies":[{"name":"wp","href":"https:\/\/api.w.org\/{rel}","templated":true}]}}