{"id":587,"date":"2021-08-10T15:44:16","date_gmt":"2021-08-10T12:44:16","guid":{"rendered":"https:\/\/cynoks.com\/?page_id=587"},"modified":"2025-12-01T17:26:35","modified_gmt":"2025-12-01T14:26:35","slug":"insan-risk-yonetimi","status":"publish","type":"page","link":"https:\/\/www.cynoks.com\/en\/cozumler\/insan-risk-yonetimi\/","title":{"rendered":"\u0130nsan Risk Y\u00f6netimi"},"content":{"rendered":"<div data-elementor-type=\"wp-page\" data-elementor-id=\"587\" class=\"elementor elementor-587\">\n\t\t\t\t\t\t<section class=\"elementor-section elementor-top-section elementor-element elementor-element-163f9443 elementor-section-height-min-height elementor-section-content-middle elementor-section-boxed elementor-section-height-default elementor-section-items-middle\" data-id=\"163f9443\" data-element_type=\"section\" data-settings=\"{&quot;background_background&quot;:&quot;classic&quot;}\">\n\t\t\t\t\t\t\t<div class=\"elementor-background-overlay\"><\/div>\n\t\t\t\t\t\t\t<div class=\"elementor-container elementor-column-gap-no\">\n\t\t\t\t\t<div class=\"elementor-column elementor-col-100 elementor-top-column elementor-element elementor-element-3a9907dd\" data-id=\"3a9907dd\" data-element_type=\"column\">\n\t\t\t<div class=\"elementor-widget-wrap elementor-element-populated\">\n\t\t\t\t\t\t<div class=\"elementor-element elementor-element-3ee923d3 elementor-invisible elementor-widget elementor-widget-heading\" data-id=\"3ee923d3\" data-element_type=\"widget\" data-settings=\"{&quot;_animation&quot;:&quot;fadeInDown&quot;}\" data-widget_type=\"heading.default\">\n\t\t\t\t<div class=\"elementor-widget-container\">\n\t\t\t\t\t<h1 class=\"elementor-heading-title elementor-size-default\">\u0130nsan Risk Y\u00f6netimi \u00c7\u00f6z\u00fcmleri<\/h1>\t\t\t\t<\/div>\n\t\t\t\t<\/div>\n\t\t\t\t<div class=\"elementor-element elementor-element-df30b51 elementor-widget elementor-widget-heading\" data-id=\"df30b51\" data-element_type=\"widget\" data-widget_type=\"heading.default\">\n\t\t\t\t<div class=\"elementor-widget-container\">\n\t\t\t\t\t<h2 class=\"elementor-heading-title elementor-size-default\">\u0130nsan Risk Y\u00f6netimi \u00c7\u00f6z\u00fcmleri: Siber G\u00fcvenli\u011fin En Zay\u0131f Halkas\u0131n\u0131 G\u00fc\u00e7lendirin<\/h2>\t\t\t\t<\/div>\n\t\t\t\t<\/div>\n\t\t\t\t\t<\/div>\n\t\t<\/div>\n\t\t\t\t\t<\/div>\n\t\t<\/section>\n\t\t\t\t<section class=\"elementor-section elementor-top-section elementor-element elementor-element-800c361 elementor-section-boxed elementor-section-height-default elementor-section-height-default\" data-id=\"800c361\" data-element_type=\"section\">\n\t\t\t\t\t\t<div class=\"elementor-container elementor-column-gap-default\">\n\t\t\t\t\t<div class=\"elementor-column elementor-col-100 elementor-top-column elementor-element elementor-element-0250060 elementor-invisible\" data-id=\"0250060\" data-element_type=\"column\" data-settings=\"{&quot;animation&quot;:&quot;fadeIn&quot;}\">\n\t\t\t<div class=\"elementor-widget-wrap elementor-element-populated\">\n\t\t\t\t\t\t<div class=\"elementor-element elementor-element-c11cb24 elementor-widget elementor-widget-heading\" data-id=\"c11cb24\" data-element_type=\"widget\" data-widget_type=\"heading.default\">\n\t\t\t\t<div class=\"elementor-widget-container\">\n\t\t\t\t\t<h2 class=\"elementor-heading-title elementor-size-default\">Siber G\u00fcvenli\u011fin Yeni Odak Noktas\u0131: \u0130nsan Risk Y\u00f6netimi \u00c7\u00f6z\u00fcmleri<\/h2>\t\t\t\t<\/div>\n\t\t\t\t<\/div>\n\t\t\t\t<div class=\"elementor-element elementor-element-c644714 elementor-widget elementor-widget-text-editor\" data-id=\"c644714\" data-element_type=\"widget\" data-widget_type=\"text-editor.default\">\n\t\t\t\t<div class=\"elementor-widget-container\">\n\t\t\t\t\t\t\t\t\t<p>Dijital d\u00fcnyada siber g\u00fcvenlik tehditleri geli\u015fmeye devam ederken, kurulu\u015flar\u0131n kar\u015f\u0131la\u015ft\u0131\u011f\u0131 en kritik ve \u00f6ng\u00f6r\u00fclemez risk fakt\u00f6r\u00fc <strong>insan<\/strong> olmaya devam ediyor. En geli\u015fmi\u015f teknolojik savunmalar bile, tek bir \u00e7al\u0131\u015fan\u0131n yanl\u0131\u015f karar\u0131 veya dikkatsizli\u011fi sonucu a\u015f\u0131labilir. \u0130nsan Risk Y\u00f6netimi (HRM) \u00c7\u00f6z\u00fcmleri, g\u00fcvenlik stratejinizin bu zay\u0131f halkas\u0131n\u0131 g\u00fc\u00e7lendirerek, siber g\u00fcvenlik duru\u015funuzu temelden iyile\u015ftirmenizi sa\u011flar<\/p>\t\t\t\t\t\t\t\t<\/div>\n\t\t\t\t<\/div>\n\t\t\t\t\t<\/div>\n\t\t<\/div>\n\t\t\t\t\t<\/div>\n\t\t<\/section>\n\t\t\t\t<section class=\"elementor-section elementor-top-section elementor-element elementor-element-9cfd492 elementor-section-boxed elementor-section-height-default elementor-section-height-default\" data-id=\"9cfd492\" data-element_type=\"section\" data-settings=\"{&quot;background_background&quot;:&quot;classic&quot;}\">\n\t\t\t\t\t\t<div class=\"elementor-container elementor-column-gap-default\">\n\t\t\t\t\t<div class=\"elementor-column elementor-col-100 elementor-top-column elementor-element elementor-element-e90107e\" data-id=\"e90107e\" data-element_type=\"column\">\n\t\t\t<div class=\"elementor-widget-wrap elementor-element-populated\">\n\t\t\t\t\t\t<div class=\"elementor-element elementor-element-4dbe542 elementor-widget elementor-widget-heading\" data-id=\"4dbe542\" data-element_type=\"widget\" data-widget_type=\"heading.default\">\n\t\t\t\t<div class=\"elementor-widget-container\">\n\t\t\t\t\t<h2 class=\"elementor-heading-title elementor-size-default\">\u0130nsan Riski: Tan\u0131m ve Stratejik \u00d6nemi<\/h2>\t\t\t\t<\/div>\n\t\t\t\t<\/div>\n\t\t\t\t<div class=\"elementor-element elementor-element-8018d1e elementor-widget elementor-widget-text-editor\" data-id=\"8018d1e\" data-element_type=\"widget\" data-widget_type=\"text-editor.default\">\n\t\t\t\t<div class=\"elementor-widget-container\">\n\t\t\t\t\t\t\t\t\t<p>\u0130nsan riski, \u00e7al\u0131\u015fanlar\u0131n kas\u0131tl\u0131 veya kas\u0131ts\u0131z eylemleri sonucu ortaya \u00e7\u0131kan ve veri ihlali, mali kay\u0131p veya itibar hasar\u0131 gibi ciddi sonu\u00e7lar do\u011furma potansiyeli ta\u015f\u0131yan tehditlerin b\u00fct\u00fcn\u00fcd\u00fcr. Oltalama (phishing) e-postas\u0131na t\u0131klamak, g\u00fc\u00e7l\u00fc parola kullanmamak veya hassas verileri g\u00fcvensiz kanallardan payla\u015fmak bu riskin ba\u015fl\u0131ca \u00f6rnekleridir.<\/p><p>Siber sald\u0131r\u0131lar\u0131n b\u00fcy\u00fck bir y\u00fczdesinin insan hatas\u0131yla ba\u015flad\u0131\u011f\u0131 bir ortamda, insan riskini etkili bir \u015fekilde y\u00f6netmek, her kurulu\u015fun <strong>siber g\u00fcvenlik \u00e7\u00f6z\u00fcmleri<\/strong> listesinde en \u00fcst s\u0131rada yer almal\u0131d\u0131r.<\/p>\t\t\t\t\t\t\t\t<\/div>\n\t\t\t\t<\/div>\n\t\t\t\t\t<\/div>\n\t\t<\/div>\n\t\t\t\t\t<\/div>\n\t\t<\/section>\n\t\t\t\t<section class=\"elementor-section elementor-top-section elementor-element elementor-element-dd1b01b elementor-section-boxed elementor-section-height-default elementor-section-height-default\" data-id=\"dd1b01b\" data-element_type=\"section\">\n\t\t\t\t\t\t<div class=\"elementor-container elementor-column-gap-default\">\n\t\t\t\t\t<div class=\"elementor-column elementor-col-100 elementor-top-column elementor-element elementor-element-0524f52\" data-id=\"0524f52\" data-element_type=\"column\">\n\t\t\t<div class=\"elementor-widget-wrap elementor-element-populated\">\n\t\t\t\t\t\t<div class=\"elementor-element elementor-element-ef6a1a5 elementor-widget elementor-widget-heading\" data-id=\"ef6a1a5\" data-element_type=\"widget\" data-widget_type=\"heading.default\">\n\t\t\t\t<div class=\"elementor-widget-container\">\n\t\t\t\t\t<h2 class=\"elementor-heading-title elementor-size-default\">Kapsaml\u0131 HRM \u00c7\u00f6z\u00fcm\u00fcn\u00fcn Temel Bile\u015fenleri<\/h2>\t\t\t\t<\/div>\n\t\t\t\t<\/div>\n\t\t\t\t<div class=\"elementor-element elementor-element-a681d94 elementor-widget elementor-widget-text-editor\" data-id=\"a681d94\" data-element_type=\"widget\" data-widget_type=\"text-editor.default\">\n\t\t\t\t<div class=\"elementor-widget-container\">\n\t\t\t\t\t\t\t\t\tEtkili bir \u0130nsan Risk Y\u00f6netimi program\u0131, insan davran\u0131\u015f\u0131n\u0131 de\u011fi\u015ftirmeyi, riskleri \u00f6l\u00e7meyi ve s\u00fcrekli iyile\u015ftirmeyi hedefleyen \u00fc\u00e7 ana s\u00fctun \u00fczerine in\u015fa edilir:\t\t\t\t\t\t\t\t<\/div>\n\t\t\t\t<\/div>\n\t\t\t\t<section class=\"elementor-section elementor-inner-section elementor-element elementor-element-8b9ef00 elementor-section-boxed elementor-section-height-default elementor-section-height-default\" data-id=\"8b9ef00\" data-element_type=\"section\">\n\t\t\t\t\t\t<div class=\"elementor-container elementor-column-gap-default\">\n\t\t\t\t\t<div class=\"elementor-column elementor-col-33 elementor-inner-column elementor-element elementor-element-5a9b66c\" data-id=\"5a9b66c\" data-element_type=\"column\">\n\t\t\t<div class=\"elementor-widget-wrap elementor-element-populated\">\n\t\t\t\t\t\t<div class=\"elementor-element elementor-element-7aa9935 elementor-widget elementor-widget-heading\" data-id=\"7aa9935\" data-element_type=\"widget\" data-widget_type=\"heading.default\">\n\t\t\t\t<div class=\"elementor-widget-container\">\n\t\t\t\t\t<h2 class=\"elementor-heading-title elementor-size-default\">S\u00fcrekli G\u00fcvenlik Fark\u0131ndal\u0131\u011f\u0131 E\u011fitimi<\/h2>\t\t\t\t<\/div>\n\t\t\t\t<\/div>\n\t\t\t\t<div class=\"elementor-element elementor-element-ea25513 elementor-widget elementor-widget-text-editor\" data-id=\"ea25513\" data-element_type=\"widget\" data-widget_type=\"text-editor.default\">\n\t\t\t\t<div class=\"elementor-widget-container\">\n\t\t\t\t\t\t\t\t\tG\u00fcvenlik fark\u0131ndal\u0131\u011f\u0131 bir kerelik bir olay de\u011fil, dinamik ve s\u00fcrekli bir k\u00fclt\u00fcr in\u015fa s\u00fcrecidir. \u00c7\u00f6z\u00fcmlerimiz; interaktif mod\u00fcller, oyunla\u015ft\u0131rma ve g\u00fcncel tehdit senaryolar\u0131na dayanan e\u011fitim i\u00e7erikleri sunar. Ama\u00e7, \u00e7al\u0131\u015fanlar\u0131n pasif birer izleyici de\u011fil, kurumun aktif birer g\u00fcvenlik savunucusu olmas\u0131n\u0131 sa\u011flamakt\u0131r.\t\t\t\t\t\t\t\t<\/div>\n\t\t\t\t<\/div>\n\t\t\t\t\t<\/div>\n\t\t<\/div>\n\t\t\t\t<div class=\"elementor-column elementor-col-33 elementor-inner-column elementor-element elementor-element-59d90e2\" data-id=\"59d90e2\" data-element_type=\"column\">\n\t\t\t<div class=\"elementor-widget-wrap elementor-element-populated\">\n\t\t\t\t\t\t<div class=\"elementor-element elementor-element-4a68370 elementor-widget elementor-widget-heading\" data-id=\"4a68370\" data-element_type=\"widget\" data-widget_type=\"heading.default\">\n\t\t\t\t<div class=\"elementor-widget-container\">\n\t\t\t\t\t<h2 class=\"elementor-heading-title elementor-size-default\">Ger\u00e7ek\u00e7i Sim\u00fclasyonlar ve Nicel Risk Skorlama<\/h2>\t\t\t\t<\/div>\n\t\t\t\t<\/div>\n\t\t\t\t<div class=\"elementor-element elementor-element-5b08009 elementor-widget elementor-widget-text-editor\" data-id=\"5b08009\" data-element_type=\"widget\" data-widget_type=\"text-editor.default\">\n\t\t\t\t<div class=\"elementor-widget-container\">\n\t\t\t\t\t\t\t\t\t<p>Davran\u0131\u015f de\u011fi\u015fikli\u011finin en etkili yolu pratik yapmakt\u0131r. Bu nedenle, \u00e7al\u0131\u015fanlar\u0131n ger\u00e7ek d\u00fcnyadaki tehditlere kar\u015f\u0131 tepkilerini \u00f6l\u00e7mek i\u00e7in d\u00fczenli olarak sim\u00fclasyonlar yap\u0131l\u0131r:<\/p><ul><li><strong>Oltalama (Phishing) Sim\u00fclasyonlar\u0131:<\/strong> \u00c7al\u0131\u015fanlar\u0131n riskli e-postalara kar\u015f\u0131 uyan\u0131kl\u0131k seviyeleri \u00f6l\u00e7\u00fcl\u00fcr.<\/li><li><strong>Sosyal M\u00fchendislik Testleri:<\/strong> \u00c7al\u0131\u015fanlar\u0131n bilgi g\u00fcvenli\u011fi protokollerine ba\u011fl\u0131l\u0131\u011f\u0131 test edilir.<\/li><\/ul><p>Bu testlerden elde edilen veriler analiz edilerek her \u00e7al\u0131\u015fana ve departmana \u00f6zel bir Risk Skoru atan\u0131r. Bu skorlama, g\u00fcvenlik ekiplerinin kaynaklar\u0131n\u0131 en \u00e7ok riske sahip alanlara odaklamas\u0131n\u0131 sa\u011flar.<\/p>\t\t\t\t\t\t\t\t<\/div>\n\t\t\t\t<\/div>\n\t\t\t\t\t<\/div>\n\t\t<\/div>\n\t\t\t\t<div class=\"elementor-column elementor-col-33 elementor-inner-column elementor-element elementor-element-eb78bbf\" data-id=\"eb78bbf\" data-element_type=\"column\">\n\t\t\t<div class=\"elementor-widget-wrap elementor-element-populated\">\n\t\t\t\t\t\t<div class=\"elementor-element elementor-element-959f348 elementor-widget elementor-widget-heading\" data-id=\"959f348\" data-element_type=\"widget\" data-widget_type=\"heading.default\">\n\t\t\t\t<div class=\"elementor-widget-container\">\n\t\t\t\t\t<h2 class=\"elementor-heading-title elementor-size-default\">\u0130\u00e7g\u00f6r\u00fcye Dayal\u0131 Y\u00f6netim ve Raporlama<\/h2>\t\t\t\t<\/div>\n\t\t\t\t<\/div>\n\t\t\t\t<div class=\"elementor-element elementor-element-de70fd4 elementor-widget elementor-widget-text-editor\" data-id=\"de70fd4\" data-element_type=\"widget\" data-widget_type=\"text-editor.default\">\n\t\t\t\t<div class=\"elementor-widget-container\">\n\t\t\t\t\t\t\t\t\t<p>\u0130nsan riskini y\u00f6netmek, veriye dayal\u0131 kararlar almay\u0131 gerektirir. Geli\u015fmi\u015f raporlama ara\u00e7lar\u0131m\u0131z, y\u00f6neticilere g\u00fcvenlik k\u00fclt\u00fcr\u00fc metriklerini, e\u011fitim tamamlama oranlar\u0131n\u0131 ve risk skorlar\u0131n\u0131n zaman i\u00e7indeki de\u011fi\u015fimini g\u00f6steren detayl\u0131 i\u00e7g\u00f6r\u00fcler sunar. Bu s\u00fcrekli geri bildirim d\u00f6ng\u00fcs\u00fc, program\u0131n etkinli\u011fini en \u00fcst d\u00fczeye \u00e7\u0131kar\u0131r.<\/p>\t\t\t\t\t\t\t\t<\/div>\n\t\t\t\t<\/div>\n\t\t\t\t\t<\/div>\n\t\t<\/div>\n\t\t\t\t\t<\/div>\n\t\t<\/section>\n\t\t\t\t\t<\/div>\n\t\t<\/div>\n\t\t\t\t\t<\/div>\n\t\t<\/section>\n\t\t\t\t<section class=\"elementor-section elementor-top-section elementor-element elementor-element-f45fa65 elementor-section-boxed elementor-section-height-default elementor-section-height-default\" data-id=\"f45fa65\" data-element_type=\"section\" data-settings=\"{&quot;background_background&quot;:&quot;classic&quot;}\">\n\t\t\t\t\t\t<div class=\"elementor-container elementor-column-gap-default\">\n\t\t\t\t\t<div class=\"elementor-column elementor-col-100 elementor-top-column elementor-element elementor-element-8bbba8b\" data-id=\"8bbba8b\" data-element_type=\"column\">\n\t\t\t<div class=\"elementor-widget-wrap elementor-element-populated\">\n\t\t\t\t\t\t<div class=\"elementor-element elementor-element-9feba2e elementor-widget elementor-widget-heading\" data-id=\"9feba2e\" data-element_type=\"widget\" data-widget_type=\"heading.default\">\n\t\t\t\t<div class=\"elementor-widget-container\">\n\t\t\t\t\t<h2 class=\"elementor-heading-title elementor-size-default\">Sonu\u00e7: \u0130nsan Fakt\u00f6r\u00fcn\u00fc G\u00fcvenlik Avantaj\u0131na \u00c7evirin<\/h2>\t\t\t\t<\/div>\n\t\t\t\t<\/div>\n\t\t\t\t<div class=\"elementor-element elementor-element-5cf8e9d elementor-widget elementor-widget-text-editor\" data-id=\"5cf8e9d\" data-element_type=\"widget\" data-widget_type=\"text-editor.default\">\n\t\t\t\t<div class=\"elementor-widget-container\">\n\t\t\t\t\t\t\t\t\t\u0130nsan Risk Y\u00f6netimi \u00c7\u00f6z\u00fcmleri ile kurumunuz, \u00e7al\u0131\u015fanlar\u0131n\u0131n g\u00fcvenlik bilgi d\u00fczeyini \u00f6l\u00e7ebilir, riskli davran\u0131\u015flar\u0131 azaltabilir ve proaktif bir g\u00fcvenlik k\u00fclt\u00fcr\u00fc olu\u015fturabilir. Bu stratejik yat\u0131r\u0131m, sadece olas\u0131 ihlalleri \u00f6nlemekle kalmaz, ayn\u0131 zamanda \u00e7al\u0131\u015fanlar\u0131n\u0131z\u0131 dijital varl\u0131klar\u0131n\u0131z\u0131 koruyan en g\u00fc\u00e7l\u00fc savunma hatt\u0131na d\u00f6n\u00fc\u015ft\u00fcr\u00fcr.\t\t\t\t\t\t\t\t<\/div>\n\t\t\t\t<\/div>\n\t\t\t\t\t<\/div>\n\t\t<\/div>\n\t\t\t\t\t<\/div>\n\t\t<\/section>\n\t\t\t\t<section class=\"elementor-section elementor-top-section elementor-element elementor-element-4bc8804 elementor-section-boxed elementor-section-height-default elementor-section-height-default\" data-id=\"4bc8804\" data-element_type=\"section\">\n\t\t\t\t\t\t<div class=\"elementor-container elementor-column-gap-default\">\n\t\t\t\t\t<div class=\"elementor-column elementor-col-100 elementor-top-column elementor-element elementor-element-9d9456a\" data-id=\"9d9456a\" data-element_type=\"column\">\n\t\t\t<div class=\"elementor-widget-wrap elementor-element-populated\">\n\t\t\t\t\t\t<section class=\"elementor-section elementor-inner-section elementor-element elementor-element-bac8af6 elementor-section-boxed elementor-section-height-default elementor-section-height-default\" data-id=\"bac8af6\" data-element_type=\"section\" data-settings=\"{&quot;background_background&quot;:&quot;classic&quot;}\">\n\t\t\t\t\t\t<div class=\"elementor-container elementor-column-gap-default\">\n\t\t\t\t\t<div class=\"elementor-column elementor-col-25 elementor-inner-column elementor-element elementor-element-55964ba\" data-id=\"55964ba\" data-element_type=\"column\">\n\t\t\t<div class=\"elementor-widget-wrap elementor-element-populated\">\n\t\t\t\t\t\t<div class=\"elementor-element elementor-element-1a81a6d elementor-widget elementor-widget-image\" data-id=\"1a81a6d\" data-element_type=\"widget\" data-widget_type=\"image.default\">\n\t\t\t\t<div class=\"elementor-widget-container\">\n\t\t\t\t\t\t\t\t\t\t\t\t\t\t\t\t<a href=\"\/en\/terranova\/\">\n\t\t\t\t\t\t\t<img decoding=\"async\" width=\"417\" height=\"71\" src=\"https:\/\/www.cynoks.com\/wp-content\/uploads\/2023\/10\/fortra-logo-forest-green.png\" class=\"attachment-large size-large wp-image-5219\" alt=\"\" srcset=\"https:\/\/www.cynoks.com\/wp-content\/uploads\/2023\/10\/fortra-logo-forest-green.png 417w, https:\/\/www.cynoks.com\/wp-content\/uploads\/2023\/10\/fortra-logo-forest-green-300x51.png 300w, https:\/\/www.cynoks.com\/wp-content\/uploads\/2023\/10\/fortra-logo-forest-green-18x3.png 18w\" sizes=\"(max-width: 417px) 100vw, 417px\" \/>\t\t\t\t\t\t\t\t<\/a>\n\t\t\t\t\t\t\t\t\t\t\t\t\t\t\t<\/div>\n\t\t\t\t<\/div>\n\t\t\t\t\t<\/div>\n\t\t<\/div>\n\t\t\t\t<div class=\"elementor-column elementor-col-25 elementor-inner-column elementor-element elementor-element-0591e00\" data-id=\"0591e00\" data-element_type=\"column\">\n\t\t\t<div class=\"elementor-widget-wrap\">\n\t\t\t\t\t\t\t<\/div>\n\t\t<\/div>\n\t\t\t\t<div class=\"elementor-column elementor-col-25 elementor-inner-column elementor-element elementor-element-b320283\" data-id=\"b320283\" data-element_type=\"column\">\n\t\t\t<div class=\"elementor-widget-wrap\">\n\t\t\t\t\t\t\t<\/div>\n\t\t<\/div>\n\t\t\t\t<div class=\"elementor-column elementor-col-25 elementor-inner-column elementor-element elementor-element-81671ed\" data-id=\"81671ed\" data-element_type=\"column\">\n\t\t\t<div class=\"elementor-widget-wrap\">\n\t\t\t\t\t\t\t<\/div>\n\t\t<\/div>\n\t\t\t\t\t<\/div>\n\t\t<\/section>\n\t\t\t\t\t<\/div>\n\t\t<\/div>\n\t\t\t\t\t<\/div>\n\t\t<\/section>\n\t\t\t\t<\/div>","protected":false},"excerpt":{"rendered":"<p>\u0130nsan Risk Y\u00f6netimi \u00c7\u00f6z\u00fcmleri \u0130nsan Risk Y\u00f6netimi \u00c7\u00f6z\u00fcmleri: Siber G\u00fcvenli\u011fin En Zay\u0131f Halkas\u0131n\u0131 G\u00fc\u00e7lendirin Siber G\u00fcvenli\u011fin Yeni Odak Noktas\u0131: \u0130nsan Risk Y\u00f6netimi \u00c7\u00f6z\u00fcmleri Dijital d\u00fcnyada siber g\u00fcvenlik tehditleri geli\u015fmeye devam ederken, kurulu\u015flar\u0131n kar\u015f\u0131la\u015ft\u0131\u011f\u0131 en kritik ve \u00f6ng\u00f6r\u00fclemez risk fakt\u00f6r\u00fc insan olmaya devam ediyor. En geli\u015fmi\u015f teknolojik savunmalar bile, tek bir \u00e7al\u0131\u015fan\u0131n yanl\u0131\u015f karar\u0131 veya dikkatsizli\u011fi [&hellip;]<\/p>","protected":false},"author":1,"featured_media":0,"parent":3210,"menu_order":0,"comment_status":"closed","ping_status":"closed","template":"","meta":{"om_disable_all_campaigns":false,"inline_featured_image":false,"_monsterinsights_skip_tracking":false,"_monsterinsights_sitenote_active":false,"_monsterinsights_sitenote_note":"","_monsterinsights_sitenote_category":0,"ocean_post_layout":"full-screen","ocean_both_sidebars_style":"","ocean_both_sidebars_content_width":0,"ocean_both_sidebars_sidebars_width":0,"ocean_sidebar":"0","ocean_second_sidebar":"0","ocean_disable_margins":"enable","ocean_add_body_class":"","ocean_shortcode_before_top_bar":"","ocean_shortcode_after_top_bar":"","ocean_shortcode_before_header":"","ocean_shortcode_after_header":"","ocean_has_shortcode":"","ocean_shortcode_after_title":"","ocean_shortcode_before_footer_widgets":"","ocean_shortcode_after_footer_widgets":"","ocean_shortcode_before_footer_bottom":"","ocean_shortcode_after_footer_bottom":"","ocean_display_top_bar":"default","ocean_display_header":"default","ocean_header_style":"","ocean_center_header_left_menu":"0","ocean_custom_header_template":"0","ocean_custom_logo":0,"ocean_custom_retina_logo":0,"ocean_custom_logo_max_width":0,"ocean_custom_logo_tablet_max_width":0,"ocean_custom_logo_mobile_max_width":0,"ocean_custom_logo_max_height":0,"ocean_custom_logo_tablet_max_height":0,"ocean_custom_logo_mobile_max_height":0,"ocean_header_custom_menu":"0","ocean_menu_typo_font_family":"0","ocean_menu_typo_font_subset":"","ocean_menu_typo_font_size":0,"ocean_menu_typo_font_size_tablet":0,"ocean_menu_typo_font_size_mobile":0,"ocean_menu_typo_font_size_unit":"px","ocean_menu_typo_font_weight":"","ocean_menu_typo_font_weight_tablet":"","ocean_menu_typo_font_weight_mobile":"","ocean_menu_typo_transform":"","ocean_menu_typo_transform_tablet":"","ocean_menu_typo_transform_mobile":"","ocean_menu_typo_line_height":0,"ocean_menu_typo_line_height_tablet":0,"ocean_menu_typo_line_height_mobile":0,"ocean_menu_typo_line_height_unit":"","ocean_menu_typo_spacing":0,"ocean_menu_typo_spacing_tablet":0,"ocean_menu_typo_spacing_mobile":0,"ocean_menu_typo_spacing_unit":"","ocean_menu_link_color":"","ocean_menu_link_color_hover":"","ocean_menu_link_color_active":"","ocean_menu_link_background":"","ocean_menu_link_hover_background":"","ocean_menu_link_active_background":"","ocean_menu_social_links_bg":"","ocean_menu_social_hover_links_bg":"","ocean_menu_social_links_color":"","ocean_menu_social_hover_links_color":"","ocean_disable_title":"on","ocean_disable_heading":"default","ocean_post_title":"","ocean_post_subheading":"","ocean_post_title_style":"","ocean_post_title_background_color":"","ocean_post_title_background":0,"ocean_post_title_bg_image_position":"","ocean_post_title_bg_image_attachment":"","ocean_post_title_bg_image_repeat":"","ocean_post_title_bg_image_size":"","ocean_post_title_height":0,"ocean_post_title_bg_overlay":0.5,"ocean_post_title_bg_overlay_color":"","ocean_disable_breadcrumbs":"default","ocean_breadcrumbs_color":"","ocean_breadcrumbs_separator_color":"","ocean_breadcrumbs_links_color":"","ocean_breadcrumbs_links_hover_color":"","ocean_display_footer_widgets":"default","ocean_display_footer_bottom":"default","ocean_custom_footer_template":"0","two_page_speed":[],"footnotes":""},"class_list":["post-587","page","type-page","status-publish","hentry","entry"],"_links":{"self":[{"href":"https:\/\/www.cynoks.com\/en\/wp-json\/wp\/v2\/pages\/587","targetHints":{"allow":["GET"]}}],"collection":[{"href":"https:\/\/www.cynoks.com\/en\/wp-json\/wp\/v2\/pages"}],"about":[{"href":"https:\/\/www.cynoks.com\/en\/wp-json\/wp\/v2\/types\/page"}],"author":[{"embeddable":true,"href":"https:\/\/www.cynoks.com\/en\/wp-json\/wp\/v2\/users\/1"}],"replies":[{"embeddable":true,"href":"https:\/\/www.cynoks.com\/en\/wp-json\/wp\/v2\/comments?post=587"}],"version-history":[{"count":47,"href":"https:\/\/www.cynoks.com\/en\/wp-json\/wp\/v2\/pages\/587\/revisions"}],"predecessor-version":[{"id":6355,"href":"https:\/\/www.cynoks.com\/en\/wp-json\/wp\/v2\/pages\/587\/revisions\/6355"}],"up":[{"embeddable":true,"href":"https:\/\/www.cynoks.com\/en\/wp-json\/wp\/v2\/pages\/3210"}],"wp:attachment":[{"href":"https:\/\/www.cynoks.com\/en\/wp-json\/wp\/v2\/media?parent=587"}],"curies":[{"name":"wp","href":"https:\/\/api.w.org\/{rel}","templated":true}]}}