{"id":585,"date":"2021-08-10T15:43:42","date_gmt":"2021-08-10T12:43:42","guid":{"rendered":"https:\/\/cynoks.com\/?page_id=585"},"modified":"2023-05-23T16:03:45","modified_gmt":"2023-05-23T13:03:45","slug":"danismanlik","status":"publish","type":"page","link":"https:\/\/www.cynoks.com\/en\/hizmetler\/danismanlik\/","title":{"rendered":"Dan\u0131\u015fmanl\u0131k"},"content":{"rendered":"<div data-elementor-type=\"wp-page\" data-elementor-id=\"585\" class=\"elementor elementor-585\">\n\t\t\t\t\t\t<section class=\"elementor-section elementor-top-section elementor-element elementor-element-6642f582 elementor-section-height-min-height elementor-section-content-middle elementor-section-boxed elementor-section-height-default elementor-section-items-middle\" data-id=\"6642f582\" data-element_type=\"section\" data-settings=\"{&quot;background_background&quot;:&quot;classic&quot;}\">\n\t\t\t\t\t\t\t<div class=\"elementor-background-overlay\"><\/div>\n\t\t\t\t\t\t\t<div class=\"elementor-container elementor-column-gap-no\">\n\t\t\t\t\t<div class=\"elementor-column elementor-col-100 elementor-top-column elementor-element elementor-element-3ff62d57\" data-id=\"3ff62d57\" data-element_type=\"column\">\n\t\t\t<div class=\"elementor-widget-wrap elementor-element-populated\">\n\t\t\t\t\t\t<div class=\"elementor-element elementor-element-3b943328 elementor-invisible elementor-widget elementor-widget-heading\" data-id=\"3b943328\" data-element_type=\"widget\" data-settings=\"{&quot;_animation&quot;:&quot;fadeInDown&quot;}\" data-widget_type=\"heading.default\">\n\t\t\t\t<div class=\"elementor-widget-container\">\n\t\t\t\t\t<h1 class=\"elementor-heading-title elementor-size-default\">K.V.K.K. Dan\u0131\u015fmanl\u0131\u011f\u0131<\/h1>\t\t\t\t<\/div>\n\t\t\t\t<\/div>\n\t\t\t\t\t<\/div>\n\t\t<\/div>\n\t\t\t\t\t<\/div>\n\t\t<\/section>\n\t\t\t\t<section class=\"elementor-section elementor-top-section elementor-element elementor-element-275ccfe6 elementor-section-boxed elementor-section-height-default elementor-section-height-default\" data-id=\"275ccfe6\" data-element_type=\"section\">\n\t\t\t\t\t\t<div class=\"elementor-container elementor-column-gap-default\">\n\t\t\t\t\t<div class=\"elementor-column elementor-col-100 elementor-top-column elementor-element elementor-element-1f79bf31\" data-id=\"1f79bf31\" data-element_type=\"column\">\n\t\t\t<div class=\"elementor-widget-wrap elementor-element-populated\">\n\t\t\t\t\t\t<div class=\"elementor-element elementor-element-6214517b elementor-widget elementor-widget-text-editor\" data-id=\"6214517b\" data-element_type=\"widget\" data-widget_type=\"text-editor.default\">\n\t\t\t\t<div class=\"elementor-widget-container\">\n\t\t\t\t\t\t\t\t\t<div class=\"wpb_text_column wpb_content_element vc_custom_1478473434155\"><div class=\"wpb_wrapper\"><h3 class=\"fusion-responsive-typography-calculated\" data-fontsize=\"42\" data-lineheight=\"54.6px\">Ki\u015fisel Verilerin Korunmas\u0131 Kanunu<\/h3><\/div><\/div><div class=\"wpb_text_column wpb_content_element\"><div class=\"wpb_wrapper\"><p>Uzun y\u0131llard\u0131r tasar\u0131 halinde bekleyen ve 7 Nisan 2016 tarihinde yay\u0131mlanarak y\u00fcr\u00fcrl\u00fc\u011fe giren \u20186698 Say\u0131l\u0131 Ki\u015fisel Verilerin Korunmas\u0131 Kanunu\u2019, ki\u015fisel verilerin i\u015flenmesinde ba\u015fta \u00f6zel hayat\u0131n gizlili\u011fi olmak \u00fczere ki\u015filerin temel hak ve \u00f6zg\u00fcrl\u00fcklerini korumak ve ki\u015fisel verileri i\u015fleyen ger\u00e7ek ve t\u00fczel ki\u015filerin y\u00fck\u00fcml\u00fcl\u00fckleri ile uyacaklar\u0131 kurallar\u0131 d\u00fczenleme amac\u0131n\u0131 ta\u015f\u0131maktad\u0131r.<\/p><\/div><\/div><div class=\"wpb_text_column wpb_content_element\"><div class=\"wpb_wrapper\"><p>Kanun\u2019da belirtilen istisnalar haricinde, ki\u015fisel veriler ilgili ki\u015finin a\u00e7\u0131k r\u0131zas\u0131 olmaks\u0131z\u0131n i\u015flenemeyecek; \u00fc\u00e7\u00fcnc\u00fc ki\u015filere ve yurtd\u0131\u015f\u0131na aktar\u0131lamayacakt\u0131r. Kanun\u2019da ayr\u0131 ayr\u0131 maddelerde de belirtilmi\u015f olan bu maddelere uyulmamas\u0131 halinde, kurumlar idari para cezas\u0131na \u00e7arpt\u0131r\u0131labileceklerdir.<\/p><p>Ki\u015fisel verilerin i\u015flenmesi; ki\u015fisel verilerin tamamen veya k\u0131smen otomatik olan ya da herhangi bir veri kay\u0131t sisteminin par\u00e7as\u0131 olmak kayd\u0131yla otomatik olmayan yollarla elde edilmesi, kaydedilmesi, depolanmas\u0131, muhafaza edilmesi, de\u011fi\u015ftirilmesi, yeniden d\u00fczenlenmesi, a\u00e7\u0131klanmas\u0131, aktar\u0131lmas\u0131, devral\u0131nmas\u0131, elde edilebilir h\u00e2le getirilmesi, s\u0131n\u0131fland\u0131r\u0131lmas\u0131 ya da kullan\u0131lmas\u0131n\u0131n engellenmesi gibi veriler \u00fczerinde ger\u00e7ekle\u015ftirilen her t\u00fcrl\u00fc i\u015flemi ifade etmektedir.<\/p><p>Ki\u015fisel Verilerin Korunmas\u0131 Kanunu; ki\u015fisel veriler, as\u0131l sahipleri taraf\u0131ndan kurum ve kurulu\u015flara emanet edilen bilgiler olarak de\u011ferlendirildi\u011finde; veriyi i\u015fleyen kurumlar\u0131n verinin as\u0131l sahiplerine, emanet ald\u0131klar\u0131 verilerle ilgili \u201chesap verebilir\u201d olmas\u0131 i\u00e7in zemin olu\u015fturmakta, kurallar\u0131 tan\u0131mlamaktad\u0131r. Kanun, ki\u015fisel veriyi i\u015fleyen kurumlar i\u00e7in \u00f6nemli bir d\u00f6n\u00fc\u015f\u00fcm\u00fc de beraberinde getirmektedir.<\/p><p>Bu Kanunun yay\u0131m\u0131 tarihinden \u00f6nce i\u015flenmi\u015f olan ki\u015fisel veriler, yay\u0131m\u0131 tarihinden itibaren iki y\u0131l i\u00e7inde bu Kanun h\u00fck\u00fcmlerine uygun h\u00e2le getirilmeli; bu Kanun h\u00fck\u00fcmlerine ayk\u0131r\u0131 oldu\u011fu tespit edilen ki\u015fisel veriler derh\u00e2l silinmeli, yok edilmeli veya anonim h\u00e2le getirilmelidir. Ancak bu Kanunun yay\u0131m\u0131 tarihinden \u00f6nce hukuka uygun olarak veri sahibinden al\u0131nm\u0131\u015f r\u0131zalar, bir y\u0131l i\u00e7inde veri sahibi taraf\u0131ndan aksi belirtilmemesi h\u00e2linde, bu Kanuna uygun kabul edilebilecektir.<\/p><p>Kurumlar\u0131 ilgilendiren temel soru ise: \u201cEmanet ald\u0131\u011f\u0131m\u0131z ki\u015fisel verilerle ilgili hesap verebilir olmak i\u00e7in neler yapmal\u0131y\u0131z?\u201d Bu sorunun cevab\u0131n\u0131 verebilen kurumlar, Ki\u015fisel Verilerin Korunmas\u0131 Kanunu da uyumlu olacaklard\u0131r.<\/p><p>Kurum ve kurulu\u015flar\u0131n yukar\u0131da belirtilen temel soruya cevap verebilmeleri:<\/p><\/div><\/div><div class=\"vc_empty_space\">\u00a0<\/div><div class=\"mkdf-icon-list-item mkdf-icon-list-item-headings-font-family\"><div class=\"mkdf-icon-list-icon-holder\"><div class=\"mkdf-icon-list-icon-holder-inner clearfix\">\u00a0<\/div><\/div><p class=\"mkdf-icon-list-text\">Ki\u015fisel verilerin korunmas\u0131 ile ilgili kapsam ve hedefleri belirlemek<\/p><\/div><div class=\"mkdf-icon-list-item mkdf-icon-list-item-headings-font-family\"><div class=\"mkdf-icon-list-icon-holder\"><div class=\"mkdf-icon-list-icon-holder-inner clearfix\">\u00a0<\/div><\/div><p class=\"mkdf-icon-list-text\">Ki\u015fisel veri politikas\u0131 olu\u015fturmak<\/p><\/div><div class=\"mkdf-icon-list-item mkdf-icon-list-item-headings-font-family\"><div class=\"mkdf-icon-list-icon-holder\"><div class=\"mkdf-icon-list-icon-holder-inner clearfix\">\u00a0<\/div><\/div><p class=\"mkdf-icon-list-text\">Ki\u015fisel verilerin korunmas\u0131 ile ilgili sorumluluk ve hesap verebilirlik ilkelerini belirlemek<\/p><\/div><div class=\"mkdf-icon-list-item mkdf-icon-list-item-headings-font-family\"><div class=\"mkdf-icon-list-icon-holder\"><div class=\"mkdf-icon-list-icon-holder-inner clearfix\">\u00a0<\/div><\/div><p class=\"mkdf-icon-list-text\">Ki\u015fisel veri koruma temsilcileri belirlemek<\/p><\/div><div class=\"mkdf-icon-list-item mkdf-icon-list-item-headings-font-family\"><div class=\"mkdf-icon-list-icon-holder\"><div class=\"mkdf-icon-list-icon-holder-inner clearfix\">\u00a0<\/div><\/div><p class=\"mkdf-icon-list-text\">Ki\u015fisel verilerin kanuna uygun \u015fekilde i\u015flenmesini sa\u011flayacak yap\u0131 i\u00e7in \u00fcst y\u00f6netim deste\u011fi ve kaynak sa\u011flamak<\/p><\/div><div class=\"mkdf-icon-list-item mkdf-icon-list-item-headings-font-family\"><div class=\"mkdf-icon-list-icon-holder\"><div class=\"mkdf-icon-list-icon-holder-inner clearfix\">\u00a0<\/div><\/div><p class=\"mkdf-icon-list-text\">Ki\u015fisel veri envanteri olu\u015fturmak<\/p><\/div><div class=\"mkdf-icon-list-item mkdf-icon-list-item-headings-font-family\"><div class=\"mkdf-icon-list-icon-holder\"><div class=\"mkdf-icon-list-icon-holder-inner clearfix\">\u00a0<\/div><\/div><p class=\"mkdf-icon-list-text\">Ki\u015fisel verilerle ilgili riskleri y\u00f6netmek<\/p><\/div><div class=\"mkdf-icon-list-item mkdf-icon-list-item-headings-font-family\"><div class=\"mkdf-icon-list-icon-holder\"><div class=\"mkdf-icon-list-icon-holder-inner clearfix\">\u00a0<\/div><\/div><p class=\"mkdf-icon-list-text\">Ki\u015fisel veri toplama, i\u015fleme ve payla\u015fma y\u00f6ntemlerini belirlemek<\/p><\/div><div class=\"mkdf-icon-list-item mkdf-icon-list-item-headings-font-family\"><div class=\"mkdf-icon-list-icon-holder\"><div class=\"mkdf-icon-list-icon-holder-inner clearfix\">\u00a0<\/div><\/div><p class=\"mkdf-icon-list-text\">Ki\u015fisel verilerin g\u00fcvenli\u011fini sa\u011flamak<\/p><\/div><div class=\"mkdf-icon-list-item mkdf-icon-list-item-headings-font-family\"><div class=\"mkdf-icon-list-icon-holder\"><div class=\"mkdf-icon-list-icon-holder-inner clearfix\">\u00a0<\/div><\/div><p class=\"mkdf-icon-list-text\">Ki\u015fisel verilerle ilgili \u015fik\u00e2yetlerin ele al\u0131nma y\u00f6ntemlerini belirlemek olarak \u00f6zetleyebilece\u011fimiz Veri Y\u00f6netimi \u00e7al\u0131\u015fmalar\u0131n\u0131n uygulanmas\u0131na ba\u011fl\u0131d\u0131r.<\/p><\/div><div class=\"wpb_text_column wpb_content_element\"><div class=\"wpb_wrapper\"><h3 class=\"fusion-responsive-typography-calculated\" data-fontsize=\"42\" data-lineheight=\"54.6px\">Ki\u015fisel Verilerin Korunmas\u0131 Kanunu\u2019na Y\u00f6nelik \u00c7\u00f6z\u00fcmler<\/h3><\/div><\/div><div class=\"wpb_text_column wpb_content_element vc_custom_1478478374346\"><div class=\"wpb_wrapper\"><h4 class=\"fusion-responsive-typography-calculated\" data-fontsize=\"30\" data-lineheight=\"42px\">Teknolojik Yakla\u015f\u0131mlar<\/h4><\/div><\/div><div class=\"wpb_text_column wpb_content_element\"><div class=\"wpb_wrapper\"><p>6698 say\u0131l\u0131 ki\u015fisel verilerin korunmas\u0131 kanunu , \u015firketlerin altyap\u0131lar\u0131nda saklad\u0131klar\u0131 m\u00fc\u015fteri verilerinin bulundu\u011fu sistemler ve altyap\u0131larda gereken g\u00fcvenlik \u00f6nlemlerinin al\u0131nmas\u0131n\u0131 ama\u00e7lamaktad\u0131r.<\/p><p>Bu ba\u011flamda \u015firket ve kurumlar\u0131n saklamakta olduklar\u0131 ki\u015fisel verilere eri\u015fim ihlali yap\u0131lmas\u0131n\u0131 engellemekle y\u00fck\u00fcml\u00fcd\u00fcr. Olu\u015fabilecek bir ihlal durumunda bu eri\u015fim adli ara\u015ft\u0131rmalar gerektirece\u011finden bu adli \u00e7al\u0131\u015fmalar\u0131n yap\u0131labilmesi i\u00e7in gerekli altyap\u0131 ile ki\u015fisel veriler korunmal\u0131d\u0131r.<\/p><p>Verilerin s\u0131n\u0131fland\u0131r\u0131lmas\u0131, etiketlenmesi ve hassasiyetine g\u00f6re eri\u015fimlerin en k\u0131s\u0131tl\u0131 haklarla, takip alt\u0131na al\u0131narak ve daha sonra raporlanabilir bir \u015fekilde saklanmas\u0131 sa\u011flanmal\u0131d\u0131r. Veri ka\u00e7aklar\u0131n\u0131n \u00f6nlenmesi, ki\u015fisel verilerin korundu\u011fu alanlara eri\u015fimlerin titizlikle kay\u0131t alt\u0131na al\u0131nmas\u0131 ve s\u00fcrekli raporlanabilir olmas\u0131 \u00f6nemlidir.<\/p><p>Kimlik y\u00f6netimi ve eri\u015fim y\u00f6netimi ile verilerin bulundu\u011fu kaynaklara eri\u015fim y\u00f6netici haklar\u0131 olmaks\u0131z\u0131n, belirli onay mekanizmalar\u0131ndan ge\u00e7erek sa\u011flanmal\u0131d\u0131r. Ayr\u0131ca bu kaynaklardaki bilgi g\u00fcvenli\u011fi testleri titizlikle yap\u0131lmal\u0131, gerekli zaafiyet analizleri de ilgili ara\u00e7larla yap\u0131larak, i\u00e7 denetim ve uyum kurallar\u0131na uygun olarak raporlanmal\u0131 ve belirli periyodlarla bu analizler ger\u00e7ekle\u015ftirilmelidir.<\/p><p>Bilgi g\u00fcvenli\u011fi alan\u0131nda dikkat edilmesi gereken baz\u0131 ba\u015fl\u0131klar :<\/p><\/div><\/div><div class=\"vc_empty_space\">Hesap, \u015eifre ve Eri\u015fim Denetimi<\/div><div class=\"mkdf-icon-list-item mkdf-icon-list-item-headings-font-family\"><div class=\"mkdf-icon-list-icon-holder\"><div class=\"mkdf-icon-list-icon-holder-inner clearfix\">\u00a0<\/div><\/div><p class=\"mkdf-icon-list-text\">Veri koruma ve veri ka\u00e7aklar\u0131n\u0131 engelleme<\/p><p class=\"mkdf-icon-list-text\">Veri s\u0131n\u0131fland\u0131rma ve tasnifleme<\/p><p class=\"mkdf-icon-list-text\">Veri gizlili\u011finin sa\u011flanmas\u0131<\/p><\/div><div class=\"mkdf-icon-list-item mkdf-icon-list-item-headings-font-family\"><div class=\"mkdf-icon-list-icon-holder\"><div class=\"mkdf-icon-list-icon-holder-inner clearfix\">Zafiyet denetimi ve g\u00fcvenlik seviyesinin takibi<\/div><\/div><\/div><div class=\"mkdf-icon-list-item mkdf-icon-list-item-headings-font-family\"><div class=\"mkdf-icon-list-icon-holder\"><div class=\"mkdf-icon-list-icon-holder-inner clearfix\">Gerekli g\u00fcvenlik prosed\u00fcrlerinin i\u015fletilmesi<\/div><\/div><\/div><div class=\"mkdf-icon-list-item mkdf-icon-list-item-headings-font-family\"><div class=\"mkdf-icon-list-icon-holder\"><div class=\"mkdf-icon-list-icon-holder-inner clearfix\">\u00a0<\/div><\/div><p class=\"mkdf-icon-list-text\">\u0130\u00e7 denetim ve uyum kurallar\u0131na uygun raporlama<\/p><\/div><div class=\"wpb_text_column wpb_content_element vc_custom_1478478363929\"><div class=\"wpb_wrapper\"><h4 class=\"fusion-responsive-typography-calculated\" data-fontsize=\"30\" data-lineheight=\"42px\">Hukuki Yakla\u015f\u0131mlar<\/h4><\/div><\/div><div class=\"wpb_text_column wpb_content_element\"><div class=\"wpb_wrapper\"><p>Kurum\/\u0130\u015fletme i\u00e7erisinde hukuki olarak kanunun i\u015faret etti\u011fi maddelerin Bili\u015fim departmanlar\u0131 ile koordinasyonunu sa\u011flanmas\u0131 amac\u0131yla ortak bir komisyon kurulmas\u0131, y\u00f6neti\u015fim yap\u0131s\u0131n\u0131n olu\u015fturulmas\u0131 tavsiye edilir. Hukuk bak\u0131\u015f a\u00e7\u0131s\u0131yla at\u0131lmas\u0131 gereken ad\u0131mlar\u0131n isterleri haz\u0131rlanmal\u0131, ard\u0131ndan tutarl\u0131, s\u00fcrd\u00fcr\u00fclebilir bir uygulama politikas\u0131 olu\u015fturmak gerekir.<\/p><p>Hukuki anlamda \u00f6ncelikle yap\u0131lmas\u0131 gereken hususlar \u015funlard\u0131r:<\/p><\/div><\/div><div class=\"vc_empty_space\">Hukuki tan\u0131mlar\u0131n yap\u0131lmas\u0131<\/div><div class=\"mkdf-icon-list-item mkdf-icon-list-item-headings-font-family\"><div class=\"mkdf-icon-list-icon-holder\"><div class=\"mkdf-icon-list-icon-holder-inner clearfix\">Ki\u015fisel verilerin i\u015flenme<\/div><div class=\"mkdf-icon-list-icon-holder-inner clearfix\">\u015fartlar\u0131n\u0131n a\u00e7\u0131k ve net olarak tan\u0131mlanmas\u0131<\/div><\/div><\/div><div class=\"mkdf-icon-list-item mkdf-icon-list-item-headings-font-family\"><div class=\"mkdf-icon-list-icon-holder\"><div class=\"mkdf-icon-list-icon-holder-inner clearfix\">Ki\u015fisel verilerin silinmesi, anonimle\u015ftirilmesi veya aktar\u0131lmas\u0131 s\u00fcre\u00e7lerinin tan\u0131mlanmas\u0131<\/div><\/div><\/div><div class=\"mkdf-icon-list-item mkdf-icon-list-item-headings-font-family\"><div class=\"mkdf-icon-list-icon-holder\"><div>\u00a0<\/div><div class=\"mkdf-icon-list-icon-holder-inner clearfix\">Ki\u015fisel veri sahibinin haklar\u0131n\u0131n tan\u0131mlanmas\u0131<\/div><\/div><\/div><div class=\"mkdf-icon-list-item mkdf-icon-list-item-headings-font-family\"><div class=\"mkdf-icon-list-icon-holder\"><div>\u00a0<\/div><div class=\"mkdf-icon-list-icon-holder-inner clearfix\">Veri sorumlusu ve i\u015fleticilerinin y\u00fck\u00fcml\u00fcl\u00fcklerinin tan\u0131mlanmas\u0131<\/div><\/div><\/div><div class=\"mkdf-icon-list-item mkdf-icon-list-item-headings-font-family\"><div class=\"mkdf-icon-list-icon-holder\"><div class=\"mkdf-icon-list-icon-holder-inner clearfix\">\u00a0<\/div><\/div><p class=\"mkdf-icon-list-text\">Su\u00e7lar ve kabahatlerin neler oldu\u011funun tan\u0131mlanmas\u0131<\/p><\/div><div class=\"wpb_text_column wpb_content_element\"><div class=\"wpb_wrapper\"><p>Yukar\u0131da belirtilen tan\u0131mlamalar yap\u0131ld\u0131ktan sonra, Hukuki olarak kanun maddeleri ile ili\u015fkileri anla\u015f\u0131labilir ve takip edilebilir \u015fekilde adreslenmelidir.<\/p><p>Payda\u015f analizi ve ileti\u015fim stratejisi \u00e7al\u0131\u015fmas\u0131 yap\u0131lmal\u0131 ve bu konular\u0131n payda\u015flar taraf\u0131ndan do\u011fru anla\u015f\u0131ld\u0131\u011f\u0131, eylem planlar\u0131nda g\u00f6rev sorumluluklar\u0131n\u0131n tan\u0131mland\u0131\u011f\u0131 ve kar\u015f\u0131l\u0131kl\u0131 mutab\u0131k kal\u0131nd\u0131\u011f\u0131, her t\u00fcrl\u00fc eylem plan\u0131n\u0131n payda\u015flar ve uygulay\u0131c\u0131lar taraf\u0131ndan \u00f6l\u00e7\u00fclebilir \u015fekilde metriklerini olu\u015fturulmas\u0131 ve takibinin a\u015famalar\u0131 belirlendi\u011fi garanti alt\u0131na al\u0131nmal\u0131d\u0131r.<\/p><p>Hukuki olarak \u00f6l\u00e7\u00fcm kriterlerine uygun olarak eylem planlar\u0131n\u0131n periyodik de\u011ferlendirme sonu\u00e7lar\u0131 \u00fcst y\u00f6netime sunulmal\u0131d\u0131r.<\/p><\/div><\/div><div class=\"wpb_text_column wpb_content_element\"><div class=\"wpb_wrapper\"><h6 class=\"fusion-responsive-typography-calculated\" data-fontsize=\"16\" data-lineheight=\"24px\">Cezai Durumlar<\/h6><p>Ki\u015fisel verilere ili\u015fkin su\u00e7lar bak\u0131m\u0131ndan 26\/9\/2004 tarihli ve 5237 say\u0131l\u0131 T\u00fcrk Ceza Kanununun 135 ila 140 \u0131nc\u0131 madde h\u00fck\u00fcmleri uygulan\u0131r.<br \/>Kanuna g\u00f6re ki\u015fisel verileri ihlal edenlere 1 y\u0131ldan 3 y\u0131la kadar hapis cezas\u0131 \u00f6ng\u00f6r\u00fclmektedir. Ayr\u0131ca bu veriyi ihlal yolu ile ele ge\u00e7iren ki\u015fiye de 2 y\u0131ldan 4 y\u0131la kadar hapis cezas\u0131 verilebilir.<\/p><p>6698 say\u0131l\u0131 ki\u015fisel verilerin korunmas\u0131 kanunu gere\u011fi;<\/p><ul><li>10 uncu maddesinde \u00f6ng\u00f6r\u00fclen ayd\u0131nlatma y\u00fck\u00fcml\u00fcl\u00fc\u011f\u00fcn\u00fc yerine getirmeyenler hakk\u0131nda 5.000 T\u00fcrk liras\u0131ndan 100.000 T\u00fcrk liras\u0131na kadar,<\/li><li>12 nci maddesinde \u00f6ng\u00f6r\u00fclen veri g\u00fcvenli\u011fine ili\u015fkin y\u00fck\u00fcml\u00fcl\u00fckleri yerine getirmeyenler hakk\u0131nda 15.000 T\u00fcrk liras\u0131ndan 1.000.000 T\u00fcrk liras\u0131na kadar,<\/li><li>15 inci maddesi uyar\u0131nca Kurul taraf\u0131ndan verilen kararlar\u0131 yerine getirmeyenler hakk\u0131nda 25.000 T\u00fcrk liras\u0131ndan 1.000.000 T\u00fcrk liras\u0131na kadar,<\/li><li>16 nc\u0131 maddesinde \u00f6ng\u00f6r\u00fclen Veri Sorumlular\u0131 Siciline kay\u0131t ve bildirim y\u00fck\u00fcml\u00fcl\u00fc\u011f\u00fcne ayk\u0131r\u0131 hareket edenler hakk\u0131nda 20.000 T\u00fcrk liras\u0131ndan 1.000.000 T\u00fcrk liras\u0131na kadar idari para cezas\u0131 verilir.<\/li><\/ul><\/div><\/div>\t\t\t\t\t\t\t\t<\/div>\n\t\t\t\t<\/div>\n\t\t\t\t\t<\/div>\n\t\t<\/div>\n\t\t\t\t\t<\/div>\n\t\t<\/section>\n\t\t\t\t<\/div>","protected":false},"excerpt":{"rendered":"<p>K.V.K.K. Dan\u0131\u015fmanl\u0131\u011f\u0131 Ki\u015fisel Verilerin Korunmas\u0131 Kanunu Uzun y\u0131llard\u0131r tasar\u0131 halinde bekleyen ve 7 Nisan 2016 tarihinde yay\u0131mlanarak y\u00fcr\u00fcrl\u00fc\u011fe giren \u20186698 Say\u0131l\u0131 Ki\u015fisel Verilerin Korunmas\u0131 Kanunu\u2019, ki\u015fisel verilerin i\u015flenmesinde ba\u015fta \u00f6zel hayat\u0131n gizlili\u011fi olmak \u00fczere ki\u015filerin temel hak ve \u00f6zg\u00fcrl\u00fcklerini korumak ve ki\u015fisel verileri i\u015fleyen ger\u00e7ek ve t\u00fczel ki\u015filerin y\u00fck\u00fcml\u00fcl\u00fckleri ile uyacaklar\u0131 kurallar\u0131 d\u00fczenleme amac\u0131n\u0131 ta\u015f\u0131maktad\u0131r. [&hellip;]<\/p>","protected":false},"author":1,"featured_media":0,"parent":500,"menu_order":0,"comment_status":"closed","ping_status":"closed","template":"","meta":{"om_disable_all_campaigns":false,"inline_featured_image":false,"_monsterinsights_skip_tracking":false,"_monsterinsights_sitenote_active":false,"_monsterinsights_sitenote_note":"","_monsterinsights_sitenote_category":0,"ocean_post_layout":"full-screen","ocean_both_sidebars_style":"","ocean_both_sidebars_content_width":0,"ocean_both_sidebars_sidebars_width":0,"ocean_sidebar":"0","ocean_second_sidebar":"0","ocean_disable_margins":"enable","ocean_add_body_class":"","ocean_shortcode_before_top_bar":"","ocean_shortcode_after_top_bar":"","ocean_shortcode_before_header":"","ocean_shortcode_after_header":"","ocean_has_shortcode":"","ocean_shortcode_after_title":"","ocean_shortcode_before_footer_widgets":"","ocean_shortcode_after_footer_widgets":"","ocean_shortcode_before_footer_bottom":"","ocean_shortcode_after_footer_bottom":"","ocean_display_top_bar":"default","ocean_display_header":"default","ocean_header_style":"","ocean_center_header_left_menu":"0","ocean_custom_header_template":"0","ocean_custom_logo":0,"ocean_custom_retina_logo":0,"ocean_custom_logo_max_width":0,"ocean_custom_logo_tablet_max_width":0,"ocean_custom_logo_mobile_max_width":0,"ocean_custom_logo_max_height":0,"ocean_custom_logo_tablet_max_height":0,"ocean_custom_logo_mobile_max_height":0,"ocean_header_custom_menu":"0","ocean_menu_typo_font_family":"0","ocean_menu_typo_font_subset":"","ocean_menu_typo_font_size":0,"ocean_menu_typo_font_size_tablet":0,"ocean_menu_typo_font_size_mobile":0,"ocean_menu_typo_font_size_unit":"px","ocean_menu_typo_font_weight":"","ocean_menu_typo_font_weight_tablet":"","ocean_menu_typo_font_weight_mobile":"","ocean_menu_typo_transform":"","ocean_menu_typo_transform_tablet":"","ocean_menu_typo_transform_mobile":"","ocean_menu_typo_line_height":0,"ocean_menu_typo_line_height_tablet":0,"ocean_menu_typo_line_height_mobile":0,"ocean_menu_typo_line_height_unit":"","ocean_menu_typo_spacing":0,"ocean_menu_typo_spacing_tablet":0,"ocean_menu_typo_spacing_mobile":0,"ocean_menu_typo_spacing_unit":"","ocean_menu_link_color":"","ocean_menu_link_color_hover":"","ocean_menu_link_color_active":"","ocean_menu_link_background":"","ocean_menu_link_hover_background":"","ocean_menu_link_active_background":"","ocean_menu_social_links_bg":"","ocean_menu_social_hover_links_bg":"","ocean_menu_social_links_color":"","ocean_menu_social_hover_links_color":"","ocean_disable_title":"on","ocean_disable_heading":"default","ocean_post_title":"","ocean_post_subheading":"","ocean_post_title_style":"","ocean_post_title_background_color":"","ocean_post_title_background":0,"ocean_post_title_bg_image_position":"","ocean_post_title_bg_image_attachment":"","ocean_post_title_bg_image_repeat":"","ocean_post_title_bg_image_size":"","ocean_post_title_height":0,"ocean_post_title_bg_overlay":0.5,"ocean_post_title_bg_overlay_color":"","ocean_disable_breadcrumbs":"default","ocean_breadcrumbs_color":"","ocean_breadcrumbs_separator_color":"","ocean_breadcrumbs_links_color":"","ocean_breadcrumbs_links_hover_color":"","ocean_display_footer_widgets":"default","ocean_display_footer_bottom":"default","ocean_custom_footer_template":"0","two_page_speed":[],"footnotes":""},"class_list":["post-585","page","type-page","status-publish","hentry","entry"],"_links":{"self":[{"href":"https:\/\/www.cynoks.com\/en\/wp-json\/wp\/v2\/pages\/585","targetHints":{"allow":["GET"]}}],"collection":[{"href":"https:\/\/www.cynoks.com\/en\/wp-json\/wp\/v2\/pages"}],"about":[{"href":"https:\/\/www.cynoks.com\/en\/wp-json\/wp\/v2\/types\/page"}],"author":[{"embeddable":true,"href":"https:\/\/www.cynoks.com\/en\/wp-json\/wp\/v2\/users\/1"}],"replies":[{"embeddable":true,"href":"https:\/\/www.cynoks.com\/en\/wp-json\/wp\/v2\/comments?post=585"}],"version-history":[{"count":11,"href":"https:\/\/www.cynoks.com\/en\/wp-json\/wp\/v2\/pages\/585\/revisions"}],"predecessor-version":[{"id":4842,"href":"https:\/\/www.cynoks.com\/en\/wp-json\/wp\/v2\/pages\/585\/revisions\/4842"}],"up":[{"embeddable":true,"href":"https:\/\/www.cynoks.com\/en\/wp-json\/wp\/v2\/pages\/500"}],"wp:attachment":[{"href":"https:\/\/www.cynoks.com\/en\/wp-json\/wp\/v2\/media?parent=585"}],"curies":[{"name":"wp","href":"https:\/\/api.w.org\/{rel}","templated":true}]}}