{"id":583,"date":"2021-08-10T15:43:15","date_gmt":"2021-08-10T12:43:15","guid":{"rendered":"https:\/\/cynoks.com\/?page_id=583"},"modified":"2025-02-21T15:15:54","modified_gmt":"2025-02-21T12:15:54","slug":"kimlik-ve-erisim-yonetimi-iam","status":"publish","type":"page","link":"https:\/\/www.cynoks.com\/en\/cozumler\/kimlik-guvenligi\/kimlik-ve-erisim-yonetimi-iam\/","title":{"rendered":"Kimlik ve Eri\u015fim Y\u00f6netimi (IAM)"},"content":{"rendered":"<div data-elementor-type=\"wp-page\" data-elementor-id=\"583\" class=\"elementor elementor-583\">\n\t\t\t\t\t\t<section class=\"elementor-section elementor-top-section elementor-element elementor-element-97e266 elementor-section-height-min-height elementor-section-content-middle elementor-section-boxed elementor-section-height-default elementor-section-items-middle\" data-id=\"97e266\" data-element_type=\"section\" data-settings=\"{&quot;background_background&quot;:&quot;classic&quot;}\">\n\t\t\t\t\t\t\t<div class=\"elementor-background-overlay\"><\/div>\n\t\t\t\t\t\t\t<div class=\"elementor-container elementor-column-gap-no\">\n\t\t\t\t\t<div class=\"elementor-column elementor-col-100 elementor-top-column elementor-element elementor-element-3fd5d5af\" data-id=\"3fd5d5af\" data-element_type=\"column\">\n\t\t\t<div class=\"elementor-widget-wrap elementor-element-populated\">\n\t\t\t\t\t\t<div class=\"elementor-element elementor-element-5d3f7b85 elementor-invisible elementor-widget elementor-widget-heading\" data-id=\"5d3f7b85\" data-element_type=\"widget\" data-settings=\"{&quot;_animation&quot;:&quot;fadeInDown&quot;}\" data-widget_type=\"heading.default\">\n\t\t\t\t<div class=\"elementor-widget-container\">\n\t\t\t\t\t<h1 class=\"elementor-heading-title elementor-size-default\">Kimlik ve Eri\u015fim Y\u00f6netimi (IAM)<\/h1>\t\t\t\t<\/div>\n\t\t\t\t<\/div>\n\t\t\t\t\t<\/div>\n\t\t<\/div>\n\t\t\t\t\t<\/div>\n\t\t<\/section>\n\t\t\t\t<section class=\"elementor-section elementor-top-section elementor-element elementor-element-2002edde elementor-section-boxed elementor-section-height-default elementor-section-height-default\" data-id=\"2002edde\" data-element_type=\"section\">\n\t\t\t\t\t\t<div class=\"elementor-container elementor-column-gap-default\">\n\t\t\t\t\t<div class=\"elementor-column elementor-col-100 elementor-top-column elementor-element elementor-element-2528c60e elementor-invisible\" data-id=\"2528c60e\" data-element_type=\"column\" data-settings=\"{&quot;animation&quot;:&quot;fadeIn&quot;}\">\n\t\t\t<div class=\"elementor-widget-wrap elementor-element-populated\">\n\t\t\t\t\t\t<div class=\"elementor-element elementor-element-e3709fa elementor-widget elementor-widget-heading\" data-id=\"e3709fa\" data-element_type=\"widget\" data-widget_type=\"heading.default\">\n\t\t\t\t<div class=\"elementor-widget-container\">\n\t\t\t\t\t<h1 class=\"elementor-heading-title elementor-size-default\">Kimlik ve Eri\u015fim Y\u00f6netimi (IAM)<\/h1>\t\t\t\t<\/div>\n\t\t\t\t<\/div>\n\t\t\t\t<section class=\"elementor-section elementor-inner-section elementor-element elementor-element-5630af7 elementor-section-boxed elementor-section-height-default elementor-section-height-default\" data-id=\"5630af7\" data-element_type=\"section\">\n\t\t\t\t\t\t<div class=\"elementor-container elementor-column-gap-default\">\n\t\t\t\t\t<div class=\"elementor-column elementor-col-100 elementor-inner-column elementor-element elementor-element-f654b80\" data-id=\"f654b80\" data-element_type=\"column\">\n\t\t\t<div class=\"elementor-widget-wrap elementor-element-populated\">\n\t\t\t\t\t\t<div class=\"elementor-element elementor-element-8eadf01 elementor-widget elementor-widget-text-editor\" data-id=\"8eadf01\" data-element_type=\"widget\" data-widget_type=\"text-editor.default\">\n\t\t\t\t<div class=\"elementor-widget-container\">\n\t\t\t\t\t\t\t\t\tG\u00fcn\u00fcm\u00fcz\u00fcn dijital d\u00fcnyas\u0131nda, i\u015fletmelerin verilerini ve sistemlerini korumak i\u00e7in g\u00fc\u00e7l\u00fc bir kimlik ve eri\u015fim y\u00f6netimi (IAM) stratejisine sahip olmas\u0131 kritik \u00f6nem ta\u015f\u0131yor. IAM, kullan\u0131c\u0131lar\u0131n kimliklerini do\u011frulayarak ve yetkilerini kontrol ederek yetkisiz eri\u015fimi engellemeyi ama\u00e7lar. Bu sayede hassas veriler korunur, uyumluluk gereksinimleri kar\u015f\u0131lan\u0131r ve operasyonel verimlilik artar.\t\t\t\t\t\t\t\t<\/div>\n\t\t\t\t<\/div>\n\t\t\t\t\t<\/div>\n\t\t<\/div>\n\t\t\t\t\t<\/div>\n\t\t<\/section>\n\t\t\t\t\t<\/div>\n\t\t<\/div>\n\t\t\t\t\t<\/div>\n\t\t<\/section>\n\t\t\t\t<section class=\"elementor-section elementor-top-section elementor-element elementor-element-b514057 elementor-section-boxed elementor-section-height-default elementor-section-height-default\" data-id=\"b514057\" data-element_type=\"section\">\n\t\t\t\t\t\t\t<div class=\"elementor-background-overlay\"><\/div>\n\t\t\t\t\t\t\t<div class=\"elementor-container elementor-column-gap-default\">\n\t\t\t\t\t<div class=\"elementor-column elementor-col-100 elementor-top-column elementor-element elementor-element-c3a0e96\" data-id=\"c3a0e96\" data-element_type=\"column\">\n\t\t\t<div class=\"elementor-widget-wrap elementor-element-populated\">\n\t\t\t\t\t\t<div class=\"elementor-element elementor-element-b2cc480 elementor-widget elementor-widget-heading\" data-id=\"b2cc480\" data-element_type=\"widget\" data-widget_type=\"heading.default\">\n\t\t\t\t<div class=\"elementor-widget-container\">\n\t\t\t\t\t<h1 class=\"elementor-heading-title elementor-size-default\">IAM'\u0131n \u00d6nemi<\/h1>\t\t\t\t<\/div>\n\t\t\t\t<\/div>\n\t\t\t\t<div class=\"elementor-element elementor-element-74ac41b elementor-widget elementor-widget-text-editor\" data-id=\"74ac41b\" data-element_type=\"widget\" data-widget_type=\"text-editor.default\">\n\t\t\t\t<div class=\"elementor-widget-container\">\n\t\t\t\t\t\t\t\t\t<p data-sourcepos=\"24:1-24:17\"><span style=\"font-size: 14px;\">IAM, i\u015fletmeler i\u00e7in bir\u00e7ok \u00f6nemli fayda sa\u011flar:<\/span><\/p>\t\t\t\t\t\t\t\t<\/div>\n\t\t\t\t<\/div>\n\t\t\t\t\t<\/div>\n\t\t<\/div>\n\t\t\t\t\t<\/div>\n\t\t<\/section>\n\t\t\t\t<section class=\"elementor-section elementor-top-section elementor-element elementor-element-4bb3e8c elementor-section-boxed elementor-section-height-default elementor-section-height-default\" data-id=\"4bb3e8c\" data-element_type=\"section\">\n\t\t\t\t\t\t\t<div class=\"elementor-background-overlay\"><\/div>\n\t\t\t\t\t\t\t<div class=\"elementor-container elementor-column-gap-default\">\n\t\t\t\t\t<div class=\"elementor-column elementor-col-25 elementor-top-column elementor-element elementor-element-c865459\" data-id=\"c865459\" data-element_type=\"column\">\n\t\t\t<div class=\"elementor-widget-wrap elementor-element-populated\">\n\t\t\t\t\t\t<div class=\"elementor-element elementor-element-9031925 elementor-view-default elementor-position-top elementor-mobile-position-top elementor-widget elementor-widget-icon-box\" data-id=\"9031925\" data-element_type=\"widget\" data-widget_type=\"icon-box.default\">\n\t\t\t\t<div class=\"elementor-widget-container\">\n\t\t\t\t\t\t\t<div class=\"elementor-icon-box-wrapper\">\n\n\t\t\t\t\t\t<div class=\"elementor-icon-box-icon\">\n\t\t\t\t<span  class=\"elementor-icon\">\n\t\t\t\t<i aria-hidden=\"true\" class=\"fas fa-shield-alt\"><\/i>\t\t\t\t<\/span>\n\t\t\t<\/div>\n\t\t\t\n\t\t\t\t\t\t<div class=\"elementor-icon-box-content\">\n\n\t\t\t\t\t\t\t\t\t<h3 class=\"elementor-icon-box-title\">\n\t\t\t\t\t\t<span  >\n\t\t\t\t\t\t\tVeri G\u00fcvenli\u011fi\t\t\t\t\t\t<\/span>\n\t\t\t\t\t<\/h3>\n\t\t\t\t\n\t\t\t\t\t\t\t\t\t<p class=\"elementor-icon-box-description\">\n\t\t\t\t\t\tIAM, hassas verilere sadece yetkili ki\u015filerin eri\u015fmesini sa\u011flayarak veri g\u00fcvenli\u011fini art\u0131r\u0131r.\t\t\t\t\t<\/p>\n\t\t\t\t\n\t\t\t<\/div>\n\t\t\t\n\t\t<\/div>\n\t\t\t\t\t\t<\/div>\n\t\t\t\t<\/div>\n\t\t\t\t\t<\/div>\n\t\t<\/div>\n\t\t\t\t<div class=\"elementor-column elementor-col-25 elementor-top-column elementor-element elementor-element-b652b49\" data-id=\"b652b49\" data-element_type=\"column\">\n\t\t\t<div class=\"elementor-widget-wrap elementor-element-populated\">\n\t\t\t\t\t\t<div class=\"elementor-element elementor-element-ee6fe9c elementor-view-default elementor-position-top elementor-mobile-position-top elementor-widget elementor-widget-icon-box\" data-id=\"ee6fe9c\" data-element_type=\"widget\" data-widget_type=\"icon-box.default\">\n\t\t\t\t<div class=\"elementor-widget-container\">\n\t\t\t\t\t\t\t<div class=\"elementor-icon-box-wrapper\">\n\n\t\t\t\t\t\t<div class=\"elementor-icon-box-icon\">\n\t\t\t\t<span  class=\"elementor-icon\">\n\t\t\t\t<i aria-hidden=\"true\" class=\"fas fa-certificate\"><\/i>\t\t\t\t<\/span>\n\t\t\t<\/div>\n\t\t\t\n\t\t\t\t\t\t<div class=\"elementor-icon-box-content\">\n\n\t\t\t\t\t\t\t\t\t<h3 class=\"elementor-icon-box-title\">\n\t\t\t\t\t\t<span  >\n\t\t\t\t\t\t\tUyumluluk\t\t\t\t\t\t<\/span>\n\t\t\t\t\t<\/h3>\n\t\t\t\t\n\t\t\t\t\t\t\t\t\t<p class=\"elementor-icon-box-description\">\n\t\t\t\t\t\tIAM, uyumluluk gereksinimlerini kar\u015f\u0131lamaya yard\u0131mc\u0131 olur.\t\t\t\t\t<\/p>\n\t\t\t\t\n\t\t\t<\/div>\n\t\t\t\n\t\t<\/div>\n\t\t\t\t\t\t<\/div>\n\t\t\t\t<\/div>\n\t\t\t\t\t<\/div>\n\t\t<\/div>\n\t\t\t\t<div class=\"elementor-column elementor-col-25 elementor-top-column elementor-element elementor-element-8691749\" data-id=\"8691749\" data-element_type=\"column\">\n\t\t\t<div class=\"elementor-widget-wrap elementor-element-populated\">\n\t\t\t\t\t\t<div class=\"elementor-element elementor-element-45c27b2 elementor-view-default elementor-position-top elementor-mobile-position-top elementor-widget elementor-widget-icon-box\" data-id=\"45c27b2\" data-element_type=\"widget\" data-widget_type=\"icon-box.default\">\n\t\t\t\t<div class=\"elementor-widget-container\">\n\t\t\t\t\t\t\t<div class=\"elementor-icon-box-wrapper\">\n\n\t\t\t\t\t\t<div class=\"elementor-icon-box-icon\">\n\t\t\t\t<span  class=\"elementor-icon\">\n\t\t\t\t<i aria-hidden=\"true\" class=\"far fa-clock\"><\/i>\t\t\t\t<\/span>\n\t\t\t<\/div>\n\t\t\t\n\t\t\t\t\t\t<div class=\"elementor-icon-box-content\">\n\n\t\t\t\t\t\t\t\t\t<h3 class=\"elementor-icon-box-title\">\n\t\t\t\t\t\t<span  >\n\t\t\t\t\t\t\tVerimlilik\t\t\t\t\t\t<\/span>\n\t\t\t\t\t<\/h3>\n\t\t\t\t\n\t\t\t\t\t\t\t\t\t<p class=\"elementor-icon-box-description\">\n\t\t\t\t\t\tIAM, kullan\u0131c\u0131 y\u00f6netimi s\u00fcre\u00e7lerini otomatikle\u015ftirerek operasyonel verimlili\u011fi art\u0131r\u0131r.\t\t\t\t\t<\/p>\n\t\t\t\t\n\t\t\t<\/div>\n\t\t\t\n\t\t<\/div>\n\t\t\t\t\t\t<\/div>\n\t\t\t\t<\/div>\n\t\t\t\t\t<\/div>\n\t\t<\/div>\n\t\t\t\t<div class=\"elementor-column elementor-col-25 elementor-top-column elementor-element elementor-element-4471d16\" data-id=\"4471d16\" data-element_type=\"column\">\n\t\t\t<div class=\"elementor-widget-wrap elementor-element-populated\">\n\t\t\t\t\t\t<div class=\"elementor-element elementor-element-0dc7af5 elementor-view-default elementor-position-top elementor-mobile-position-top elementor-widget elementor-widget-icon-box\" data-id=\"0dc7af5\" data-element_type=\"widget\" data-widget_type=\"icon-box.default\">\n\t\t\t\t<div class=\"elementor-widget-container\">\n\t\t\t\t\t\t\t<div class=\"elementor-icon-box-wrapper\">\n\n\t\t\t\t\t\t<div class=\"elementor-icon-box-icon\">\n\t\t\t\t<span  class=\"elementor-icon\">\n\t\t\t\t<i aria-hidden=\"true\" class=\"far fa-money-bill-alt\"><\/i>\t\t\t\t<\/span>\n\t\t\t<\/div>\n\t\t\t\n\t\t\t\t\t\t<div class=\"elementor-icon-box-content\">\n\n\t\t\t\t\t\t\t\t\t<h3 class=\"elementor-icon-box-title\">\n\t\t\t\t\t\t<span  >\n\t\t\t\t\t\t\tMaliyet Tasarrufu\t\t\t\t\t\t<\/span>\n\t\t\t\t\t<\/h3>\n\t\t\t\t\n\t\t\t\t\t\t\t\t\t<p class=\"elementor-icon-box-description\">\n\t\t\t\t\t\tIAM, g\u00fcvenlik ihlallerinden kaynaklanan maliyetleri azalt\u0131r.\t\t\t\t\t<\/p>\n\t\t\t\t\n\t\t\t<\/div>\n\t\t\t\n\t\t<\/div>\n\t\t\t\t\t\t<\/div>\n\t\t\t\t<\/div>\n\t\t\t\t\t<\/div>\n\t\t<\/div>\n\t\t\t\t\t<\/div>\n\t\t<\/section>\n\t\t\t\t<section class=\"elementor-section elementor-top-section elementor-element elementor-element-a95eb62 elementor-section-boxed elementor-section-height-default elementor-section-height-default\" data-id=\"a95eb62\" data-element_type=\"section\">\n\t\t\t\t\t\t<div class=\"elementor-container elementor-column-gap-default\">\n\t\t\t\t\t<div class=\"elementor-column elementor-col-100 elementor-top-column elementor-element elementor-element-1d0eef0\" data-id=\"1d0eef0\" data-element_type=\"column\">\n\t\t\t<div class=\"elementor-widget-wrap elementor-element-populated\">\n\t\t\t\t\t\t<div class=\"elementor-element elementor-element-576eb15 elementor-widget elementor-widget-heading\" data-id=\"576eb15\" data-element_type=\"widget\" data-widget_type=\"heading.default\">\n\t\t\t\t<div class=\"elementor-widget-container\">\n\t\t\t\t\t<h1 class=\"elementor-heading-title elementor-size-default\">Neden IAM Kullanmal\u0131s\u0131n\u0131z?<\/h1>\t\t\t\t<\/div>\n\t\t\t\t<\/div>\n\t\t\t\t<div class=\"elementor-element elementor-element-f169d93 elementor-widget elementor-widget-text-editor\" data-id=\"f169d93\" data-element_type=\"widget\" data-widget_type=\"text-editor.default\">\n\t\t\t\t<div class=\"elementor-widget-container\">\n\t\t\t\t\t\t\t\t\tIAM (Kimlik ve Eri\u015fim Y\u00f6netimi), sadece b\u00fcy\u00fck \u015firketler i\u00e7in de\u011fil, her \u00f6l\u00e7ekteki i\u015fletme i\u00e7in hayati bir \u00f6neme sahiptir. G\u00fcn\u00fcm\u00fcz\u00fcn dijitalle\u015fen d\u00fcnyas\u0131nda, verilerinizin ve sistemlerinizin g\u00fcvenli\u011fini sa\u011flamak, uyumluluk gereksinimlerini kar\u015f\u0131lamak, operasyonel verimlili\u011fi art\u0131rmak ve maliyet tasarrufu sa\u011flamak i\u00e7in g\u00fc\u00e7l\u00fc bir IAM stratejisine sahip olman\u0131z ka\u00e7\u0131n\u0131lmazd\u0131r. IAM, i\u015fletmenizin dijital varl\u0131klar\u0131n\u0131 koruyarak, rekabet avantaj\u0131 elde etmenize ve s\u00fcrd\u00fcr\u00fclebilir bir b\u00fcy\u00fcme sa\u011flaman\u0131za yard\u0131mc\u0131 olur. Unutmay\u0131n, g\u00fcvenlik sadece bir maliyet de\u011fil, ayn\u0131 zamanda i\u015fletmenizin gelece\u011fine yap\u0131lan bir yat\u0131r\u0131md\u0131r.\t\t\t\t\t\t\t\t<\/div>\n\t\t\t\t<\/div>\n\t\t\t\t\t<\/div>\n\t\t<\/div>\n\t\t\t\t\t<\/div>\n\t\t<\/section>\n\t\t\t\t<section class=\"elementor-section elementor-top-section elementor-element elementor-element-7de14d2 elementor-section-boxed elementor-section-height-default elementor-section-height-default\" data-id=\"7de14d2\" data-element_type=\"section\">\n\t\t\t\t\t\t<div class=\"elementor-container elementor-column-gap-default\">\n\t\t\t\t\t<div class=\"elementor-column elementor-col-100 elementor-top-column elementor-element elementor-element-bccd0b9\" data-id=\"bccd0b9\" data-element_type=\"column\">\n\t\t\t<div class=\"elementor-widget-wrap elementor-element-populated\">\n\t\t\t\t\t\t<div class=\"elementor-element elementor-element-c8922c2 elementor-widget elementor-widget-heading\" data-id=\"c8922c2\" data-element_type=\"widget\" data-widget_type=\"heading.default\">\n\t\t\t\t<div class=\"elementor-widget-container\">\n\t\t\t\t\t<h1 class=\"elementor-heading-title elementor-size-default\">Entegrasyon ve Destek<\/h1>\t\t\t\t<\/div>\n\t\t\t\t<\/div>\n\t\t\t\t<div class=\"elementor-element elementor-element-d42b36d elementor-widget elementor-widget-text-editor\" data-id=\"d42b36d\" data-element_type=\"widget\" data-widget_type=\"text-editor.default\">\n\t\t\t\t<div class=\"elementor-widget-container\">\n\t\t\t\t\t\t\t\t\tIAM \u00e7\u00f6z\u00fcmlerimiz t\u00fcm yayg\u0131n sistemlerle uyumlu \u00e7al\u0131\u015f\u0131r ve kurulumu kolayd\u0131r. Uzman ekibimiz, kurulum ve entegrasyon s\u00fcrecinde size destek olur, kullan\u0131c\u0131 e\u011fitimi sa\u011flar ve 7\/24 teknik destek sunar.\t\t\t\t\t\t\t\t<\/div>\n\t\t\t\t<\/div>\n\t\t\t\t\t<\/div>\n\t\t<\/div>\n\t\t\t\t\t<\/div>\n\t\t<\/section>\n\t\t\t\t<section class=\"elementor-section elementor-top-section elementor-element elementor-element-a88b51b elementor-section-boxed elementor-section-height-default elementor-section-height-default\" data-id=\"a88b51b\" data-element_type=\"section\">\n\t\t\t\t\t\t<div class=\"elementor-container elementor-column-gap-default\">\n\t\t\t\t\t<div class=\"elementor-column elementor-col-100 elementor-top-column elementor-element elementor-element-4ba3cac\" data-id=\"4ba3cac\" data-element_type=\"column\">\n\t\t\t<div class=\"elementor-widget-wrap elementor-element-populated\">\n\t\t\t\t\t\t<section class=\"elementor-section elementor-inner-section elementor-element elementor-element-a5dc1f6 elementor-section-boxed elementor-section-height-default elementor-section-height-default\" data-id=\"a5dc1f6\" data-element_type=\"section\" data-settings=\"{&quot;background_background&quot;:&quot;classic&quot;}\">\n\t\t\t\t\t\t<div class=\"elementor-container elementor-column-gap-default\">\n\t\t\t\t\t<div class=\"elementor-column elementor-col-25 elementor-inner-column elementor-element elementor-element-c6536c7\" data-id=\"c6536c7\" data-element_type=\"column\">\n\t\t\t<div class=\"elementor-widget-wrap elementor-element-populated\">\n\t\t\t\t\t\t<div class=\"elementor-element elementor-element-7551370 elementor-widget elementor-widget-image\" data-id=\"7551370\" data-element_type=\"widget\" data-widget_type=\"image.default\">\n\t\t\t\t<div class=\"elementor-widget-container\">\n\t\t\t\t\t\t\t\t\t\t\t\t\t\t\t<img fetchpriority=\"high\" decoding=\"async\" width=\"1024\" height=\"205\" src=\"https:\/\/www.cynoks.com\/wp-content\/uploads\/2022\/04\/cyberarklogo-1024x205.png\" class=\"attachment-large size-large wp-image-2884\" alt=\"\" srcset=\"https:\/\/www.cynoks.com\/wp-content\/uploads\/2022\/04\/cyberarklogo-1024x205.png 1024w, https:\/\/www.cynoks.com\/wp-content\/uploads\/2022\/04\/cyberarklogo-300x60.png 300w, https:\/\/www.cynoks.com\/wp-content\/uploads\/2022\/04\/cyberarklogo-768x154.png 768w, https:\/\/www.cynoks.com\/wp-content\/uploads\/2022\/04\/cyberarklogo-1536x307.png 1536w, https:\/\/www.cynoks.com\/wp-content\/uploads\/2022\/04\/cyberarklogo-2048x410.png 2048w, https:\/\/www.cynoks.com\/wp-content\/uploads\/2022\/04\/cyberarklogo-18x4.png 18w\" sizes=\"(max-width: 1024px) 100vw, 1024px\" \/>\t\t\t\t\t\t\t\t\t\t\t\t\t\t\t<\/div>\n\t\t\t\t<\/div>\n\t\t\t\t\t<\/div>\n\t\t<\/div>\n\t\t\t\t<div class=\"elementor-column elementor-col-25 elementor-inner-column elementor-element elementor-element-74c45b9\" data-id=\"74c45b9\" data-element_type=\"column\">\n\t\t\t<div class=\"elementor-widget-wrap elementor-element-populated\">\n\t\t\t\t\t\t<div class=\"elementor-element elementor-element-2fa75a0 elementor-widget elementor-widget-image\" data-id=\"2fa75a0\" data-element_type=\"widget\" data-widget_type=\"image.default\">\n\t\t\t\t<div class=\"elementor-widget-container\">\n\t\t\t\t\t\t\t\t\t\t\t\t\t\t\t<img decoding=\"async\" width=\"432\" height=\"90\" src=\"https:\/\/www.cynoks.com\/wp-content\/uploads\/2025\/02\/plusauth-logo.png\" class=\"attachment-large size-large wp-image-6092\" alt=\"\" srcset=\"https:\/\/www.cynoks.com\/wp-content\/uploads\/2025\/02\/plusauth-logo.png 432w, https:\/\/www.cynoks.com\/wp-content\/uploads\/2025\/02\/plusauth-logo-300x63.png 300w, https:\/\/www.cynoks.com\/wp-content\/uploads\/2025\/02\/plusauth-logo-18x4.png 18w\" sizes=\"(max-width: 432px) 100vw, 432px\" \/>\t\t\t\t\t\t\t\t\t\t\t\t\t\t\t<\/div>\n\t\t\t\t<\/div>\n\t\t\t\t\t<\/div>\n\t\t<\/div>\n\t\t\t\t<div class=\"elementor-column elementor-col-25 elementor-inner-column elementor-element elementor-element-c39aa8f\" data-id=\"c39aa8f\" data-element_type=\"column\">\n\t\t\t<div class=\"elementor-widget-wrap\">\n\t\t\t\t\t\t\t<\/div>\n\t\t<\/div>\n\t\t\t\t<div class=\"elementor-column elementor-col-25 elementor-inner-column elementor-element elementor-element-ef23740\" data-id=\"ef23740\" data-element_type=\"column\">\n\t\t\t<div class=\"elementor-widget-wrap\">\n\t\t\t\t\t\t\t<\/div>\n\t\t<\/div>\n\t\t\t\t\t<\/div>\n\t\t<\/section>\n\t\t\t\t\t<\/div>\n\t\t<\/div>\n\t\t\t\t\t<\/div>\n\t\t<\/section>\n\t\t\t\t<\/div>","protected":false},"excerpt":{"rendered":"<p>Kimlik ve Eri\u015fim Y\u00f6netimi (IAM) Kimlik ve Eri\u015fim Y\u00f6netimi (IAM) G\u00fcn\u00fcm\u00fcz\u00fcn dijital d\u00fcnyas\u0131nda, i\u015fletmelerin verilerini ve sistemlerini korumak i\u00e7in g\u00fc\u00e7l\u00fc bir kimlik ve eri\u015fim y\u00f6netimi (IAM) stratejisine sahip olmas\u0131 kritik \u00f6nem ta\u015f\u0131yor. IAM, kullan\u0131c\u0131lar\u0131n kimliklerini do\u011frulayarak ve yetkilerini kontrol ederek yetkisiz eri\u015fimi engellemeyi ama\u00e7lar. Bu sayede hassas veriler korunur, uyumluluk gereksinimleri kar\u015f\u0131lan\u0131r ve operasyonel verimlilik [&hellip;]<\/p>","protected":false},"author":1,"featured_media":0,"parent":5086,"menu_order":0,"comment_status":"closed","ping_status":"closed","template":"","meta":{"om_disable_all_campaigns":false,"inline_featured_image":false,"_monsterinsights_skip_tracking":false,"_monsterinsights_sitenote_active":false,"_monsterinsights_sitenote_note":"","_monsterinsights_sitenote_category":0,"ocean_post_layout":"full-screen","ocean_both_sidebars_style":"","ocean_both_sidebars_content_width":0,"ocean_both_sidebars_sidebars_width":0,"ocean_sidebar":"0","ocean_second_sidebar":"0","ocean_disable_margins":"enable","ocean_add_body_class":"","ocean_shortcode_before_top_bar":"","ocean_shortcode_after_top_bar":"","ocean_shortcode_before_header":"","ocean_shortcode_after_header":"","ocean_has_shortcode":"","ocean_shortcode_after_title":"","ocean_shortcode_before_footer_widgets":"","ocean_shortcode_after_footer_widgets":"","ocean_shortcode_before_footer_bottom":"","ocean_shortcode_after_footer_bottom":"","ocean_display_top_bar":"default","ocean_display_header":"default","ocean_header_style":"","ocean_center_header_left_menu":"0","ocean_custom_header_template":"0","ocean_custom_logo":0,"ocean_custom_retina_logo":0,"ocean_custom_logo_max_width":0,"ocean_custom_logo_tablet_max_width":0,"ocean_custom_logo_mobile_max_width":0,"ocean_custom_logo_max_height":0,"ocean_custom_logo_tablet_max_height":0,"ocean_custom_logo_mobile_max_height":0,"ocean_header_custom_menu":"0","ocean_menu_typo_font_family":"0","ocean_menu_typo_font_subset":"","ocean_menu_typo_font_size":0,"ocean_menu_typo_font_size_tablet":0,"ocean_menu_typo_font_size_mobile":0,"ocean_menu_typo_font_size_unit":"px","ocean_menu_typo_font_weight":"","ocean_menu_typo_font_weight_tablet":"","ocean_menu_typo_font_weight_mobile":"","ocean_menu_typo_transform":"","ocean_menu_typo_transform_tablet":"","ocean_menu_typo_transform_mobile":"","ocean_menu_typo_line_height":0,"ocean_menu_typo_line_height_tablet":0,"ocean_menu_typo_line_height_mobile":0,"ocean_menu_typo_line_height_unit":"","ocean_menu_typo_spacing":0,"ocean_menu_typo_spacing_tablet":0,"ocean_menu_typo_spacing_mobile":0,"ocean_menu_typo_spacing_unit":"","ocean_menu_link_color":"","ocean_menu_link_color_hover":"","ocean_menu_link_color_active":"","ocean_menu_link_background":"","ocean_menu_link_hover_background":"","ocean_menu_link_active_background":"","ocean_menu_social_links_bg":"","ocean_menu_social_hover_links_bg":"","ocean_menu_social_links_color":"","ocean_menu_social_hover_links_color":"","ocean_disable_title":"on","ocean_disable_heading":"default","ocean_post_title":"","ocean_post_subheading":"","ocean_post_title_style":"","ocean_post_title_background_color":"","ocean_post_title_background":0,"ocean_post_title_bg_image_position":"","ocean_post_title_bg_image_attachment":"","ocean_post_title_bg_image_repeat":"","ocean_post_title_bg_image_size":"","ocean_post_title_height":0,"ocean_post_title_bg_overlay":0.5,"ocean_post_title_bg_overlay_color":"","ocean_disable_breadcrumbs":"default","ocean_breadcrumbs_color":"","ocean_breadcrumbs_separator_color":"","ocean_breadcrumbs_links_color":"","ocean_breadcrumbs_links_hover_color":"","ocean_display_footer_widgets":"default","ocean_display_footer_bottom":"default","ocean_custom_footer_template":"0","two_page_speed":[],"footnotes":""},"class_list":["post-583","page","type-page","status-publish","hentry","entry"],"_links":{"self":[{"href":"https:\/\/www.cynoks.com\/en\/wp-json\/wp\/v2\/pages\/583","targetHints":{"allow":["GET"]}}],"collection":[{"href":"https:\/\/www.cynoks.com\/en\/wp-json\/wp\/v2\/pages"}],"about":[{"href":"https:\/\/www.cynoks.com\/en\/wp-json\/wp\/v2\/types\/page"}],"author":[{"embeddable":true,"href":"https:\/\/www.cynoks.com\/en\/wp-json\/wp\/v2\/users\/1"}],"replies":[{"embeddable":true,"href":"https:\/\/www.cynoks.com\/en\/wp-json\/wp\/v2\/comments?post=583"}],"version-history":[{"count":47,"href":"https:\/\/www.cynoks.com\/en\/wp-json\/wp\/v2\/pages\/583\/revisions"}],"predecessor-version":[{"id":6249,"href":"https:\/\/www.cynoks.com\/en\/wp-json\/wp\/v2\/pages\/583\/revisions\/6249"}],"up":[{"embeddable":true,"href":"https:\/\/www.cynoks.com\/en\/wp-json\/wp\/v2\/pages\/5086"}],"wp:attachment":[{"href":"https:\/\/www.cynoks.com\/en\/wp-json\/wp\/v2\/media?parent=583"}],"curies":[{"name":"wp","href":"https:\/\/api.w.org\/{rel}","templated":true}]}}