{"id":5670,"date":"2024-03-14T16:52:12","date_gmt":"2024-03-14T13:52:12","guid":{"rendered":"https:\/\/cynoks.com\/?page_id=5670"},"modified":"2024-03-16T19:43:53","modified_gmt":"2024-03-16T16:43:53","slug":"cyberark-epm-ve-identity-entagrasyonu","status":"publish","type":"page","link":"https:\/\/www.cynoks.com\/en\/kaynaklar\/duyurular\/cyberark-epm-ve-identity-entagrasyonu\/","title":{"rendered":"CyberArk EPM ve Identity Entegrasyonu: G\u00fcc\u00fc ve G\u00fcvenli\u011fi Bir Araya Getirin!\u200b"},"content":{"rendered":"<div data-elementor-type=\"wp-page\" data-elementor-id=\"5670\" class=\"elementor elementor-5670\">\n\t\t\t\t\t\t<section class=\"elementor-section elementor-top-section elementor-element elementor-element-6bebeb90 elementor-section-height-min-height elementor-section-content-middle elementor-section-boxed elementor-section-height-default elementor-section-items-middle\" data-id=\"6bebeb90\" data-element_type=\"section\" data-settings=\"{&quot;background_background&quot;:&quot;classic&quot;}\">\n\t\t\t\t\t\t\t<div class=\"elementor-background-overlay\"><\/div>\n\t\t\t\t\t\t\t<div class=\"elementor-container elementor-column-gap-no\">\n\t\t\t\t\t<div class=\"elementor-column elementor-col-100 elementor-top-column elementor-element elementor-element-d4f5014\" data-id=\"d4f5014\" data-element_type=\"column\">\n\t\t\t<div class=\"elementor-widget-wrap elementor-element-populated\">\n\t\t\t\t\t\t<div class=\"elementor-element elementor-element-76183543 elementor-invisible elementor-widget elementor-widget-image\" data-id=\"76183543\" data-element_type=\"widget\" data-settings=\"{&quot;_animation&quot;:&quot;fadeInDown&quot;}\" data-widget_type=\"image.default\">\n\t\t\t\t<div class=\"elementor-widget-container\">\n\t\t\t\t\t\t\t\t\t\t\t\t\t\t\t<img decoding=\"async\" width=\"300\" height=\"60\" src=\"https:\/\/www.cynoks.com\/wp-content\/uploads\/2022\/04\/cyberarklogo-300x60.png\" class=\"attachment-medium size-medium wp-image-2884\" alt=\"\" srcset=\"https:\/\/www.cynoks.com\/wp-content\/uploads\/2022\/04\/cyberarklogo-300x60.png 300w, https:\/\/www.cynoks.com\/wp-content\/uploads\/2022\/04\/cyberarklogo-1024x205.png 1024w, https:\/\/www.cynoks.com\/wp-content\/uploads\/2022\/04\/cyberarklogo-768x154.png 768w, https:\/\/www.cynoks.com\/wp-content\/uploads\/2022\/04\/cyberarklogo-1536x307.png 1536w, https:\/\/www.cynoks.com\/wp-content\/uploads\/2022\/04\/cyberarklogo-2048x410.png 2048w, https:\/\/www.cynoks.com\/wp-content\/uploads\/2022\/04\/cyberarklogo-18x4.png 18w\" sizes=\"(max-width: 300px) 100vw, 300px\" \/>\t\t\t\t\t\t\t\t\t\t\t\t\t\t\t<\/div>\n\t\t\t\t<\/div>\n\t\t\t\t\t<\/div>\n\t\t<\/div>\n\t\t\t\t\t<\/div>\n\t\t<\/section>\n\t\t\t\t<section class=\"elementor-section elementor-top-section elementor-element elementor-element-25019246 elementor-section-boxed elementor-section-height-default elementor-section-height-default\" data-id=\"25019246\" data-element_type=\"section\">\n\t\t\t\t\t\t<div class=\"elementor-container elementor-column-gap-default\">\n\t\t\t\t\t<div class=\"elementor-column elementor-col-100 elementor-top-column elementor-element elementor-element-3dee4aa\" data-id=\"3dee4aa\" data-element_type=\"column\">\n\t\t\t<div class=\"elementor-widget-wrap elementor-element-populated\">\n\t\t\t\t\t\t<div class=\"elementor-element elementor-element-2ff3873 elementor-widget elementor-widget-heading\" data-id=\"2ff3873\" data-element_type=\"widget\" data-widget_type=\"heading.default\">\n\t\t\t\t<div class=\"elementor-widget-container\">\n\t\t\t\t\t<h1 class=\"elementor-heading-title elementor-size-xl\"><strong>CyberArk EPM ve Identity Entegrasyonu: G\u00fcc\u00fc ve G\u00fcvenli\u011fi Bir Araya Getirin<\/strong>!<\/h1>\t\t\t\t<\/div>\n\t\t\t\t<\/div>\n\t\t\t\t<div class=\"elementor-element elementor-element-e9f7f1e elementor-widget elementor-widget-text-editor\" data-id=\"e9f7f1e\" data-element_type=\"widget\" data-widget_type=\"text-editor.default\">\n\t\t\t\t<div class=\"elementor-widget-container\">\n\t\t\t\t\t\t\t\t\t<p>CyberArk, g\u00fcvenlik alan\u0131nda liderli\u011fini s\u00fcrd\u00fcrmeye devam ediyor ve bu kez CyberArk EPM&#8217;nin g\u00fc\u00e7l\u00fc \u00f6zelliklerini daha da geli\u015ftirmek i\u00e7in CyberArk Identity ile entegrasyonunu sunuyor. Bu entegrasyon, ayr\u0131cal\u0131kl\u0131 eri\u015fim y\u00f6netimi ile kimlik y\u00f6netimi aras\u0131nda sa\u011flam bir k\u00f6pr\u00fc olu\u015fturarak, g\u00fcvenlik ve kontrol\u00fc art\u0131r\u0131rken kullan\u0131c\u0131 deneyimini iyile\u015ftiriyor.<\/p><p>CyberArk EPM ve Identity entegrasyonu, i\u015fletmelere admin hakk\u0131 gerektiren uygulamalarda ek Multi-Factor Authentication (MFA) ile kullan\u0131c\u0131lara yetki verme imkan\u0131 sunar. Bu, hassas i\u015flemlerde ek bir g\u00fcvenlik katman\u0131 ekleyerek, yetkisiz eri\u015fimi engeller ve veri b\u00fct\u00fcnl\u00fc\u011f\u00fcn\u00fcz\u00fc korur.<\/p>\t\t\t\t\t\t\t\t<\/div>\n\t\t\t\t<\/div>\n\t\t\t\t<div class=\"elementor-element elementor-element-d8cb712 elementor-widget elementor-widget-image\" data-id=\"d8cb712\" data-element_type=\"widget\" data-widget_type=\"image.default\">\n\t\t\t\t<div class=\"elementor-widget-container\">\n\t\t\t\t\t\t\t\t\t\t\t\t\t\t\t<img fetchpriority=\"high\" decoding=\"async\" width=\"1024\" height=\"553\" src=\"https:\/\/www.cynoks.com\/wp-content\/uploads\/2024\/03\/1_1-1024x553.gif\" class=\"attachment-large size-large wp-image-5676\" alt=\"\" srcset=\"https:\/\/www.cynoks.com\/wp-content\/uploads\/2024\/03\/1_1-1024x553.gif 1024w, https:\/\/www.cynoks.com\/wp-content\/uploads\/2024\/03\/1_1-300x162.gif 300w, https:\/\/www.cynoks.com\/wp-content\/uploads\/2024\/03\/1_1-768x414.gif 768w, https:\/\/www.cynoks.com\/wp-content\/uploads\/2024\/03\/1_1-1536x829.gif 1536w, https:\/\/www.cynoks.com\/wp-content\/uploads\/2024\/03\/1_1-18x10.gif 18w, https:\/\/www.cynoks.com\/wp-content\/uploads\/2024\/03\/1_1-600x324.gif 600w\" sizes=\"(max-width: 1024px) 100vw, 1024px\" \/>\t\t\t\t\t\t\t\t\t\t\t\t\t\t\t<\/div>\n\t\t\t\t<\/div>\n\t\t\t\t\t<\/div>\n\t\t<\/div>\n\t\t\t\t\t<\/div>\n\t\t<\/section>\n\t\t\t\t<\/div>","protected":false},"excerpt":{"rendered":"<p>CyberArk EPM ve Identity Entegrasyonu: G\u00fcc\u00fc ve G\u00fcvenli\u011fi Bir Araya Getirin! CyberArk, g\u00fcvenlik alan\u0131nda liderli\u011fini s\u00fcrd\u00fcrmeye devam ediyor ve bu kez CyberArk EPM&#8217;nin g\u00fc\u00e7l\u00fc \u00f6zelliklerini daha da geli\u015ftirmek i\u00e7in CyberArk Identity ile entegrasyonunu sunuyor. Bu entegrasyon, ayr\u0131cal\u0131kl\u0131 eri\u015fim y\u00f6netimi ile kimlik y\u00f6netimi aras\u0131nda sa\u011flam bir k\u00f6pr\u00fc olu\u015fturarak, g\u00fcvenlik ve kontrol\u00fc art\u0131r\u0131rken kullan\u0131c\u0131 deneyimini iyile\u015ftiriyor. CyberArk [&hellip;]<\/p>","protected":false},"author":3,"featured_media":0,"parent":2856,"menu_order":0,"comment_status":"closed","ping_status":"closed","template":"","meta":{"om_disable_all_campaigns":false,"inline_featured_image":false,"_monsterinsights_skip_tracking":false,"_monsterinsights_sitenote_active":false,"_monsterinsights_sitenote_note":"","_monsterinsights_sitenote_category":0,"ocean_post_layout":"full-screen","ocean_both_sidebars_style":"","ocean_both_sidebars_content_width":0,"ocean_both_sidebars_sidebars_width":0,"ocean_sidebar":"0","ocean_second_sidebar":"0","ocean_disable_margins":"enable","ocean_add_body_class":"","ocean_shortcode_before_top_bar":"","ocean_shortcode_after_top_bar":"","ocean_shortcode_before_header":"","ocean_shortcode_after_header":"","ocean_has_shortcode":"","ocean_shortcode_after_title":"","ocean_shortcode_before_footer_widgets":"","ocean_shortcode_after_footer_widgets":"","ocean_shortcode_before_footer_bottom":"","ocean_shortcode_after_footer_bottom":"","ocean_display_top_bar":"default","ocean_display_header":"default","ocean_header_style":"","ocean_center_header_left_menu":"0","ocean_custom_header_template":"0","ocean_custom_logo":0,"ocean_custom_retina_logo":0,"ocean_custom_logo_max_width":0,"ocean_custom_logo_tablet_max_width":0,"ocean_custom_logo_mobile_max_width":0,"ocean_custom_logo_max_height":0,"ocean_custom_logo_tablet_max_height":0,"ocean_custom_logo_mobile_max_height":0,"ocean_header_custom_menu":"0","ocean_menu_typo_font_family":"0","ocean_menu_typo_font_subset":"","ocean_menu_typo_font_size":0,"ocean_menu_typo_font_size_tablet":0,"ocean_menu_typo_font_size_mobile":0,"ocean_menu_typo_font_size_unit":"px","ocean_menu_typo_font_weight":"","ocean_menu_typo_font_weight_tablet":"","ocean_menu_typo_font_weight_mobile":"","ocean_menu_typo_transform":"","ocean_menu_typo_transform_tablet":"","ocean_menu_typo_transform_mobile":"","ocean_menu_typo_line_height":0,"ocean_menu_typo_line_height_tablet":0,"ocean_menu_typo_line_height_mobile":0,"ocean_menu_typo_line_height_unit":"","ocean_menu_typo_spacing":0,"ocean_menu_typo_spacing_tablet":0,"ocean_menu_typo_spacing_mobile":0,"ocean_menu_typo_spacing_unit":"","ocean_menu_link_color":"","ocean_menu_link_color_hover":"","ocean_menu_link_color_active":"","ocean_menu_link_background":"","ocean_menu_link_hover_background":"","ocean_menu_link_active_background":"","ocean_menu_social_links_bg":"","ocean_menu_social_hover_links_bg":"","ocean_menu_social_links_color":"","ocean_menu_social_hover_links_color":"","ocean_disable_title":"on","ocean_disable_heading":"default","ocean_post_title":"","ocean_post_subheading":"","ocean_post_title_style":"","ocean_post_title_background_color":"","ocean_post_title_background":0,"ocean_post_title_bg_image_position":"","ocean_post_title_bg_image_attachment":"","ocean_post_title_bg_image_repeat":"","ocean_post_title_bg_image_size":"","ocean_post_title_height":0,"ocean_post_title_bg_overlay":0.5,"ocean_post_title_bg_overlay_color":"","ocean_disable_breadcrumbs":"default","ocean_breadcrumbs_color":"","ocean_breadcrumbs_separator_color":"","ocean_breadcrumbs_links_color":"","ocean_breadcrumbs_links_hover_color":"","ocean_display_footer_widgets":"default","ocean_display_footer_bottom":"default","ocean_custom_footer_template":"0","two_page_speed":[],"footnotes":""},"class_list":["post-5670","page","type-page","status-publish","hentry","entry"],"_links":{"self":[{"href":"https:\/\/www.cynoks.com\/en\/wp-json\/wp\/v2\/pages\/5670","targetHints":{"allow":["GET"]}}],"collection":[{"href":"https:\/\/www.cynoks.com\/en\/wp-json\/wp\/v2\/pages"}],"about":[{"href":"https:\/\/www.cynoks.com\/en\/wp-json\/wp\/v2\/types\/page"}],"author":[{"embeddable":true,"href":"https:\/\/www.cynoks.com\/en\/wp-json\/wp\/v2\/users\/3"}],"replies":[{"embeddable":true,"href":"https:\/\/www.cynoks.com\/en\/wp-json\/wp\/v2\/comments?post=5670"}],"version-history":[{"count":8,"href":"https:\/\/www.cynoks.com\/en\/wp-json\/wp\/v2\/pages\/5670\/revisions"}],"predecessor-version":[{"id":5681,"href":"https:\/\/www.cynoks.com\/en\/wp-json\/wp\/v2\/pages\/5670\/revisions\/5681"}],"up":[{"embeddable":true,"href":"https:\/\/www.cynoks.com\/en\/wp-json\/wp\/v2\/pages\/2856"}],"wp:attachment":[{"href":"https:\/\/www.cynoks.com\/en\/wp-json\/wp\/v2\/media?parent=5670"}],"curies":[{"name":"wp","href":"https:\/\/api.w.org\/{rel}","templated":true}]}}