{"id":551,"date":"2021-08-10T15:32:38","date_gmt":"2021-08-10T12:32:38","guid":{"rendered":"https:\/\/cynoks.com\/?page_id=551"},"modified":"2023-02-28T15:42:57","modified_gmt":"2023-02-28T12:42:57","slug":"blancco","status":"publish","type":"page","link":"https:\/\/www.cynoks.com\/en\/cozum-ortaklarimiz\/blancco\/","title":{"rendered":"Blancco"},"content":{"rendered":"<div data-elementor-type=\"wp-page\" data-elementor-id=\"551\" class=\"elementor elementor-551\">\n\t\t\t\t\t\t<section class=\"elementor-section elementor-top-section elementor-element elementor-element-33bdc2cd elementor-section-height-min-height elementor-section-content-middle elementor-section-boxed elementor-section-height-default elementor-section-items-middle\" data-id=\"33bdc2cd\" data-element_type=\"section\" data-settings=\"{&quot;background_background&quot;:&quot;classic&quot;}\">\n\t\t\t\t\t\t\t<div class=\"elementor-background-overlay\"><\/div>\n\t\t\t\t\t\t\t<div class=\"elementor-container elementor-column-gap-no\">\n\t\t\t\t\t<div class=\"elementor-column elementor-col-100 elementor-top-column elementor-element elementor-element-57b5daa9\" data-id=\"57b5daa9\" data-element_type=\"column\">\n\t\t\t<div class=\"elementor-widget-wrap elementor-element-populated\">\n\t\t\t\t\t\t<div class=\"elementor-element elementor-element-16e0f1e5 elementor-invisible elementor-widget elementor-widget-image\" data-id=\"16e0f1e5\" data-element_type=\"widget\" data-settings=\"{&quot;_animation&quot;:&quot;fadeInDown&quot;}\" data-widget_type=\"image.default\">\n\t\t\t\t<div class=\"elementor-widget-container\">\n\t\t\t\t\t\t\t\t\t\t\t\t\t\t\t<img decoding=\"async\" width=\"300\" height=\"150\" src=\"https:\/\/www.cynoks.com\/wp-content\/uploads\/2021\/08\/300x150-vendor-logo-blanco.png\" class=\"attachment-medium size-medium wp-image-1302\" alt=\"\" \/>\t\t\t\t\t\t\t\t\t\t\t\t\t\t\t<\/div>\n\t\t\t\t<\/div>\n\t\t\t\t\t<\/div>\n\t\t<\/div>\n\t\t\t\t\t<\/div>\n\t\t<\/section>\n\t\t\t\t<section class=\"elementor-section elementor-top-section elementor-element elementor-element-75e99da elementor-section-boxed elementor-section-height-default elementor-section-height-default\" data-id=\"75e99da\" data-element_type=\"section\">\n\t\t\t\t\t\t<div class=\"elementor-container elementor-column-gap-default\">\n\t\t\t\t\t<div class=\"elementor-column elementor-col-100 elementor-top-column elementor-element elementor-element-69e400c elementor-invisible\" data-id=\"69e400c\" data-element_type=\"column\" data-settings=\"{&quot;animation&quot;:&quot;fadeIn&quot;}\">\n\t\t\t<div class=\"elementor-widget-wrap elementor-element-populated\">\n\t\t\t\t\t\t<div class=\"elementor-element elementor-element-9345171 elementor-widget elementor-widget-text-editor\" data-id=\"9345171\" data-element_type=\"widget\" data-widget_type=\"text-editor.default\">\n\t\t\t\t<div class=\"elementor-widget-container\">\n\t\t\t\t\t\t\t\t\t<h2 class=\"fusion-responsive-typography-calculated\" data-fontsize=\"42\" data-lineheight=\"54.6px\">BLANCCO<\/h2><p>\u00c7\u00f6z\u00fcmlerinin ba\u015far\u0131s\u0131n\u0131 NATO ve T\u00dcV\u2019\u00fcn de i\u00e7erisinde yer ald\u0131\u011f\u0131 yakla\u015f\u0131k 10 farkl\u0131 otoriteden alm\u0131\u015f oldu\u011fu onay, sertifika ve \u00f6neri belgesi ile kan\u0131tlam\u0131\u015f olan Blancco, 1997 y\u0131l\u0131ndan beri Avrupa, Kuzey Amerika, Asya ve Avusturalya\u2019daki uluslararas\u0131 ofisleri ve t\u00fcm d\u00fcnyadaki \u00e7\u00f6z\u00fcm ortaklar\u0131yla sekt\u00f6rel \u00f6nc\u00fcl\u00fc\u011f\u00fcn\u00fc s\u00fcrd\u00fcrmektedir. Merkezi Finlandiya\u2019da olan \u015firketin \u00e7\u00f6z\u00fcmleri her g\u00fcn de\u011fi\u015fik co\u011frafyalardaki on binlerce kurumun bili\u015fim varl\u0131klar\u0131n\u0131 test ve analiz etmekte, verilerinin g\u00fcvenilir bir \u015fekilde temizlenmi\u015f oldu\u011funu garanti alt\u0131na almaktad\u0131r.<\/p><ul><li>Varolan en h\u0131zl\u0131 ve g\u00fcvenilir yolla tamamen otomatik, uzaktan veri silme i\u015flemlerinin y\u00f6netimi.<\/li><li>K\u00fcresel g\u00fcvenlik ve gizlilik ile ilgili yasa ve mevzuatlara tam uyumluluk.<\/li><li>Veri temizleme yaz\u0131l\u0131m\u0131 da\u011f\u0131t\u0131m\u0131 ve silme raporlama denetlemeleri dahil, t\u00fcm bili\u015fim varl\u0131klar\u0131n\u0131n tasfiye s\u00fcre\u00e7lerinin y\u00f6netimi.<\/li><li>Yaz\u0131c\u0131lar ve fotokopi makineleri gibi i\u015flevsel olmayanlar dahil t\u00fcm bili\u015fim varl\u0131klar\u0131 i\u00e7in bilgi toplama, saklama ve y\u00f6netim.<\/li><\/ul><h2 data-fontsize=\"30\" data-lineheight=\"42px\">\u00a0<\/h2><h2 class=\"fusion-responsive-typography-calculated\" data-fontsize=\"30\" data-lineheight=\"42px\">NEDEN BLANCCO ?<\/h2><ul><li>D\u00fcnya genelinde %100 g\u00fcvenli ve sertifikal\u0131 veri silme teknolojisine odakl\u0131 \u00e7al\u0131\u015fan\u00a0tek firmad\u0131r.<\/li><li>En \u00e7ok sertifikaya sahip veri yok etme \u00e7\u00f6z\u00fcmleri.<\/li><li>K\u00fcresel g\u00fcvenlik ve gizlilik ile ilgili yasa ve mevzuatlara tam uyumluluk.<\/li><li>Varolan en h\u0131zl\u0131 ve g\u00fcvenilir yolla tamamen otomatik, uzaktan veri silme i\u015flemlerinin y\u00f6netimi.<\/li><li>Veri temizleme yaz\u0131l\u0131m\u0131 da\u011f\u0131t\u0131m\u0131 ve silme raporlama denetlemeleri dahil, t\u00fcm bili\u015fim varl\u0131klar\u0131n\u0131n tasfiye s\u00fcre\u00e7lerinin y\u00f6netimi.<\/li><li>Yaz\u0131c\u0131lar ve fotokopi makineleri gibi i\u015flevsel olmayanlar dahil t\u00fcm bili\u015fim varl\u0131klar\u0131 i\u00e7in bilgi toplama,\u00a0saklama ve y\u00f6netim.<\/li><\/ul><h2 data-fontsize=\"30\" data-lineheight=\"42px\">\u00a0<\/h2><h2 class=\"fusion-responsive-typography-calculated\" data-fontsize=\"30\" data-lineheight=\"42px\">BLANCCO SUNUCU S\u00dcR\u00dcM\u00dc<\/h2><p>Blancco sunucu s\u00fcr\u00fcm\u00fc\u00a0karma\u015f\u0131k sunucu ortamlar\u0131 i\u00e7in \u00fcretilmi\u015f h\u0131zl\u0131, etkili ve %100 g\u00fcvenli profesyonel bir veri silme \u00e7\u00f6z\u00fcm\u00fcd\u00fcr.<\/p><p><b>\u00d6NE \u00c7IKANLAR<\/b><\/p><ul><li>Silinen disklerinin yeniden kullanabilmesi \u00f6zelli\u011fi (NTFS, FAT16 or FAT32).<\/li><li>Herhangi b\u00fcy\u00fckl\u00fckte max. 16 adet IDE\/ATA, SCSI, USB, SATA, Fiber Channel.<\/li><li>FireWire, veya SAS sabit s\u00fcr\u00fcc\u00fc silebilme \u00f6zelli\u011fi.<\/li><li>Bozuk sekt\u00f6r tespiti.<\/li><\/ul><h2 data-fontsize=\"30\" data-lineheight=\"42px\">\u00a0<\/h2><h2 class=\"fusion-responsive-typography-calculated\" data-fontsize=\"30\" data-lineheight=\"42px\">BLANCCO PC S\u00dcR\u00dcM\u00dc<\/h2><p>Blancco bilgisayar s\u00fcr\u00fcm\u00fc\u00a0PC ve laptop bilgisayarlardan t\u00fcm bilgiyi g\u00fcvenli bir \u015fekilde silmek i\u00e7in dizayn edilmi\u015f profesyonel bir yaz\u0131l\u0131md\u0131r.<\/p><p><b>\u00d6NE \u00c7IKANLAR<\/b><\/p><ul><li>9 farkl\u0131 dilde y\u00fcklenebilen \u00fcr\u00fcn;\u00a0 MSI, Network PXE, CD ve USB gibi bir\u00e7ok da\u011f\u0131t\u0131m se\u00e7eneklerine sahiptir.<\/li><li>Blancco silme i\u015flemi sonras\u0131nda PC\/laptop\u2019unuzu yeniden kullanabilir veya g\u00fcvenle satabilirsiniz.<\/li><li>\u0130\u015fletim sistemi ba\u011f\u0131ms\u0131z \u00e7al\u0131\u015fabilme \u00f6zelli\u011fi. Windows, linux, intel temelli MAC.<\/li><li>IDE, SATA, SSD, SCSI, FC, SAS deste\u011fi.<\/li><li>18 uluslararas\u0131 silme standard\u0131<\/li><\/ul><h2 data-fontsize=\"30\" data-lineheight=\"42px\">\u00a0<\/h2><h2 class=\"fusion-responsive-typography-calculated\" data-fontsize=\"30\" data-lineheight=\"42px\">BLANCCO DOSYA BAZLI VER\u0130 S\u0130LME S\u00dcR\u00dcM\u00dc<\/h2><p>Dosya Bazl\u0131 Veri Silme Bilgisayar S\u00fcr\u00fcm\u00fc\u00a0Windows komutlar\u0131 ile dosyalar\u0131 silme i\u015flemi esas\u0131nda verileri silmemektedir. Blancco dosya bazl\u0131 veri silme \u00fcr\u00fcn\u00fc verileri diz\u00fcst\u00fc veya masa\u00fcst\u00fc bilgisayar\u0131n\u0131zdan kal\u0131c\u0131 olarak silmektedir.<\/p><p><b>\u00d6NE \u00c7IKANLAR<\/b><\/p><ul><li>Excel, Word ve PDF temelli dosyalar\u0131n kal\u0131c\u0131 olarak sistemden yok edilebilmesi i\u00e7in kusursuz\u00a0bir \u00e7\u00f6z\u00fcmd\u00fcr.<\/li><li>Dosya veya dizinleri kal\u0131c\u0131 olarak sistemden siler.<\/li><li>Evrensel t\u00fcm veri silme standartlar\u0131n\u0131 desteklemektedir.<\/li><\/ul><h2 data-fontsize=\"30\" data-lineheight=\"42px\">\u00a0<\/h2><h2 class=\"fusion-responsive-typography-calculated\" data-fontsize=\"30\" data-lineheight=\"42px\">BLANCCO MOB\u0130L S\u00dcR\u00dcM\u00dc<\/h2><p>Ak\u0131ll\u0131 telefonu fabrika ayarlar\u0131na almak y\u00fczde y\u00fcz anlamda verileri imha ettiniz anlam\u0131na gelmemektedir. Muhtelif veri kurtarma yaz\u0131l\u0131mlar\u0131 vas\u0131tas\u0131 ile ilgi veri geri getirilebilir. Blancco mobil s\u00fcr\u00fcm\u00fc yard\u0131m\u0131 ile t\u00fcm kullan\u0131c\u0131 verileri (e-posta, kontaklar, metin mesajlar) kal\u0131c\u0131 olarak g\u00fcvenli bir \u015fekilde silinebilmektedir.<\/p><p><b>\u00d6NE \u00c7IKANLAR<\/b><\/p><ul><li>Ak\u0131ll\u0131 telefonlar\u0131n dahili ve harici haf\u0131zalar\u0131n\u0131 g\u00fcvenli bir \u015fekilde silmek i\u00e7in dizayn edilmi\u015ftir.<\/li><li>Yaz\u0131l\u0131m ayn\u0131 zamanda tablet bilgisayarlarda da \u00e7al\u0131\u015fmaktad\u0131r.<\/li><li>Son derece h\u0131zl\u0131 silme \u00f6zelliklerinin yan\u0131 s\u0131ra \u00fcr\u00fcn bir o derece de kolay kullan\u0131m \u00f6zellikleri\u00a0sunmaktad\u0131r.<\/li><\/ul><h2 data-fontsize=\"30\" data-lineheight=\"42px\">\u00a0<\/h2><h2 class=\"fusion-responsive-typography-calculated\" data-fontsize=\"30\" data-lineheight=\"42px\">BLANCCO VE PCI DSS<\/h2><p>PCI DSS zorunluluklar\u0131na istinaden \u00f6deme kart\u0131 bilgilerinin 5 y\u0131ldan fazla bir s\u00fcre depolanmamas\u0131 gerekmektedir. Bu da veri merkezlerinin zman veya vaka bazl\u0131 olarak spesifik LUN verilerini hedefleyen bir silme \u00fcr\u00fcn\u00fcne ihtiya\u00e7 duyduklar\u0131n\u0131 g\u00f6stermektedir.<\/p><p>Blancco LUN, kurumlar\u0131n depolama sistemi konfig\u00fcrasyonlar\u0131n\u0131n yeniden kullan\u0131m\u0131na ili\u015fkin olarak veri merkezlerine g\u00fcvenli ve maliyetli se\u00e7enekler sunmaktad\u0131r. Bu sayede konfig\u00fcrasyonlar\u0131n yeniden kurulmas\u0131na ya da sabit s\u00fcr\u00fcc\u00fclerin imha edilmesine gerek kalmamaktad\u0131r. Blancco LUN sayesinde, y\u00f6neticiler aktif bir depolama ortam\u0131nda LUN\u2019lar gibi mant\u0131ksal s\u00fcr\u00fcc\u00fcleri merkezi olarak silebilmektedir. S\u00fcre\u00e7 uzaktan y\u00f6netilebilmekte ve \u00e7oklu birimlerin e\u015f zamanl\u0131 olarak silinebilmesine destek vermektedir.<\/p>\t\t\t\t\t\t\t\t<\/div>\n\t\t\t\t<\/div>\n\t\t\t\t\t<\/div>\n\t\t<\/div>\n\t\t\t\t\t<\/div>\n\t\t<\/section>\n\t\t\t\t<\/div>","protected":false},"excerpt":{"rendered":"<p>BLANCCO \u00c7\u00f6z\u00fcmlerinin ba\u015far\u0131s\u0131n\u0131 NATO ve T\u00dcV\u2019\u00fcn de i\u00e7erisinde yer ald\u0131\u011f\u0131 yakla\u015f\u0131k 10 farkl\u0131 otoriteden alm\u0131\u015f oldu\u011fu onay, sertifika ve \u00f6neri belgesi ile kan\u0131tlam\u0131\u015f olan Blancco, 1997 y\u0131l\u0131ndan beri Avrupa, Kuzey Amerika, Asya ve Avusturalya\u2019daki uluslararas\u0131 ofisleri ve t\u00fcm d\u00fcnyadaki \u00e7\u00f6z\u00fcm ortaklar\u0131yla sekt\u00f6rel \u00f6nc\u00fcl\u00fc\u011f\u00fcn\u00fc s\u00fcrd\u00fcrmektedir. Merkezi Finlandiya\u2019da olan \u015firketin \u00e7\u00f6z\u00fcmleri her g\u00fcn de\u011fi\u015fik co\u011frafyalardaki on binlerce [&hellip;]<\/p>","protected":false},"author":1,"featured_media":0,"parent":498,"menu_order":0,"comment_status":"closed","ping_status":"closed","template":"","meta":{"om_disable_all_campaigns":false,"inline_featured_image":false,"_monsterinsights_skip_tracking":false,"_monsterinsights_sitenote_active":false,"_monsterinsights_sitenote_note":"","_monsterinsights_sitenote_category":0,"ocean_post_layout":"full-screen","ocean_both_sidebars_style":"","ocean_both_sidebars_content_width":0,"ocean_both_sidebars_sidebars_width":0,"ocean_sidebar":"0","ocean_second_sidebar":"0","ocean_disable_margins":"enable","ocean_add_body_class":"","ocean_shortcode_before_top_bar":"","ocean_shortcode_after_top_bar":"","ocean_shortcode_before_header":"","ocean_shortcode_after_header":"","ocean_has_shortcode":"","ocean_shortcode_after_title":"","ocean_shortcode_before_footer_widgets":"","ocean_shortcode_after_footer_widgets":"","ocean_shortcode_before_footer_bottom":"","ocean_shortcode_after_footer_bottom":"","ocean_display_top_bar":"default","ocean_display_header":"default","ocean_header_style":"","ocean_center_header_left_menu":"0","ocean_custom_header_template":"0","ocean_custom_logo":0,"ocean_custom_retina_logo":0,"ocean_custom_logo_max_width":0,"ocean_custom_logo_tablet_max_width":0,"ocean_custom_logo_mobile_max_width":0,"ocean_custom_logo_max_height":0,"ocean_custom_logo_tablet_max_height":0,"ocean_custom_logo_mobile_max_height":0,"ocean_header_custom_menu":"0","ocean_menu_typo_font_family":"0","ocean_menu_typo_font_subset":"","ocean_menu_typo_font_size":0,"ocean_menu_typo_font_size_tablet":0,"ocean_menu_typo_font_size_mobile":0,"ocean_menu_typo_font_size_unit":"px","ocean_menu_typo_font_weight":"","ocean_menu_typo_font_weight_tablet":"","ocean_menu_typo_font_weight_mobile":"","ocean_menu_typo_transform":"","ocean_menu_typo_transform_tablet":"","ocean_menu_typo_transform_mobile":"","ocean_menu_typo_line_height":0,"ocean_menu_typo_line_height_tablet":0,"ocean_menu_typo_line_height_mobile":0,"ocean_menu_typo_line_height_unit":"","ocean_menu_typo_spacing":0,"ocean_menu_typo_spacing_tablet":0,"ocean_menu_typo_spacing_mobile":0,"ocean_menu_typo_spacing_unit":"","ocean_menu_link_color":"","ocean_menu_link_color_hover":"","ocean_menu_link_color_active":"","ocean_menu_link_background":"","ocean_menu_link_hover_background":"","ocean_menu_link_active_background":"","ocean_menu_social_links_bg":"","ocean_menu_social_hover_links_bg":"","ocean_menu_social_links_color":"","ocean_menu_social_hover_links_color":"","ocean_disable_title":"on","ocean_disable_heading":"default","ocean_post_title":"","ocean_post_subheading":"","ocean_post_title_style":"","ocean_post_title_background_color":"","ocean_post_title_background":0,"ocean_post_title_bg_image_position":"","ocean_post_title_bg_image_attachment":"","ocean_post_title_bg_image_repeat":"","ocean_post_title_bg_image_size":"","ocean_post_title_height":0,"ocean_post_title_bg_overlay":0.5,"ocean_post_title_bg_overlay_color":"","ocean_disable_breadcrumbs":"default","ocean_breadcrumbs_color":"","ocean_breadcrumbs_separator_color":"","ocean_breadcrumbs_links_color":"","ocean_breadcrumbs_links_hover_color":"","ocean_display_footer_widgets":"default","ocean_display_footer_bottom":"default","ocean_custom_footer_template":"0","two_page_speed":[],"footnotes":""},"class_list":["post-551","page","type-page","status-publish","hentry","entry"],"_links":{"self":[{"href":"https:\/\/www.cynoks.com\/en\/wp-json\/wp\/v2\/pages\/551","targetHints":{"allow":["GET"]}}],"collection":[{"href":"https:\/\/www.cynoks.com\/en\/wp-json\/wp\/v2\/pages"}],"about":[{"href":"https:\/\/www.cynoks.com\/en\/wp-json\/wp\/v2\/types\/page"}],"author":[{"embeddable":true,"href":"https:\/\/www.cynoks.com\/en\/wp-json\/wp\/v2\/users\/1"}],"replies":[{"embeddable":true,"href":"https:\/\/www.cynoks.com\/en\/wp-json\/wp\/v2\/comments?post=551"}],"version-history":[{"count":22,"href":"https:\/\/www.cynoks.com\/en\/wp-json\/wp\/v2\/pages\/551\/revisions"}],"predecessor-version":[{"id":1726,"href":"https:\/\/www.cynoks.com\/en\/wp-json\/wp\/v2\/pages\/551\/revisions\/1726"}],"up":[{"embeddable":true,"href":"https:\/\/www.cynoks.com\/en\/wp-json\/wp\/v2\/pages\/498"}],"wp:attachment":[{"href":"https:\/\/www.cynoks.com\/en\/wp-json\/wp\/v2\/media?parent=551"}],"curies":[{"name":"wp","href":"https:\/\/api.w.org\/{rel}","templated":true}]}}