{"id":504,"date":"2021-08-08T20:25:19","date_gmt":"2021-08-08T17:25:19","guid":{"rendered":"https:\/\/cynoks.com\/?page_id=504"},"modified":"2023-02-28T16:00:50","modified_gmt":"2023-02-28T13:00:50","slug":"blog","status":"publish","type":"page","link":"https:\/\/www.cynoks.com\/en\/kaynaklar\/blog\/","title":{"rendered":"Blog"},"content":{"rendered":"<div data-elementor-type=\"wp-page\" data-elementor-id=\"504\" class=\"elementor elementor-504\">\n\t\t\t\t\t\t<section class=\"elementor-section elementor-top-section elementor-element elementor-element-617b6a94 elementor-section-height-min-height elementor-section-content-middle elementor-section-boxed elementor-section-height-default elementor-section-items-middle\" data-id=\"617b6a94\" data-element_type=\"section\" data-settings=\"{&quot;background_background&quot;:&quot;classic&quot;}\">\n\t\t\t\t\t\t\t<div class=\"elementor-background-overlay\"><\/div>\n\t\t\t\t\t\t\t<div class=\"elementor-container elementor-column-gap-no\">\n\t\t\t\t\t<div class=\"elementor-column elementor-col-100 elementor-top-column elementor-element elementor-element-4a504692\" data-id=\"4a504692\" data-element_type=\"column\">\n\t\t\t<div class=\"elementor-widget-wrap elementor-element-populated\">\n\t\t\t\t\t\t<div class=\"elementor-element elementor-element-251424c5 elementor-invisible elementor-widget elementor-widget-heading\" data-id=\"251424c5\" data-element_type=\"widget\" data-settings=\"{&quot;_animation&quot;:&quot;fadeInDown&quot;}\" data-widget_type=\"heading.default\">\n\t\t\t\t<div class=\"elementor-widget-container\">\n\t\t\t\t\t<h1 class=\"elementor-heading-title elementor-size-default\">Blog<\/h1>\t\t\t\t<\/div>\n\t\t\t\t<\/div>\n\t\t\t\t<div class=\"elementor-element elementor-element-2bc1baba elementor-invisible elementor-widget elementor-widget-text-editor\" data-id=\"2bc1baba\" data-element_type=\"widget\" data-settings=\"{&quot;_animation&quot;:&quot;fadeInUp&quot;}\" data-widget_type=\"text-editor.default\">\n\t\t\t\t<div class=\"elementor-widget-container\">\n\t\t\t\t\t\t\t\t\t<p>Cynoks&#8217;un sizler i\u00e7in derledi\u011fi \u00f6zel blog.<\/p>\t\t\t\t\t\t\t\t<\/div>\n\t\t\t\t<\/div>\n\t\t\t\t\t<\/div>\n\t\t<\/div>\n\t\t\t\t\t<\/div>\n\t\t<\/section>\n\t\t\t\t<section class=\"elementor-section elementor-top-section elementor-element elementor-element-44410eeb elementor-section-boxed elementor-section-height-default elementor-section-height-default\" data-id=\"44410eeb\" data-element_type=\"section\">\n\t\t\t\t\t\t<div class=\"elementor-container elementor-column-gap-default\">\n\t\t\t\t\t<div class=\"elementor-column elementor-col-100 elementor-top-column elementor-element elementor-element-4701ed05\" data-id=\"4701ed05\" data-element_type=\"column\">\n\t\t\t<div class=\"elementor-widget-wrap elementor-element-populated\">\n\t\t\t\t\t\t<div class=\"elementor-element elementor-element-1cc39a40 premium-blog-align-left elementor-widget elementor-widget-premium-addon-blog\" data-id=\"1cc39a40\" data-element_type=\"widget\" data-settings=\"{&quot;premium_blog_columns_number&quot;:&quot;100%&quot;,&quot;premium_blog_grid&quot;:&quot;yes&quot;,&quot;premium_blog_layout&quot;:&quot;even&quot;,&quot;premium_blog_columns_number_tablet&quot;:&quot;50%&quot;,&quot;premium_blog_columns_number_mobile&quot;:&quot;100%&quot;}\" data-widget_type=\"premium-addon-blog.default\">\n\t\t\t\t<div class=\"elementor-widget-container\">\n\t\t\t\t\t\n\t\t\t\t<div class=\"premium-blog-wrap  premium-blog-even\" data-page=\"504\">\n\t\t\t\t\t<div class=\"premium-blog-post-outer-container\" data-total=\"3\">\n\t\t\t<div class=\"premium-blog-post-container premium-blog-skin-modern\">\n\t\t\t\t\t\t\t\t\t\t\t\t<div class=\"premium-blog-content-wrapper empty-thumb\">\n\n\t\t\t\t\t<div class=\"premium-blog-inner-container\">\n\n\t\t\t\t\t\t\t\t\t\t\t\t\t\t<h2 class=\"premium-blog-entry-title\">\n\t\t\t<a href=\"https:\/\/www.cynoks.com\/en\/2025\/01\/06\/googlein-sertifika-yasam-dongusu-suresini-90-gune-indirmesinin-olasi-etkileri-kapsamli-bir-analiz\/\" target=\"_self\">\n\t\t\t\tGoogle&#8217;\u0131n Sertifika Ya\u015fam D\u00f6ng\u00fcs\u00fc S\u00fcresini 90 G\u00fcne \u0130ndirmesinin Olas\u0131 Etkileri: Kapsaml\u0131 Bir Analiz\t\t\t<\/a>\n\t\t<\/h2>\n\t\t\t\t<div class=\"premium-blog-entry-meta\">\n\t\t\t\n\t\t\t\t\t\t\t<span class=\"premium-blog-meta-separator\">\u2022<\/span>\n\t\t\t\t<div class=\"premium-blog-post-time premium-blog-meta-data\">\n\t\t\t\t\t<i class=\"fa fa-calendar-alt\" aria-hidden=\"true\"><\/i>\n\t\t\t\t\t<span>6 January 2025<\/span>\n\t\t\t\t<\/div>\n\t\t\t\n\t\t\t\t\t\t\t<span class=\"premium-blog-meta-separator\">\u2022<\/span>\n\t\t\t\t<div class=\"premium-blog-post-categories premium-blog-meta-data\">\n\t\t\t\t\t<i class=\"fa fa-align-left fa-fw\" aria-hidden=\"true\"><\/i>\n\t\t\t\t\t<a href=\"https:\/\/www.cynoks.com\/en\/category\/blog\/\" rel=\"category tag\">Blog<\/a>\t\t\t\t<\/div>\n\t\t\t\n\t\t\t\t\t<\/div>\n\t\t\n\t\t\t\t\t<\/div>\n\n\t\t\t\t\t\t\t<div class=\"premium-blog-content-inner-wrapper\">\n\t\t<p class=\"premium-blog-post-content\">Giri\u015f Google&#8217;\u0131n SSL\/TLS sertifikalar\u0131n\u0131n maksimum ge\u00e7erlilik s\u00fcresini 90 g\u00fcne indirme karar\u0131, dijital g\u00fcvenlik d\u00fcnyas\u0131nda \u00f6nemli yank\u0131lar uyand\u0131rd\u0131. Bu de\u011fi\u015fiklik, web g\u00fcvenli\u011finin gelece\u011fini \u2026<\/p>\t\t<\/div>\n\t\t\t\t\t\t\t\n\t\t\t\t<\/div>\n\t\t\t<\/div>\n\t\t<\/div>\n\n\t\t\t\t<div class=\"premium-blog-post-outer-container\" data-total=\"3\">\n\t\t\t<div class=\"premium-blog-post-container premium-blog-skin-modern\">\n\t\t\t\t\t\t\t\t\t\t\t\t<div class=\"premium-blog-content-wrapper empty-thumb\">\n\n\t\t\t\t\t<div class=\"premium-blog-inner-container\">\n\n\t\t\t\t\t\t\t\t\t\t\t\t\t\t<h2 class=\"premium-blog-entry-title\">\n\t\t\t<a href=\"https:\/\/www.cynoks.com\/en\/2024\/11\/20\/ayricalikli-erisim-yonetimi-pam-ile-siber-guvenliginizi-zirveye-tasiyin\/\" target=\"_self\">\n\t\t\t\tAyr\u0131cal\u0131kl\u0131 Eri\u015fim Y\u00f6netimi (PAM) ile Siber G\u00fcvenli\u011finizi Zirveye Ta\u015f\u0131y\u0131n\t\t\t<\/a>\n\t\t<\/h2>\n\t\t\t\t<div class=\"premium-blog-entry-meta\">\n\t\t\t\n\t\t\t\t\t\t\t<span class=\"premium-blog-meta-separator\">\u2022<\/span>\n\t\t\t\t<div class=\"premium-blog-post-time premium-blog-meta-data\">\n\t\t\t\t\t<i class=\"fa fa-calendar-alt\" aria-hidden=\"true\"><\/i>\n\t\t\t\t\t<span>20 November 2024<\/span>\n\t\t\t\t<\/div>\n\t\t\t\n\t\t\t\t\t\t\t<span class=\"premium-blog-meta-separator\">\u2022<\/span>\n\t\t\t\t<div class=\"premium-blog-post-categories premium-blog-meta-data\">\n\t\t\t\t\t<i class=\"fa fa-align-left fa-fw\" aria-hidden=\"true\"><\/i>\n\t\t\t\t\t<a href=\"https:\/\/www.cynoks.com\/en\/category\/blog\/\" rel=\"category tag\">Blog<\/a>\t\t\t\t<\/div>\n\t\t\t\n\t\t\t\t\t<\/div>\n\t\t\n\t\t\t\t\t<\/div>\n\n\t\t\t\t\t\t\t<div class=\"premium-blog-content-inner-wrapper\">\n\t\t<p class=\"premium-blog-post-content\">Ayr\u0131cal\u0131kl\u0131 Eri\u015fim Y\u00f6netimi (PAM) ile Siber G\u00fcvenli\u011finizi Zirveye Ta\u015f\u0131y\u0131n G\u00fcn\u00fcm\u00fcz\u00fcn dijitalle\u015fen d\u00fcnyas\u0131nda, kurumlar\u0131n en de\u011ferli varl\u0131klar\u0131 olan verileri korumak her zamankinden daha \u2026<\/p>\t\t<\/div>\n\t\t\t\t\t\t\t\n\t\t\t\t<\/div>\n\t\t\t<\/div>\n\t\t<\/div>\n\n\t\t\t\t<div class=\"premium-blog-post-outer-container\" data-total=\"3\">\n\t\t\t<div class=\"premium-blog-post-container premium-blog-skin-modern\">\n\t\t\t\t\t\t\t\t\t<div class=\"premium-blog-thumb-effect-wrapper\">\n\t\t\t\t\t\t<div class=\"premium-blog-thumbnail-container premium-blog-zoomin-effect\">\n\t\t\t\t\t\t\t\t\t\t\t<a href=\"https:\/\/www.cynoks.com\/en\/2022\/09\/28\/uber-vakasi-gelismis-pam-ve-mfa-ozelliklerinin-onemi\/\" target=\"_self\">\n\t\t\t\t<img fetchpriority=\"high\" decoding=\"async\" width=\"2560\" height=\"939\" src=\"https:\/\/www.cynoks.com\/wp-content\/uploads\/2022\/09\/66-2-scaled.jpg\" class=\"attachment-full size-full wp-image-4166\" alt=\"\" srcset=\"https:\/\/www.cynoks.com\/wp-content\/uploads\/2022\/09\/66-2-scaled.jpg 2560w, https:\/\/www.cynoks.com\/wp-content\/uploads\/2022\/09\/66-2-300x110.jpg 300w, https:\/\/www.cynoks.com\/wp-content\/uploads\/2022\/09\/66-2-1024x375.jpg 1024w, https:\/\/www.cynoks.com\/wp-content\/uploads\/2022\/09\/66-2-768x282.jpg 768w, https:\/\/www.cynoks.com\/wp-content\/uploads\/2022\/09\/66-2-1536x563.jpg 1536w, https:\/\/www.cynoks.com\/wp-content\/uploads\/2022\/09\/66-2-2048x751.jpg 2048w, https:\/\/www.cynoks.com\/wp-content\/uploads\/2022\/09\/66-2-18x7.jpg 18w\" sizes=\"(max-width: 2560px) 100vw, 2560px\" \/>\t\t\t\t<\/a>\n\t\t\t\t\t\t\t\t\t\t<\/div>\n\t\t\t\t\t\t\t\t\t\t\t\t\t<div class=\"premium-blog-effect-container premium-blog-framed-effect\">\n\t\t\t\t\t\t\t\t<a class=\"premium-blog-post-link\" href=\"https:\/\/www.cynoks.com\/en\/2022\/09\/28\/uber-vakasi-gelismis-pam-ve-mfa-ozelliklerinin-onemi\/\" target=\"_self\"><span>Uber Vakas\u0131: Geli\u015fmi\u015f PAM ve MFA \u00f6zelliklerinin \u00f6nemi<\/span><\/a>\n\t\t\t\t\t\t\t\t\t\t\t\t\t\t\t<\/div>\n\t\t\t\t\t\t\t\t\t\t\t<\/div>\n\t\t\t\t\t\t\t\t\t\t\t\t<div class=\"premium-blog-content-wrapper\">\n\n\t\t\t\t\t<div class=\"premium-blog-inner-container\">\n\n\t\t\t\t\t\t\t\t\t\t\t\t\t\t<h2 class=\"premium-blog-entry-title\">\n\t\t\t<a href=\"https:\/\/www.cynoks.com\/en\/2022\/09\/28\/uber-vakasi-gelismis-pam-ve-mfa-ozelliklerinin-onemi\/\" target=\"_self\">\n\t\t\t\tUber Vakas\u0131: Geli\u015fmi\u015f PAM ve MFA \u00f6zelliklerinin \u00f6nemi\t\t\t<\/a>\n\t\t<\/h2>\n\t\t\t\t<div class=\"premium-blog-entry-meta\">\n\t\t\t\n\t\t\t\t\t\t\t<span class=\"premium-blog-meta-separator\">\u2022<\/span>\n\t\t\t\t<div class=\"premium-blog-post-time premium-blog-meta-data\">\n\t\t\t\t\t<i class=\"fa fa-calendar-alt\" aria-hidden=\"true\"><\/i>\n\t\t\t\t\t<span>28 September 2022<\/span>\n\t\t\t\t<\/div>\n\t\t\t\n\t\t\t\t\t\t\t<span class=\"premium-blog-meta-separator\">\u2022<\/span>\n\t\t\t\t<div class=\"premium-blog-post-categories premium-blog-meta-data\">\n\t\t\t\t\t<i class=\"fa fa-align-left fa-fw\" aria-hidden=\"true\"><\/i>\n\t\t\t\t\t<a href=\"https:\/\/www.cynoks.com\/en\/category\/blog\/\" rel=\"category tag\">Blog<\/a>\t\t\t\t<\/div>\n\t\t\t\n\t\t\t\t\t<\/div>\n\t\t\n\t\t\t\t\t<\/div>\n\n\t\t\t\t\t\t\t<div class=\"premium-blog-content-inner-wrapper\">\n\t\t<p class=\"premium-blog-post-content\">Sizin de yak\u0131ndan takip etti\u011finiz \u00fczere, yak\u0131n zamanda Uber ile ilgili haberler duymaya ba\u015flad\u0131k, ard\u0131ndan bu sald\u0131r\u0131 ile ilgili pek \u00e7ok makale, \u2026<\/p>\t\t<\/div>\n\t\t\t\t\t\t\t\n\t\t\t\t<\/div>\n\t\t\t<\/div>\n\t\t<\/div>\n\n\t\t\t\t<div class=\"premium-blog-post-outer-container\" data-total=\"3\">\n\t\t\t<div class=\"premium-blog-post-container premium-blog-skin-modern\">\n\t\t\t\t\t\t\t\t\t\t\t\t<div class=\"premium-blog-content-wrapper empty-thumb\">\n\n\t\t\t\t\t<div class=\"premium-blog-inner-container\">\n\n\t\t\t\t\t\t\t\t\t\t\t\t\t\t<h2 class=\"premium-blog-entry-title\">\n\t\t\t<a href=\"https:\/\/www.cynoks.com\/en\/2022\/08\/21\/file-integrity-monitoring\/\" target=\"_self\">\n\t\t\t\tFile Integrity Monitoring(FIM)\t\t\t<\/a>\n\t\t<\/h2>\n\t\t\t\t<div class=\"premium-blog-entry-meta\">\n\t\t\t\n\t\t\t\t\t\t\t<span class=\"premium-blog-meta-separator\">\u2022<\/span>\n\t\t\t\t<div class=\"premium-blog-post-time premium-blog-meta-data\">\n\t\t\t\t\t<i class=\"fa fa-calendar-alt\" aria-hidden=\"true\"><\/i>\n\t\t\t\t\t<span>21 August 2022<\/span>\n\t\t\t\t<\/div>\n\t\t\t\n\t\t\t\t\t\t\t<span class=\"premium-blog-meta-separator\">\u2022<\/span>\n\t\t\t\t<div class=\"premium-blog-post-categories premium-blog-meta-data\">\n\t\t\t\t\t<i class=\"fa fa-align-left fa-fw\" aria-hidden=\"true\"><\/i>\n\t\t\t\t\t<a href=\"https:\/\/www.cynoks.com\/en\/category\/blog\/\" rel=\"category tag\">Blog<\/a>\t\t\t\t<\/div>\n\t\t\t\n\t\t\t\t\t<\/div>\n\t\t\n\t\t\t\t\t<\/div>\n\n\t\t\t\t\t\t\t<div class=\"premium-blog-content-inner-wrapper\">\n\t\t<p class=\"premium-blog-post-content\">G\u00fcvenli\u011finizi G\u00fc\u00e7lendirmek i\u00e7in Sunucularda Windows Dosya B\u00fct\u00fcnl\u00fc\u011f\u00fc \u0130zleme (FIM) Uygulamas\u0131 Sistem dosyalar\u0131n\u0131zda herhangi bir zamanda beklenmeyen de\u011fi\u015fiklikler, bir a\u011f g\u00fcvenli\u011fi ihlaline, k\u00f6t\u00fc \u2026<\/p>\t\t<\/div>\n\t\t\t\t\t\t\t\n\t\t\t\t<\/div>\n\t\t\t<\/div>\n\t\t<\/div>\n\n\t\t\t\t<\/div>\n\n\t\t\t\t\t\t<\/div>\n\t\t\t\t<\/div>\n\t\t\t\t\t<\/div>\n\t\t<\/div>\n\t\t\t\t\t<\/div>\n\t\t<\/section>\n\t\t\t\t<\/div>","protected":false},"excerpt":{"rendered":"<p>Blog Cynoks&#8217;un sizler i\u00e7in derledi\u011fi \u00f6zel blog. \u201d OTP &#8211; Dual Control &#8211; Exclusive Access\u201d Kombinasyonu \u2022 21 September 2021 \u2022 Blog Kritik Ayr\u0131cal\u0131kl\u0131 Hesaplar\u0131n Y\u00f6netimi One Time Password\u00a0( OTP\u00a0)\u00a0\u00a0 Kullan\u0131c\u0131,\u00a0OTP\u2019nin\u00a0etkin\u00a0oldu\u011fu\u00a0bir\u00a0hesab\u0131n\u00a0\u015fifresini\u00a0kullan\u0131rsa\u00a0veya\u00a0g\u00f6r\u00fcrse\u00a0belli\u00a0bir\u00a0s\u00fcre\u00a0sonra\u00a0o\u00a0\u015fifre\u00a0otomatik\u00a0olarak\u00a0de\u011fi\u015fecektir.\u00a0\u015eifre\u00a0kullan\u0131m\u0131\u00a0ve\u00a0otomatik\u00a0\u015fifre\u00a0de\u011fi\u015fimi\u00a0aras\u0131ndaki\u00a0s\u00fcre\u00a0\u015firket\u00a0politikas\u0131na\u00a0g\u00f6re\u00a0de\u011fi\u015ftirilebilir.\u00a0\u00a0 Avantajlar\u0131\u00a0:\u00a0\u00a0 \u00a0&#8211; Bu\u00a0\u00f6zellik\u00a0brute force\u00a0gibi\u00a0sald\u0131r\u0131\u00a0y\u00f6ntemlerine\u00a0kar\u015f\u0131\u00a0hesab\u0131n\u0131z\u0131n\u00a0g\u00fcvenli\u011fini\u00a0artt\u0131r\u0131r.\u00a0\u00a0 \u00a0Dual Control\u00a0\u00a0\u00a0 Kullan\u0131c\u0131, dual control\u00a0\u00f6zelli\u011finin\u00a0aktif\u00a0oldu\u011fu\u00a0bir\u00a0hesab\u0131\u00a0kullanmak\u00a0istedi\u011finde\u00a0onaya\u00a0gider.\u00a0\u015eirket\u00a0politikas\u0131na\u00a0g\u00f6re\u00a0a\u015fa\u011f\u0131daki\u00a0durumlar\u00a0d\u00fczenlenebilir\u00a0:\u00a0\u00a0 \u00a0&#8211;\u00a0Onaya\u00a0gitmeyecek\u00a0ki\u015filerin\u00a0yetkilendirilmesi\u00a0\u00a0 &#8211;\u00a0\u0130\u015flemi\u00a0onaylayacak\u00a0ki\u015filerin\u00a0yetkilendirilmesi\u00a0\u00a0 &#8211;\u00a0Hesap\u00a0eri\u015fim\u00a0iste\u011finin\u00a0sebebi\u00a0 &#8211; \u2026 F\u0130DYE YAZILIMI ( RANSOMWARE ) \u2022 21 September 2021 \u2022 [&hellip;]<\/p>","protected":false},"author":1,"featured_media":0,"parent":2428,"menu_order":0,"comment_status":"closed","ping_status":"closed","template":"","meta":{"om_disable_all_campaigns":false,"inline_featured_image":false,"_monsterinsights_skip_tracking":false,"_monsterinsights_sitenote_active":false,"_monsterinsights_sitenote_note":"","_monsterinsights_sitenote_category":0,"ocean_post_layout":"full-screen","ocean_both_sidebars_style":"","ocean_both_sidebars_content_width":0,"ocean_both_sidebars_sidebars_width":0,"ocean_sidebar":"0","ocean_second_sidebar":"0","ocean_disable_margins":"enable","ocean_add_body_class":"","ocean_shortcode_before_top_bar":"","ocean_shortcode_after_top_bar":"","ocean_shortcode_before_header":"","ocean_shortcode_after_header":"","ocean_has_shortcode":"","ocean_shortcode_after_title":"","ocean_shortcode_before_footer_widgets":"","ocean_shortcode_after_footer_widgets":"","ocean_shortcode_before_footer_bottom":"","ocean_shortcode_after_footer_bottom":"","ocean_display_top_bar":"default","ocean_display_header":"default","ocean_header_style":"","ocean_center_header_left_menu":"0","ocean_custom_header_template":"0","ocean_custom_logo":0,"ocean_custom_retina_logo":0,"ocean_custom_logo_max_width":0,"ocean_custom_logo_tablet_max_width":0,"ocean_custom_logo_mobile_max_width":0,"ocean_custom_logo_max_height":0,"ocean_custom_logo_tablet_max_height":0,"ocean_custom_logo_mobile_max_height":0,"ocean_header_custom_menu":"0","ocean_menu_typo_font_family":"0","ocean_menu_typo_font_subset":"","ocean_menu_typo_font_size":0,"ocean_menu_typo_font_size_tablet":0,"ocean_menu_typo_font_size_mobile":0,"ocean_menu_typo_font_size_unit":"px","ocean_menu_typo_font_weight":"","ocean_menu_typo_font_weight_tablet":"","ocean_menu_typo_font_weight_mobile":"","ocean_menu_typo_transform":"","ocean_menu_typo_transform_tablet":"","ocean_menu_typo_transform_mobile":"","ocean_menu_typo_line_height":0,"ocean_menu_typo_line_height_tablet":0,"ocean_menu_typo_line_height_mobile":0,"ocean_menu_typo_line_height_unit":"","ocean_menu_typo_spacing":0,"ocean_menu_typo_spacing_tablet":0,"ocean_menu_typo_spacing_mobile":0,"ocean_menu_typo_spacing_unit":"","ocean_menu_link_color":"","ocean_menu_link_color_hover":"","ocean_menu_link_color_active":"","ocean_menu_link_background":"","ocean_menu_link_hover_background":"","ocean_menu_link_active_background":"","ocean_menu_social_links_bg":"","ocean_menu_social_hover_links_bg":"","ocean_menu_social_links_color":"","ocean_menu_social_hover_links_color":"","ocean_disable_title":"on","ocean_disable_heading":"default","ocean_post_title":"","ocean_post_subheading":"","ocean_post_title_style":"","ocean_post_title_background_color":"","ocean_post_title_background":0,"ocean_post_title_bg_image_position":"","ocean_post_title_bg_image_attachment":"","ocean_post_title_bg_image_repeat":"","ocean_post_title_bg_image_size":"","ocean_post_title_height":0,"ocean_post_title_bg_overlay":0.5,"ocean_post_title_bg_overlay_color":"","ocean_disable_breadcrumbs":"default","ocean_breadcrumbs_color":"","ocean_breadcrumbs_separator_color":"","ocean_breadcrumbs_links_color":"","ocean_breadcrumbs_links_hover_color":"","ocean_display_footer_widgets":"default","ocean_display_footer_bottom":"default","ocean_custom_footer_template":"0","two_page_speed":[],"footnotes":""},"class_list":["post-504","page","type-page","status-publish","hentry","entry"],"_links":{"self":[{"href":"https:\/\/www.cynoks.com\/en\/wp-json\/wp\/v2\/pages\/504","targetHints":{"allow":["GET"]}}],"collection":[{"href":"https:\/\/www.cynoks.com\/en\/wp-json\/wp\/v2\/pages"}],"about":[{"href":"https:\/\/www.cynoks.com\/en\/wp-json\/wp\/v2\/types\/page"}],"author":[{"embeddable":true,"href":"https:\/\/www.cynoks.com\/en\/wp-json\/wp\/v2\/users\/1"}],"replies":[{"embeddable":true,"href":"https:\/\/www.cynoks.com\/en\/wp-json\/wp\/v2\/comments?post=504"}],"version-history":[{"count":15,"href":"https:\/\/www.cynoks.com\/en\/wp-json\/wp\/v2\/pages\/504\/revisions"}],"predecessor-version":[{"id":2420,"href":"https:\/\/www.cynoks.com\/en\/wp-json\/wp\/v2\/pages\/504\/revisions\/2420"}],"up":[{"embeddable":true,"href":"https:\/\/www.cynoks.com\/en\/wp-json\/wp\/v2\/pages\/2428"}],"wp:attachment":[{"href":"https:\/\/www.cynoks.com\/en\/wp-json\/wp\/v2\/media?parent=504"}],"curies":[{"name":"wp","href":"https:\/\/api.w.org\/{rel}","templated":true}]}}