{"id":496,"date":"2021-08-08T20:22:37","date_gmt":"2021-08-08T17:22:37","guid":{"rendered":"https:\/\/cynoks.com\/?page_id=496"},"modified":"2021-09-27T22:10:57","modified_gmt":"2021-09-27T19:10:57","slug":"hakkimizda","status":"publish","type":"page","link":"https:\/\/www.cynoks.com\/en\/hakkimizda\/","title":{"rendered":"Hakk\u0131m\u0131zda"},"content":{"rendered":"<div data-elementor-type=\"wp-page\" data-elementor-id=\"496\" class=\"elementor elementor-496\">\n\t\t\t\t\t\t<section class=\"elementor-section elementor-top-section elementor-element elementor-element-7f2bfb72 elementor-section-height-min-height elementor-section-content-middle elementor-section-boxed elementor-section-height-default elementor-section-items-middle\" data-id=\"7f2bfb72\" data-element_type=\"section\" data-settings=\"{&quot;background_background&quot;:&quot;classic&quot;}\">\n\t\t\t\t\t\t\t<div class=\"elementor-background-overlay\"><\/div>\n\t\t\t\t\t\t\t<div class=\"elementor-container elementor-column-gap-no\">\n\t\t\t\t\t<div class=\"elementor-column elementor-col-100 elementor-top-column elementor-element elementor-element-267ab1e2\" data-id=\"267ab1e2\" data-element_type=\"column\">\n\t\t\t<div class=\"elementor-widget-wrap elementor-element-populated\">\n\t\t\t\t\t\t<div class=\"elementor-element elementor-element-54bc7d82 elementor-invisible elementor-widget elementor-widget-heading\" data-id=\"54bc7d82\" data-element_type=\"widget\" data-settings=\"{&quot;_animation&quot;:&quot;fadeInDown&quot;}\" data-widget_type=\"heading.default\">\n\t\t\t\t<div class=\"elementor-widget-container\">\n\t\t\t\t\t<h1 class=\"elementor-heading-title elementor-size-default\">HAKKIMIZDA<\/h1>\t\t\t\t<\/div>\n\t\t\t\t<\/div>\n\t\t\t\t<div class=\"elementor-element elementor-element-6f3f57b4 elementor-invisible elementor-widget elementor-widget-text-editor\" data-id=\"6f3f57b4\" data-element_type=\"widget\" data-settings=\"{&quot;_animation&quot;:&quot;fadeInUp&quot;}\" data-widget_type=\"text-editor.default\">\n\t\t\t\t<div class=\"elementor-widget-container\">\n\t\t\t\t\t\t\t\t\t<p>CYNOKS, m\u00fc\u015fterilerine kar\u015f\u0131 s\u00fcrekli geli\u015fen bir tehdit ortam\u0131n\u0131 etkin bir \u015fekilde ele almak i\u00e7in kendi sistemleri \u00fczerinde \u00f6ng\u00f6r\u00fc ve kontrol kazanmalar\u0131na yard\u0131mc\u0131 olur.<\/p>\t\t\t\t\t\t\t\t<\/div>\n\t\t\t\t<\/div>\n\t\t\t\t\t<\/div>\n\t\t<\/div>\n\t\t\t\t\t<\/div>\n\t\t<\/section>\n\t\t\t\t<section class=\"elementor-section elementor-top-section elementor-element elementor-element-725b5072 elementor-section-content-middle elementor-section-boxed elementor-section-height-default elementor-section-height-default\" data-id=\"725b5072\" data-element_type=\"section\">\n\t\t\t\t\t\t\t<div class=\"elementor-background-overlay\"><\/div>\n\t\t\t\t\t\t\t<div class=\"elementor-container elementor-column-gap-no\">\n\t\t\t\t\t<div class=\"elementor-column elementor-col-100 elementor-top-column elementor-element elementor-element-2ca335b7\" data-id=\"2ca335b7\" data-element_type=\"column\">\n\t\t\t<div class=\"elementor-widget-wrap elementor-element-populated\">\n\t\t\t\t\t\t<div class=\"elementor-element elementor-element-2d14495 elementor-invisible elementor-widget elementor-widget-image\" data-id=\"2d14495\" data-element_type=\"widget\" data-settings=\"{&quot;_animation&quot;:&quot;fadeInDown&quot;}\" data-widget_type=\"image.default\">\n\t\t\t\t<div class=\"elementor-widget-container\">\n\t\t\t\t\t\t\t\t\t\t\t\t\t\t\t<img fetchpriority=\"high\" decoding=\"async\" width=\"800\" height=\"258\" src=\"https:\/\/www.cynoks.com\/wp-content\/uploads\/2021\/08\/cynoks_logotype-10.png\" class=\"attachment-large size-large wp-image-1173\" alt=\"\" srcset=\"https:\/\/www.cynoks.com\/wp-content\/uploads\/2021\/08\/cynoks_logotype-10.png 800w, https:\/\/www.cynoks.com\/wp-content\/uploads\/2021\/08\/cynoks_logotype-10-300x97.png 300w, https:\/\/www.cynoks.com\/wp-content\/uploads\/2021\/08\/cynoks_logotype-10-768x248.png 768w\" sizes=\"(max-width: 800px) 100vw, 800px\" \/>\t\t\t\t\t\t\t\t\t\t\t\t\t\t\t<\/div>\n\t\t\t\t<\/div>\n\t\t\t\t<div class=\"elementor-element elementor-element-4425928 elementor-invisible elementor-widget elementor-widget-text-editor\" data-id=\"4425928\" data-element_type=\"widget\" data-settings=\"{&quot;_animation&quot;:&quot;fadeInUp&quot;}\" data-widget_type=\"text-editor.default\">\n\t\t\t\t<div class=\"elementor-widget-container\">\n\t\t\t\t\t\t\t\t\t<p>CYNOKS Bili\u015fim Teknolojileri, kurumsal pazar\u0131n b\u00fcy\u00fck \u00f6l\u00e7ekli bili\u015fim projelerinin \u00f6zellikle Bilgi G\u00fcvenli\u011fi alan\u0131nda sekt\u00f6r\u00fcn \u00f6nde giden \u015firketlerindendir. Misyon olarak, \u201cHizmet, sat\u0131\u015f sonras\u0131n\u0131 da kapsar\u201d prensibini benimseyen CYNOKS Bili\u015fim Teknolojileri, \u00fcstlendi\u011fi projelerin kurulum ve e\u011fitim s\u00fcre\u00e7lerinin tamamlanmas\u0131 sonras\u0131nda \u00fcst\u00fcn kaliteli yerel deste\u011fini ba\u015far\u0131 ile devam ettirir. CYNOKS Bili\u015fim Teknolojileri\u2019nin yak\u0131n gelecekteki hedefi, Bilgi Teknolojileri konusundaki uzmanl\u0131\u011f\u0131n\u0131 yak\u0131n co\u011frafyadaki di\u011fer \u00fclkelere ta\u015f\u0131mak ve Bili\u015fim sekt\u00f6r\u00fcndeki ba\u015far\u0131s\u0131n\u0131 m\u00fc\u015fteri portf\u00f6y\u00fcne yeni kurumlar\u0131 da eklemek suretiyle devam ettirmektir.<\/p>\t\t\t\t\t\t\t\t<\/div>\n\t\t\t\t<\/div>\n\t\t\t\t\t<\/div>\n\t\t<\/div>\n\t\t\t\t\t<\/div>\n\t\t<\/section>\n\t\t\t\t<section class=\"elementor-section elementor-top-section elementor-element elementor-element-1e99e787 elementor-section-content-middle elementor-section-boxed elementor-section-height-default elementor-section-height-default\" data-id=\"1e99e787\" data-element_type=\"section\" data-settings=\"{&quot;background_background&quot;:&quot;classic&quot;}\">\n\t\t\t\t\t\t<div class=\"elementor-container elementor-column-gap-no\">\n\t\t\t\t\t<div class=\"elementor-column elementor-col-100 elementor-top-column elementor-element elementor-element-11ccb5db\" data-id=\"11ccb5db\" data-element_type=\"column\">\n\t\t\t<div class=\"elementor-widget-wrap elementor-element-populated\">\n\t\t\t\t\t\t<div class=\"elementor-element elementor-element-5e49fe6e elementor-invisible elementor-widget elementor-widget-heading\" data-id=\"5e49fe6e\" data-element_type=\"widget\" data-settings=\"{&quot;_animation&quot;:&quot;fadeIn&quot;}\" data-widget_type=\"heading.default\">\n\t\t\t\t<div class=\"elementor-widget-container\">\n\t\t\t\t\t<h4 class=\"elementor-heading-title elementor-size-default\">BAKI\u015e A\u00c7IMIZ<\/h4>\t\t\t\t<\/div>\n\t\t\t\t<\/div>\n\t\t\t\t<section class=\"elementor-section elementor-inner-section elementor-element elementor-element-77e3db9d elementor-section-content-middle elementor-section-boxed elementor-section-height-default elementor-section-height-default\" data-id=\"77e3db9d\" data-element_type=\"section\">\n\t\t\t\t\t\t<div class=\"elementor-container elementor-column-gap-no\">\n\t\t\t\t\t<div class=\"elementor-column elementor-col-33 elementor-inner-column elementor-element elementor-element-56a8b491 elementor-invisible\" data-id=\"56a8b491\" data-element_type=\"column\" data-settings=\"{&quot;animation&quot;:&quot;fadeInLeft&quot;}\">\n\t\t\t<div class=\"elementor-widget-wrap elementor-element-populated\">\n\t\t\t\t\t\t<div class=\"elementor-element elementor-element-2fd8d33 elementor-view-default elementor-widget elementor-widget-icon\" data-id=\"2fd8d33\" data-element_type=\"widget\" data-widget_type=\"icon.default\">\n\t\t\t\t<div class=\"elementor-widget-container\">\n\t\t\t\t\t\t\t<div class=\"elementor-icon-wrapper\">\n\t\t\t<div class=\"elementor-icon\">\n\t\t\t<i aria-hidden=\"true\" class=\"fas fa-crosshairs\"><\/i>\t\t\t<\/div>\n\t\t<\/div>\n\t\t\t\t\t\t<\/div>\n\t\t\t\t<\/div>\n\t\t\t\t<div class=\"elementor-element elementor-element-5f61dff7 elementor-widget elementor-widget-heading\" data-id=\"5f61dff7\" data-element_type=\"widget\" data-widget_type=\"heading.default\">\n\t\t\t\t<div class=\"elementor-widget-container\">\n\t\t\t\t\t<h6 class=\"elementor-heading-title elementor-size-default\">M\u0130SYON<\/h6>\t\t\t\t<\/div>\n\t\t\t\t<\/div>\n\t\t\t\t<div class=\"elementor-element elementor-element-6e20bec5 elementor-widget elementor-widget-text-editor\" data-id=\"6e20bec5\" data-element_type=\"widget\" data-widget_type=\"text-editor.default\">\n\t\t\t\t<div class=\"elementor-widget-container\">\n\t\t\t\t\t\t\t\t\t<p>M\u00fc\u015fterilerimize&nbsp; sat\u0131\u015f \u00f6ncesi ve sonras\u0131 hizmet kalitesi, d\u00fc\u015f\u00fck maliyeti, bak\u0131m ve destek kolayl\u0131\u011f\u0131, m\u00fc\u015fteri memnuniyeti, sunmak. Bunu yaparken ana hedef d\u00fcnyada kabul g\u00f6recek markalarla \u00e7al\u0131\u015fmak ve bilgi birikimimizi ba\u015fta \u00fclkemiz olmak \u00fczere i\u015f yapt\u0131\u011f\u0131m\u0131z di\u011fer \u00fclkeler ile payla\u015fmakt\u0131r.<\/p>\t\t\t\t\t\t\t\t<\/div>\n\t\t\t\t<\/div>\n\t\t\t\t\t<\/div>\n\t\t<\/div>\n\t\t\t\t<div class=\"elementor-column elementor-col-33 elementor-inner-column elementor-element elementor-element-302f6839 elementor-invisible\" data-id=\"302f6839\" data-element_type=\"column\" data-settings=\"{&quot;animation&quot;:&quot;fadeInUp&quot;}\">\n\t\t\t<div class=\"elementor-widget-wrap elementor-element-populated\">\n\t\t\t\t\t\t<div class=\"elementor-element elementor-element-60a1ba0 elementor-view-default elementor-widget elementor-widget-icon\" data-id=\"60a1ba0\" data-element_type=\"widget\" data-widget_type=\"icon.default\">\n\t\t\t\t<div class=\"elementor-widget-container\">\n\t\t\t\t\t\t\t<div class=\"elementor-icon-wrapper\">\n\t\t\t<div class=\"elementor-icon\">\n\t\t\t<i aria-hidden=\"true\" class=\"fas fa-globe\"><\/i>\t\t\t<\/div>\n\t\t<\/div>\n\t\t\t\t\t\t<\/div>\n\t\t\t\t<\/div>\n\t\t\t\t<div class=\"elementor-element elementor-element-18222e62 elementor-widget elementor-widget-heading\" data-id=\"18222e62\" data-element_type=\"widget\" data-widget_type=\"heading.default\">\n\t\t\t\t<div class=\"elementor-widget-container\">\n\t\t\t\t\t<h6 class=\"elementor-heading-title elementor-size-default\">V\u0130ZYON<\/h6>\t\t\t\t<\/div>\n\t\t\t\t<\/div>\n\t\t\t\t<div class=\"elementor-element elementor-element-71229fd0 elementor-widget elementor-widget-text-editor\" data-id=\"71229fd0\" data-element_type=\"widget\" data-widget_type=\"text-editor.default\">\n\t\t\t\t<div class=\"elementor-widget-container\">\n\t\t\t\t\t\t\t\t\t<p>CYNOKS Bili\u015fim Teknolojileri uluslararas\u0131 arenada g\u00fcvenilir, y\u00fcksek teknolojiyle \u00fcretilen sistemler sa\u011flayan, \u00e7al\u0131\u015ft\u0131\u011f\u0131 \u00fclkeye kar\u015f\u0131 sorumlu, y\u00fcz\u00fc gelece\u011fe d\u00f6n\u00fck, akla gelen ilk bili\u015fim markas\u0131 yapmakt\u0131r.<\/p>\t\t\t\t\t\t\t\t<\/div>\n\t\t\t\t<\/div>\n\t\t\t\t\t<\/div>\n\t\t<\/div>\n\t\t\t\t<div class=\"elementor-column elementor-col-33 elementor-inner-column elementor-element elementor-element-4b819f41 elementor-invisible\" data-id=\"4b819f41\" data-element_type=\"column\" data-settings=\"{&quot;animation&quot;:&quot;fadeInRight&quot;}\">\n\t\t\t<div class=\"elementor-widget-wrap elementor-element-populated\">\n\t\t\t\t\t\t<div class=\"elementor-element elementor-element-e46b5b8 elementor-view-default elementor-widget elementor-widget-icon\" data-id=\"e46b5b8\" data-element_type=\"widget\" data-widget_type=\"icon.default\">\n\t\t\t\t<div class=\"elementor-widget-container\">\n\t\t\t\t\t\t\t<div class=\"elementor-icon-wrapper\">\n\t\t\t<div class=\"elementor-icon\">\n\t\t\t<i aria-hidden=\"true\" class=\"fas fa-gem\"><\/i>\t\t\t<\/div>\n\t\t<\/div>\n\t\t\t\t\t\t<\/div>\n\t\t\t\t<\/div>\n\t\t\t\t<div class=\"elementor-element elementor-element-19edbdad elementor-widget elementor-widget-heading\" data-id=\"19edbdad\" data-element_type=\"widget\" data-widget_type=\"heading.default\">\n\t\t\t\t<div class=\"elementor-widget-container\">\n\t\t\t\t\t<h6 class=\"elementor-heading-title elementor-size-default\">DE\u011eER<\/h6>\t\t\t\t<\/div>\n\t\t\t\t<\/div>\n\t\t\t\t<div class=\"elementor-element elementor-element-5fb5312a elementor-widget elementor-widget-text-editor\" data-id=\"5fb5312a\" data-element_type=\"widget\" data-widget_type=\"text-editor.default\">\n\t\t\t\t<div class=\"elementor-widget-container\">\n\t\t\t\t\t\t\t\t\t<p>En de\u011ferli varl\u0131\u011f\u0131m\u0131z yeti\u015fmi\u015f ve deneyimli insan g\u00fcc\u00fcm\u00fcz. Yarat\u0131c\u0131 \u015firket k\u00fclt\u00fcr\u00fcm\u00fcz. Zaman\u0131nda ve \u00e7al\u0131\u015f\u0131r olarak tamamlad\u0131\u011f\u0131m\u0131z t\u00fcm projelerimiz. Her m\u00fc\u015fterimizi \/projeyi bir referans olarak alg\u0131lamam\u0131z ve bu do\u011frultuda hareket etmemiz. Analiz, Entegrasyon ve Takip konular\u0131nda kapsaml\u0131 bilgi birikimimiz.<\/p>\t\t\t\t\t\t\t\t<\/div>\n\t\t\t\t<\/div>\n\t\t\t\t\t<\/div>\n\t\t<\/div>\n\t\t\t\t\t<\/div>\n\t\t<\/section>\n\t\t\t\t\t<\/div>\n\t\t<\/div>\n\t\t\t\t\t<\/div>\n\t\t<\/section>\n\t\t\t\t<\/div>","protected":false},"excerpt":{"rendered":"<p>HAKKIMIZDA CYNOKS, m\u00fc\u015fterilerine kar\u015f\u0131 s\u00fcrekli geli\u015fen bir tehdit ortam\u0131n\u0131 etkin bir \u015fekilde ele almak i\u00e7in kendi sistemleri \u00fczerinde \u00f6ng\u00f6r\u00fc ve kontrol kazanmalar\u0131na yard\u0131mc\u0131 olur. CYNOKS Bili\u015fim Teknolojileri, kurumsal pazar\u0131n b\u00fcy\u00fck \u00f6l\u00e7ekli bili\u015fim projelerinin \u00f6zellikle Bilgi G\u00fcvenli\u011fi alan\u0131nda sekt\u00f6r\u00fcn \u00f6nde giden \u015firketlerindendir. Misyon olarak, \u201cHizmet, sat\u0131\u015f sonras\u0131n\u0131 da kapsar\u201d prensibini benimseyen CYNOKS Bili\u015fim Teknolojileri, \u00fcstlendi\u011fi projelerin [&hellip;]<\/p>","protected":false},"author":1,"featured_media":0,"parent":0,"menu_order":0,"comment_status":"closed","ping_status":"closed","template":"","meta":{"om_disable_all_campaigns":false,"inline_featured_image":false,"_monsterinsights_skip_tracking":false,"_monsterinsights_sitenote_active":false,"_monsterinsights_sitenote_note":"","_monsterinsights_sitenote_category":0,"ocean_post_layout":"full-screen","ocean_both_sidebars_style":"","ocean_both_sidebars_content_width":0,"ocean_both_sidebars_sidebars_width":0,"ocean_sidebar":"0","ocean_second_sidebar":"0","ocean_disable_margins":"enable","ocean_add_body_class":"","ocean_shortcode_before_top_bar":"","ocean_shortcode_after_top_bar":"","ocean_shortcode_before_header":"","ocean_shortcode_after_header":"","ocean_has_shortcode":"","ocean_shortcode_after_title":"","ocean_shortcode_before_footer_widgets":"","ocean_shortcode_after_footer_widgets":"","ocean_shortcode_before_footer_bottom":"","ocean_shortcode_after_footer_bottom":"","ocean_display_top_bar":"default","ocean_display_header":"default","ocean_header_style":"","ocean_center_header_left_menu":"0","ocean_custom_header_template":"0","ocean_custom_logo":0,"ocean_custom_retina_logo":0,"ocean_custom_logo_max_width":0,"ocean_custom_logo_tablet_max_width":0,"ocean_custom_logo_mobile_max_width":0,"ocean_custom_logo_max_height":0,"ocean_custom_logo_tablet_max_height":0,"ocean_custom_logo_mobile_max_height":0,"ocean_header_custom_menu":"0","ocean_menu_typo_font_family":"0","ocean_menu_typo_font_subset":"","ocean_menu_typo_font_size":0,"ocean_menu_typo_font_size_tablet":0,"ocean_menu_typo_font_size_mobile":0,"ocean_menu_typo_font_size_unit":"px","ocean_menu_typo_font_weight":"","ocean_menu_typo_font_weight_tablet":"","ocean_menu_typo_font_weight_mobile":"","ocean_menu_typo_transform":"","ocean_menu_typo_transform_tablet":"","ocean_menu_typo_transform_mobile":"","ocean_menu_typo_line_height":0,"ocean_menu_typo_line_height_tablet":0,"ocean_menu_typo_line_height_mobile":0,"ocean_menu_typo_line_height_unit":"","ocean_menu_typo_spacing":0,"ocean_menu_typo_spacing_tablet":0,"ocean_menu_typo_spacing_mobile":0,"ocean_menu_typo_spacing_unit":"","ocean_menu_link_color":"","ocean_menu_link_color_hover":"","ocean_menu_link_color_active":"","ocean_menu_link_background":"","ocean_menu_link_hover_background":"","ocean_menu_link_active_background":"","ocean_menu_social_links_bg":"","ocean_menu_social_hover_links_bg":"","ocean_menu_social_links_color":"","ocean_menu_social_hover_links_color":"","ocean_disable_title":"on","ocean_disable_heading":"default","ocean_post_title":"","ocean_post_subheading":"","ocean_post_title_style":"","ocean_post_title_background_color":"","ocean_post_title_background":0,"ocean_post_title_bg_image_position":"","ocean_post_title_bg_image_attachment":"","ocean_post_title_bg_image_repeat":"","ocean_post_title_bg_image_size":"","ocean_post_title_height":0,"ocean_post_title_bg_overlay":0.5,"ocean_post_title_bg_overlay_color":"","ocean_disable_breadcrumbs":"default","ocean_breadcrumbs_color":"","ocean_breadcrumbs_separator_color":"","ocean_breadcrumbs_links_color":"","ocean_breadcrumbs_links_hover_color":"","ocean_display_footer_widgets":"default","ocean_display_footer_bottom":"default","ocean_custom_footer_template":"0","two_page_speed":[],"footnotes":""},"class_list":["post-496","page","type-page","status-publish","hentry","entry"],"_links":{"self":[{"href":"https:\/\/www.cynoks.com\/en\/wp-json\/wp\/v2\/pages\/496","targetHints":{"allow":["GET"]}}],"collection":[{"href":"https:\/\/www.cynoks.com\/en\/wp-json\/wp\/v2\/pages"}],"about":[{"href":"https:\/\/www.cynoks.com\/en\/wp-json\/wp\/v2\/types\/page"}],"author":[{"embeddable":true,"href":"https:\/\/www.cynoks.com\/en\/wp-json\/wp\/v2\/users\/1"}],"replies":[{"embeddable":true,"href":"https:\/\/www.cynoks.com\/en\/wp-json\/wp\/v2\/comments?post=496"}],"version-history":[{"count":118,"href":"https:\/\/www.cynoks.com\/en\/wp-json\/wp\/v2\/pages\/496\/revisions"}],"predecessor-version":[{"id":2182,"href":"https:\/\/www.cynoks.com\/en\/wp-json\/wp\/v2\/pages\/496\/revisions\/2182"}],"wp:attachment":[{"href":"https:\/\/www.cynoks.com\/en\/wp-json\/wp\/v2\/media?parent=496"}],"curies":[{"name":"wp","href":"https:\/\/api.w.org\/{rel}","templated":true}]}}