{"id":4823,"date":"2023-05-22T12:42:10","date_gmt":"2023-05-22T09:42:10","guid":{"rendered":"https:\/\/cynoks.com\/?page_id=4823"},"modified":"2023-08-23T13:29:17","modified_gmt":"2023-08-23T10:29:17","slug":"ag-gorunurlugu","status":"publish","type":"page","link":"https:\/\/www.cynoks.com\/en\/cozumler\/ag-gorunurlugu\/","title":{"rendered":"A\u011f G\u00f6r\u00fcn\u00fcrl\u00fc\u011f\u00fc"},"content":{"rendered":"<div data-elementor-type=\"wp-page\" data-elementor-id=\"4823\" class=\"elementor elementor-4823\">\n\t\t\t\t\t\t<section class=\"elementor-section elementor-top-section elementor-element elementor-element-163f9443 elementor-section-height-min-height elementor-section-content-middle elementor-section-boxed elementor-section-height-default elementor-section-items-middle\" data-id=\"163f9443\" data-element_type=\"section\" data-settings=\"{&quot;background_background&quot;:&quot;classic&quot;}\">\n\t\t\t\t\t\t\t<div class=\"elementor-background-overlay\"><\/div>\n\t\t\t\t\t\t\t<div class=\"elementor-container elementor-column-gap-no\">\n\t\t\t\t\t<div class=\"elementor-column elementor-col-100 elementor-top-column elementor-element elementor-element-3a9907dd\" data-id=\"3a9907dd\" data-element_type=\"column\">\n\t\t\t<div class=\"elementor-widget-wrap elementor-element-populated\">\n\t\t\t\t\t\t<div class=\"elementor-element elementor-element-3ee923d3 elementor-invisible elementor-widget elementor-widget-heading\" data-id=\"3ee923d3\" data-element_type=\"widget\" data-settings=\"{&quot;_animation&quot;:&quot;fadeInDown&quot;}\" data-widget_type=\"heading.default\">\n\t\t\t\t<div class=\"elementor-widget-container\">\n\t\t\t\t\t<h1 class=\"elementor-heading-title elementor-size-default\">A\u011f G\u00f6r\u00fcn\u00fcrl\u00fc\u011f\u00fc<\/h1>\t\t\t\t<\/div>\n\t\t\t\t<\/div>\n\t\t\t\t<div class=\"elementor-element elementor-element-c6b6520 elementor-widget elementor-widget-heading\" data-id=\"c6b6520\" data-element_type=\"widget\" data-widget_type=\"heading.default\">\n\t\t\t\t<div class=\"elementor-widget-container\">\n\t\t\t\t\t<h2 class=\"elementor-heading-title elementor-size-default\">Canl\u0131 A\u011f\u0131n\u0131zda Neler Oldu\u011funu Anlay\u0131n!<\/h2>\t\t\t\t<\/div>\n\t\t\t\t<\/div>\n\t\t\t\t\t<\/div>\n\t\t<\/div>\n\t\t\t\t\t<\/div>\n\t\t<\/section>\n\t\t\t\t<section class=\"elementor-section elementor-top-section elementor-element elementor-element-800c361 elementor-section-boxed elementor-section-height-default elementor-section-height-default\" data-id=\"800c361\" data-element_type=\"section\">\n\t\t\t\t\t\t<div class=\"elementor-container elementor-column-gap-default\">\n\t\t\t\t\t<div class=\"elementor-column elementor-col-100 elementor-top-column elementor-element elementor-element-0250060 elementor-invisible\" data-id=\"0250060\" data-element_type=\"column\" data-settings=\"{&quot;animation&quot;:&quot;fadeIn&quot;}\">\n\t\t\t<div class=\"elementor-widget-wrap elementor-element-populated\">\n\t\t\t\t\t\t<div class=\"elementor-element elementor-element-1e2a1a1 elementor-widget elementor-widget-heading\" data-id=\"1e2a1a1\" data-element_type=\"widget\" data-widget_type=\"heading.default\">\n\t\t\t\t<div class=\"elementor-widget-container\">\n\t\t\t\t\t<h2 class=\"elementor-heading-title elementor-size-default\">A\u011f G\u00f6r\u00fcn\u00fcrl\u00fc\u011f\u00fc \u0130\u00e7in Nas\u0131l Mimari Yapaca\u011f\u0131n\u0131z\u0131 \u00d6\u011frenin<\/h2>\t\t\t\t<\/div>\n\t\t\t\t<\/div>\n\t\t\t\t<div class=\"elementor-element elementor-element-13dd352 elementor-widget elementor-widget-text-editor\" data-id=\"13dd352\" data-element_type=\"widget\" data-widget_type=\"text-editor.default\">\n\t\t\t\t<div class=\"elementor-widget-container\">\n\t\t\t\t\t\t\t\t\t<p style=\"text-align: center;\">A\u011f g\u00f6r\u00fcn\u00fcrl\u00fc\u011f\u00fc, her anahtar noktas\u0131ndan verilerin toplanmas\u0131 ve eyleme d\u00f6n\u00fc\u015ft\u00fcr\u00fclebilir bilgilere d\u00f6n\u00fc\u015ft\u00fcr\u00fclebilmesi i\u00e7in ak\u0131ll\u0131ca da\u011f\u0131t\u0131lmas\u0131yla elde edilir.<\/p>\t\t\t\t\t\t\t\t<\/div>\n\t\t\t\t<\/div>\n\t\t\t\t<div class=\"elementor-element elementor-element-aa4ae25 elementor-widget elementor-widget-text-editor\" data-id=\"aa4ae25\" data-element_type=\"widget\" data-widget_type=\"text-editor.default\">\n\t\t\t\t<div class=\"elementor-widget-container\">\n\t\t\t\t\t\t\t\t\t<p style=\"text-align: center;\">Bir g\u00f6r\u00fcn\u00fcrl\u00fck mimarisi olu\u015fturmak a\u011f g\u00fcvenli\u011fini art\u0131r\u0131r, maliyetleri ve karma\u015f\u0131kl\u0131\u011f\u0131 azalt\u0131r ve yasal uyumlulu\u011fu g\u00fc\u00e7lendirir.<\/p>\t\t\t\t\t\t\t\t<\/div>\n\t\t\t\t<\/div>\n\t\t\t\t\t<\/div>\n\t\t<\/div>\n\t\t\t\t\t<\/div>\n\t\t<\/section>\n\t\t\t\t<section class=\"elementor-section elementor-top-section elementor-element elementor-element-edd9a7f elementor-section-boxed elementor-section-height-default elementor-section-height-default\" data-id=\"edd9a7f\" data-element_type=\"section\">\n\t\t\t\t\t\t<div class=\"elementor-container elementor-column-gap-default\">\n\t\t\t\t\t<div class=\"elementor-column elementor-col-50 elementor-top-column elementor-element elementor-element-30aecec\" data-id=\"30aecec\" data-element_type=\"column\">\n\t\t\t<div class=\"elementor-widget-wrap\">\n\t\t\t\t\t\t\t<\/div>\n\t\t<\/div>\n\t\t\t\t<div class=\"elementor-column elementor-col-50 elementor-top-column elementor-element elementor-element-71f991a\" data-id=\"71f991a\" data-element_type=\"column\">\n\t\t\t<div class=\"elementor-widget-wrap elementor-element-populated\">\n\t\t\t\t\t\t<div class=\"elementor-element elementor-element-75527a5 elementor-widget elementor-widget-heading\" data-id=\"75527a5\" data-element_type=\"widget\" data-widget_type=\"heading.default\">\n\t\t\t\t<div class=\"elementor-widget-container\">\n\t\t\t\t\t<h2 class=\"elementor-heading-title elementor-size-default\">A\u011f G\u00f6r\u00fcn\u00fcrl\u00fc\u011f\u00fc Kullan\u0131m \u00d6rnekleri<\/h2>\t\t\t\t<\/div>\n\t\t\t\t<\/div>\n\t\t\t\t<div class=\"elementor-element elementor-element-4671959 elementor-widget elementor-widget-text-editor\" data-id=\"4671959\" data-element_type=\"widget\" data-widget_type=\"text-editor.default\">\n\t\t\t\t<div class=\"elementor-widget-container\">\n\t\t\t\t\t\t\t\t\t\u0130yi bir a\u011f g\u00f6r\u00fcn\u00fcrl\u00fc\u011f\u00fc \u00e7\u00f6z\u00fcm\u00fcn\u00fcn neler yapabilece\u011fini g\u00f6rd\u00fc\u011f\u00fcn\u00fczde, bunlar\u0131 uygulaman\u0131n bir\u00e7ok yolu oldu\u011funu g\u00f6receksiniz. T\u00fcm kullan\u0131m durumlar\u0131 her a\u011f yap\u0131land\u0131rmas\u0131 i\u00e7in ge\u00e7erli olmasa da, her kurulu\u015f bir a\u011f mimarisi incelemesinden faydalanacakt\u0131r.\t\t\t\t\t\t\t\t<\/div>\n\t\t\t\t<\/div>\n\t\t\t\t<div class=\"elementor-element elementor-element-a773baf elementor-widget elementor-widget-text-editor\" data-id=\"a773baf\" data-element_type=\"widget\" data-widget_type=\"text-editor.default\">\n\t\t\t\t<div class=\"elementor-widget-container\">\n\t\t\t\t\t\t\t\t\t<p>\u0130\u015fte baz\u0131 genel g\u00f6r\u00fcn\u00fcrl\u00fck \u00e7\u00f6z\u00fcmleri kategorileri:<\/p>\n<ul>\n<li>A\u011f g\u00fcvenli\u011fini iyile\u015ftirme<\/li>\n<li>Maliyet azaltma yetenekleri sa\u011flama<\/li>\n<li>Sorun giderme \u00e7al\u0131\u015fmalar\u0131n\u0131 h\u0131zland\u0131rma<\/li>\n<li>A\u011f g\u00fcvenilirli\u011fini art\u0131rma<\/li>\n<li>A\u011f k\u00f6r noktalar\u0131n\u0131 kald\u0131rma<\/li>\n<li>A\u011f performans\u0131n\u0131 optimize etme<\/li>\n<li>Mevzuata uyum giri\u015fimlerini g\u00fc\u00e7lendirme<\/li>\n<\/ul>\t\t\t\t\t\t\t\t<\/div>\n\t\t\t\t<\/div>\n\t\t\t\t\t<\/div>\n\t\t<\/div>\n\t\t\t\t\t<\/div>\n\t\t<\/section>\n\t\t\t\t<section class=\"elementor-section elementor-top-section elementor-element elementor-element-760da02 elementor-section-boxed elementor-section-height-default elementor-section-height-default\" data-id=\"760da02\" data-element_type=\"section\">\n\t\t\t\t\t\t<div class=\"elementor-container elementor-column-gap-default\">\n\t\t\t\t\t<div class=\"elementor-column elementor-col-100 elementor-top-column elementor-element elementor-element-136b0e2\" data-id=\"136b0e2\" data-element_type=\"column\">\n\t\t\t<div class=\"elementor-widget-wrap elementor-element-populated\">\n\t\t\t\t\t\t<div class=\"elementor-element elementor-element-38e3f57 elementor-widget elementor-widget-heading\" data-id=\"38e3f57\" data-element_type=\"widget\" data-widget_type=\"heading.default\">\n\t\t\t\t<div class=\"elementor-widget-container\">\n\t\t\t\t\t<h2 class=\"elementor-heading-title elementor-size-default\">A\u011f G\u00fcvenli\u011fini \u0130yile\u015ftirin<\/h2>\t\t\t\t<\/div>\n\t\t\t\t<\/div>\n\t\t\t\t<div class=\"elementor-element elementor-element-de1ef62 elementor-widget elementor-widget-text-editor\" data-id=\"de1ef62\" data-element_type=\"widget\" data-widget_type=\"text-editor.default\">\n\t\t\t\t<div class=\"elementor-widget-container\">\n\t\t\t\t\t\t\t\t\t<p style=\"text-align: center;\">G\u00fcvenlik a\u011f g\u00f6r\u00fcn\u00fcrl\u00fc\u011f\u00fc katman\u0131nda ba\u015flar. K\u00f6r noktalar\u0131 nas\u0131l ortadan kald\u0131raca\u011f\u0131n\u0131z\u0131, g\u00fcvenlik ara\u00e7lar\u0131n\u0131za veri ak\u0131\u015f\u0131n\u0131 nas\u0131l iyile\u015ftirece\u011finizi ve g\u00fcvenlik kayna\u011f\u0131 kullan\u0131labilirli\u011finizi nas\u0131l en \u00fcst d\u00fczeye \u00e7\u0131karaca\u011f\u0131n\u0131z\u0131 g\u00f6r\u00fcn.<\/p>\t\t\t\t\t\t\t\t<\/div>\n\t\t\t\t<\/div>\n\t\t\t\t\t<\/div>\n\t\t<\/div>\n\t\t\t\t\t<\/div>\n\t\t<\/section>\n\t\t\t\t<section class=\"elementor-section elementor-top-section elementor-element elementor-element-e7eb9d4 elementor-section-boxed elementor-section-height-default elementor-section-height-default\" data-id=\"e7eb9d4\" data-element_type=\"section\">\n\t\t\t\t\t\t<div class=\"elementor-container elementor-column-gap-default\">\n\t\t\t\t\t<div class=\"elementor-column elementor-col-100 elementor-top-column elementor-element elementor-element-48e92f9\" data-id=\"48e92f9\" data-element_type=\"column\">\n\t\t\t<div class=\"elementor-widget-wrap elementor-element-populated\">\n\t\t\t\t\t\t<section class=\"elementor-section elementor-inner-section elementor-element elementor-element-bac8af6 elementor-section-boxed elementor-section-height-default elementor-section-height-default\" data-id=\"bac8af6\" data-element_type=\"section\" data-settings=\"{&quot;background_background&quot;:&quot;classic&quot;}\">\n\t\t\t\t\t\t<div class=\"elementor-container elementor-column-gap-default\">\n\t\t\t\t\t<div class=\"elementor-column elementor-col-25 elementor-inner-column elementor-element elementor-element-55964ba\" data-id=\"55964ba\" data-element_type=\"column\">\n\t\t\t<div class=\"elementor-widget-wrap elementor-element-populated\">\n\t\t\t\t\t\t<div class=\"elementor-element elementor-element-d5f433f elementor-widget elementor-widget-image\" data-id=\"d5f433f\" data-element_type=\"widget\" data-widget_type=\"image.default\">\n\t\t\t\t<div class=\"elementor-widget-container\">\n\t\t\t\t\t\t\t\t\t\t\t\t\t\t\t<img fetchpriority=\"high\" decoding=\"async\" width=\"1024\" height=\"183\" src=\"https:\/\/www.cynoks.com\/wp-content\/uploads\/2023\/05\/KEYS_BIG-5d4835ca-1024x183.png\" class=\"attachment-large size-large wp-image-4826\" alt=\"\" srcset=\"https:\/\/www.cynoks.com\/wp-content\/uploads\/2023\/05\/KEYS_BIG-5d4835ca-1024x183.png 1024w, https:\/\/www.cynoks.com\/wp-content\/uploads\/2023\/05\/KEYS_BIG-5d4835ca-300x54.png 300w, https:\/\/www.cynoks.com\/wp-content\/uploads\/2023\/05\/KEYS_BIG-5d4835ca-768x137.png 768w, https:\/\/www.cynoks.com\/wp-content\/uploads\/2023\/05\/KEYS_BIG-5d4835ca-1536x275.png 1536w, https:\/\/www.cynoks.com\/wp-content\/uploads\/2023\/05\/KEYS_BIG-5d4835ca-18x3.png 18w, https:\/\/www.cynoks.com\/wp-content\/uploads\/2023\/05\/KEYS_BIG-5d4835ca.png 1576w\" sizes=\"(max-width: 1024px) 100vw, 1024px\" \/>\t\t\t\t\t\t\t\t\t\t\t\t\t\t\t<\/div>\n\t\t\t\t<\/div>\n\t\t\t\t\t<\/div>\n\t\t<\/div>\n\t\t\t\t<div class=\"elementor-column elementor-col-25 elementor-inner-column elementor-element elementor-element-0591e00\" data-id=\"0591e00\" data-element_type=\"column\">\n\t\t\t<div class=\"elementor-widget-wrap\">\n\t\t\t\t\t\t\t<\/div>\n\t\t<\/div>\n\t\t\t\t<div class=\"elementor-column elementor-col-25 elementor-inner-column elementor-element elementor-element-b320283\" data-id=\"b320283\" data-element_type=\"column\">\n\t\t\t<div class=\"elementor-widget-wrap\">\n\t\t\t\t\t\t\t<\/div>\n\t\t<\/div>\n\t\t\t\t<div class=\"elementor-column elementor-col-25 elementor-inner-column elementor-element elementor-element-81671ed\" data-id=\"81671ed\" data-element_type=\"column\">\n\t\t\t<div class=\"elementor-widget-wrap\">\n\t\t\t\t\t\t\t<\/div>\n\t\t<\/div>\n\t\t\t\t\t<\/div>\n\t\t<\/section>\n\t\t\t\t\t<\/div>\n\t\t<\/div>\n\t\t\t\t\t<\/div>\n\t\t<\/section>\n\t\t\t\t<\/div>","protected":false},"excerpt":{"rendered":"<p>A\u011f G\u00f6r\u00fcn\u00fcrl\u00fc\u011f\u00fc Canl\u0131 A\u011f\u0131n\u0131zda Neler Oldu\u011funu Anlay\u0131n! A\u011f G\u00f6r\u00fcn\u00fcrl\u00fc\u011f\u00fc \u0130\u00e7in Nas\u0131l Mimari Yapaca\u011f\u0131n\u0131z\u0131 \u00d6\u011frenin A\u011f g\u00f6r\u00fcn\u00fcrl\u00fc\u011f\u00fc, her anahtar noktas\u0131ndan verilerin toplanmas\u0131 ve eyleme d\u00f6n\u00fc\u015ft\u00fcr\u00fclebilir bilgilere d\u00f6n\u00fc\u015ft\u00fcr\u00fclebilmesi i\u00e7in ak\u0131ll\u0131ca da\u011f\u0131t\u0131lmas\u0131yla elde edilir. Bir g\u00f6r\u00fcn\u00fcrl\u00fck mimarisi olu\u015fturmak a\u011f g\u00fcvenli\u011fini art\u0131r\u0131r, maliyetleri ve karma\u015f\u0131kl\u0131\u011f\u0131 azalt\u0131r ve yasal uyumlulu\u011fu g\u00fc\u00e7lendirir. A\u011f G\u00f6r\u00fcn\u00fcrl\u00fc\u011f\u00fc Kullan\u0131m \u00d6rnekleri \u0130yi bir a\u011f g\u00f6r\u00fcn\u00fcrl\u00fc\u011f\u00fc \u00e7\u00f6z\u00fcm\u00fcn\u00fcn [&hellip;]<\/p>","protected":false},"author":2,"featured_media":0,"parent":3210,"menu_order":0,"comment_status":"closed","ping_status":"closed","template":"","meta":{"om_disable_all_campaigns":false,"inline_featured_image":false,"_monsterinsights_skip_tracking":false,"_monsterinsights_sitenote_active":false,"_monsterinsights_sitenote_note":"","_monsterinsights_sitenote_category":0,"ocean_post_layout":"full-screen","ocean_both_sidebars_style":"","ocean_both_sidebars_content_width":0,"ocean_both_sidebars_sidebars_width":0,"ocean_sidebar":"0","ocean_second_sidebar":"0","ocean_disable_margins":"enable","ocean_add_body_class":"","ocean_shortcode_before_top_bar":"","ocean_shortcode_after_top_bar":"","ocean_shortcode_before_header":"","ocean_shortcode_after_header":"","ocean_has_shortcode":"","ocean_shortcode_after_title":"","ocean_shortcode_before_footer_widgets":"","ocean_shortcode_after_footer_widgets":"","ocean_shortcode_before_footer_bottom":"","ocean_shortcode_after_footer_bottom":"","ocean_display_top_bar":"default","ocean_display_header":"default","ocean_header_style":"","ocean_center_header_left_menu":"0","ocean_custom_header_template":"0","ocean_custom_logo":0,"ocean_custom_retina_logo":0,"ocean_custom_logo_max_width":0,"ocean_custom_logo_tablet_max_width":0,"ocean_custom_logo_mobile_max_width":0,"ocean_custom_logo_max_height":0,"ocean_custom_logo_tablet_max_height":0,"ocean_custom_logo_mobile_max_height":0,"ocean_header_custom_menu":"0","ocean_menu_typo_font_family":"0","ocean_menu_typo_font_subset":"","ocean_menu_typo_font_size":0,"ocean_menu_typo_font_size_tablet":0,"ocean_menu_typo_font_size_mobile":0,"ocean_menu_typo_font_size_unit":"px","ocean_menu_typo_font_weight":"","ocean_menu_typo_font_weight_tablet":"","ocean_menu_typo_font_weight_mobile":"","ocean_menu_typo_transform":"","ocean_menu_typo_transform_tablet":"","ocean_menu_typo_transform_mobile":"","ocean_menu_typo_line_height":0,"ocean_menu_typo_line_height_tablet":0,"ocean_menu_typo_line_height_mobile":0,"ocean_menu_typo_line_height_unit":"","ocean_menu_typo_spacing":0,"ocean_menu_typo_spacing_tablet":0,"ocean_menu_typo_spacing_mobile":0,"ocean_menu_typo_spacing_unit":"","ocean_menu_link_color":"","ocean_menu_link_color_hover":"","ocean_menu_link_color_active":"","ocean_menu_link_background":"","ocean_menu_link_hover_background":"","ocean_menu_link_active_background":"","ocean_menu_social_links_bg":"","ocean_menu_social_hover_links_bg":"","ocean_menu_social_links_color":"","ocean_menu_social_hover_links_color":"","ocean_disable_title":"on","ocean_disable_heading":"default","ocean_post_title":"","ocean_post_subheading":"","ocean_post_title_style":"","ocean_post_title_background_color":"","ocean_post_title_background":0,"ocean_post_title_bg_image_position":"","ocean_post_title_bg_image_attachment":"","ocean_post_title_bg_image_repeat":"","ocean_post_title_bg_image_size":"","ocean_post_title_height":0,"ocean_post_title_bg_overlay":0.5,"ocean_post_title_bg_overlay_color":"","ocean_disable_breadcrumbs":"default","ocean_breadcrumbs_color":"","ocean_breadcrumbs_separator_color":"","ocean_breadcrumbs_links_color":"","ocean_breadcrumbs_links_hover_color":"","ocean_display_footer_widgets":"default","ocean_display_footer_bottom":"default","ocean_custom_footer_template":"0","two_page_speed":[],"footnotes":""},"class_list":["post-4823","page","type-page","status-publish","hentry","entry"],"_links":{"self":[{"href":"https:\/\/www.cynoks.com\/en\/wp-json\/wp\/v2\/pages\/4823","targetHints":{"allow":["GET"]}}],"collection":[{"href":"https:\/\/www.cynoks.com\/en\/wp-json\/wp\/v2\/pages"}],"about":[{"href":"https:\/\/www.cynoks.com\/en\/wp-json\/wp\/v2\/types\/page"}],"author":[{"embeddable":true,"href":"https:\/\/www.cynoks.com\/en\/wp-json\/wp\/v2\/users\/2"}],"replies":[{"embeddable":true,"href":"https:\/\/www.cynoks.com\/en\/wp-json\/wp\/v2\/comments?post=4823"}],"version-history":[{"count":22,"href":"https:\/\/www.cynoks.com\/en\/wp-json\/wp\/v2\/pages\/4823\/revisions"}],"predecessor-version":[{"id":4959,"href":"https:\/\/www.cynoks.com\/en\/wp-json\/wp\/v2\/pages\/4823\/revisions\/4959"}],"up":[{"embeddable":true,"href":"https:\/\/www.cynoks.com\/en\/wp-json\/wp\/v2\/pages\/3210"}],"wp:attachment":[{"href":"https:\/\/www.cynoks.com\/en\/wp-json\/wp\/v2\/media?parent=4823"}],"curies":[{"name":"wp","href":"https:\/\/api.w.org\/{rel}","templated":true}]}}