{"id":2655,"date":"2022-03-02T16:58:01","date_gmt":"2022-03-02T13:58:01","guid":{"rendered":"https:\/\/cynoks.com\/?page_id=2655"},"modified":"2023-05-23T16:06:42","modified_gmt":"2023-05-23T13:06:42","slug":"veri-merkezli-denetim-ve-koruma-dcap","status":"publish","type":"page","link":"https:\/\/www.cynoks.com\/en\/cozum-ortaklarimiz\/netwrix\/veri-merkezli-denetim-ve-koruma-dcap\/","title":{"rendered":"Veri Merkezli Denetim ve Koruma (DCAP)"},"content":{"rendered":"<div data-elementor-type=\"wp-page\" data-elementor-id=\"2655\" class=\"elementor elementor-2655\">\n\t\t\t\t\t\t<section class=\"elementor-section elementor-top-section elementor-element elementor-element-1f3df255 elementor-section-height-min-height elementor-section-content-middle elementor-section-boxed elementor-section-height-default elementor-section-items-middle\" data-id=\"1f3df255\" data-element_type=\"section\" data-settings=\"{&quot;background_background&quot;:&quot;classic&quot;}\">\n\t\t\t\t\t\t\t<div class=\"elementor-background-overlay\"><\/div>\n\t\t\t\t\t\t\t<div class=\"elementor-container elementor-column-gap-no\">\n\t\t\t\t\t<div class=\"elementor-column elementor-col-100 elementor-top-column elementor-element elementor-element-54f80661\" data-id=\"54f80661\" data-element_type=\"column\">\n\t\t\t<div class=\"elementor-widget-wrap elementor-element-populated\">\n\t\t\t\t\t\t<div class=\"elementor-element elementor-element-7a35f63d elementor-invisible elementor-widget elementor-widget-heading\" data-id=\"7a35f63d\" data-element_type=\"widget\" data-settings=\"{&quot;_animation&quot;:&quot;fadeInDown&quot;}\" data-widget_type=\"heading.default\">\n\t\t\t\t<div class=\"elementor-widget-container\">\n\t\t\t\t\t<h3 class=\"elementor-heading-title elementor-size-small\">Veri Merkezli Denetim ve Koruma<\/h3>\t\t\t\t<\/div>\n\t\t\t\t<\/div>\n\t\t\t\t<div class=\"elementor-element elementor-element-86481b6 elementor-widget elementor-widget-heading\" data-id=\"86481b6\" data-element_type=\"widget\" data-widget_type=\"heading.default\">\n\t\t\t\t<div class=\"elementor-widget-container\">\n\t\t\t\t\t<h2 class=\"elementor-heading-title elementor-size-xxl\">Temelinde verileriniz ile BT g\u00fcvenli\u011fini d\u00fczenleyin, Verilerinizi bilin - \u00d6nemli olan\u0131 koruyun!<\/h2>\t\t\t\t<\/div>\n\t\t\t\t<\/div>\n\t\t\t\t\t<\/div>\n\t\t<\/div>\n\t\t\t\t\t<\/div>\n\t\t<\/section>\n\t\t\t\t<section class=\"elementor-section elementor-top-section elementor-element elementor-element-3c86cc0a elementor-section-boxed elementor-section-height-default elementor-section-height-default\" data-id=\"3c86cc0a\" data-element_type=\"section\">\n\t\t\t\t\t\t<div class=\"elementor-container elementor-column-gap-default\">\n\t\t\t\t\t<div class=\"elementor-column elementor-col-100 elementor-top-column elementor-element elementor-element-206adcb0\" data-id=\"206adcb0\" data-element_type=\"column\">\n\t\t\t<div class=\"elementor-widget-wrap elementor-element-populated\">\n\t\t\t\t\t\t<section class=\"elementor-section elementor-inner-section elementor-element elementor-element-c1b93cd elementor-section-boxed elementor-section-height-default elementor-section-height-default\" data-id=\"c1b93cd\" data-element_type=\"section\">\n\t\t\t\t\t\t<div class=\"elementor-container elementor-column-gap-default\">\n\t\t\t\t\t<div class=\"elementor-column elementor-col-100 elementor-inner-column elementor-element elementor-element-30982bc\" data-id=\"30982bc\" data-element_type=\"column\">\n\t\t\t<div class=\"elementor-widget-wrap elementor-element-populated\">\n\t\t\t\t\t\t<div class=\"elementor-element elementor-element-935d878 elementor-widget elementor-widget-heading\" data-id=\"935d878\" data-element_type=\"widget\" data-widget_type=\"heading.default\">\n\t\t\t\t<div class=\"elementor-widget-container\">\n\t\t\t\t\t<h1 class=\"elementor-heading-title elementor-size-default\">Veri Merkezli Denetim ve Koruma (DCAP)<\/h1>\t\t\t\t<\/div>\n\t\t\t\t<\/div>\n\t\t\t\t<div class=\"elementor-element elementor-element-760b40a elementor-widget elementor-widget-text-editor\" data-id=\"760b40a\" data-element_type=\"widget\" data-widget_type=\"text-editor.default\">\n\t\t\t\t<div class=\"elementor-widget-container\">\n\t\t\t\t\t\t\t\t\t<p>B\u00fcy\u00fck Veri ve Bilgi \u00c7a\u011f\u0131&#8217;n\u0131n y\u00fckseli\u015finde, veriler her zamankinden daha de\u011ferli hale geldi. IoT ve teknolojinin ilerlemesi, siber su\u00e7lular i\u00e7in artan f\u0131rsatlara da katk\u0131da bulunuyor.<\/p>\n<p>GDPR, PCI-DSS, HIPAA\/HITECH ve ISO\/IEC gibi veri koruma ve veri g\u00fcvenli\u011fi kontrollerine ili\u015fkin kat\u0131 d\u00fczenleyici gereksinimlerle birle\u015fti\u011finde, kurulu\u015flar veri merkezli denetim ve koruma (DCAP) ile i\u015flerini ve m\u00fc\u015fteri verilerini giderek daha fazla g\u00fcvence alt\u0131na al\u0131yorlar. .<\/p>\t\t\t\t\t\t\t\t<\/div>\n\t\t\t\t<\/div>\n\t\t\t\t\t<\/div>\n\t\t<\/div>\n\t\t\t\t\t<\/div>\n\t\t<\/section>\n\t\t\t\t<div class=\"elementor-element elementor-element-23c4531 elementor-widget elementor-widget-heading\" data-id=\"23c4531\" data-element_type=\"widget\" data-widget_type=\"heading.default\">\n\t\t\t\t<div class=\"elementor-widget-container\">\n\t\t\t\t\t<h1 class=\"elementor-heading-title elementor-size-default\">DCAP nedir?<\/h1>\t\t\t\t<\/div>\n\t\t\t\t<\/div>\n\t\t\t\t<div class=\"elementor-element elementor-element-dd67808 elementor-widget elementor-widget-text-editor\" data-id=\"dd67808\" data-element_type=\"widget\" data-widget_type=\"text-editor.default\">\n\t\t\t\t<div class=\"elementor-widget-container\">\n\t\t\t\t\t\t\t\t\t<p>Veri Merkezli Denetim ve Koruma (DCAP), kurulu\u015funuzun veri gizlili\u011fini koruman\u0131n bir yoludur. A\u011flar\u0131n, yaz\u0131l\u0131mlar\u0131n veya donan\u0131mlar\u0131n g\u00fcvenli\u011finden ziyade verilerin g\u00fcvenli\u011fini ele al\u0131r.<\/p>\n<p>Bu, \u015fu yollarla yap\u0131l\u0131r:<\/p>\n<ul>\n<li>Veri s\u0131n\u0131fland\u0131rma<\/li>\n<li>Hassas veri depolama<\/li>\n<li>Veri g\u00fcvenli\u011fi y\u00f6netimi<\/li>\n<li>Verileri yetkisiz eri\u015fime kar\u015f\u0131 koruma<\/li>\n<\/ul>\n<p>Veri izleme ve denetleme Netwrix \u00e7\u00f6z\u00fcmleriyle i\u015fbirli\u011fi i\u00e7inde, m\u00fc\u015fterilerimize hassas bilgileri en y\u00fcksek hassasiyetle tan\u0131mlama ve s\u0131n\u0131fland\u0131rma yetkisi veriyoruz.<\/p>\t\t\t\t\t\t\t\t<\/div>\n\t\t\t\t<\/div>\n\t\t\t\t<div class=\"elementor-element elementor-element-69b343a elementor-widget elementor-widget-heading\" data-id=\"69b343a\" data-element_type=\"widget\" data-widget_type=\"heading.default\">\n\t\t\t\t<div class=\"elementor-widget-container\">\n\t\t\t\t\t<h1 class=\"elementor-heading-title elementor-size-default\">Nas\u0131l yard\u0131mc\u0131 olabiliriz?<\/h1>\t\t\t\t<\/div>\n\t\t\t\t<\/div>\n\t\t\t\t<div class=\"elementor-element elementor-element-c21617c elementor-widget elementor-widget-heading\" data-id=\"c21617c\" data-element_type=\"widget\" data-widget_type=\"heading.default\">\n\t\t\t\t<div class=\"elementor-widget-container\">\n\t\t\t\t\t<h2 class=\"elementor-heading-title elementor-size-default\">Verilerinizi Bilin<\/h2>\t\t\t\t<\/div>\n\t\t\t\t<\/div>\n\t\t\t\t<div class=\"elementor-element elementor-element-459a77f0 elementor-widget elementor-widget-text-editor\" data-id=\"459a77f0\" data-element_type=\"widget\" data-widget_type=\"text-editor.default\">\n\t\t\t\t<div class=\"elementor-widget-container\">\n\t\t\t\t\t\t\t\t\t<p>Siber g\u00fcvenlik \u00e7abalar\u0131n\u0131z\u0131n ger\u00e7ekten \u00f6nemli verilere lazer odakl\u0131 oldu\u011fundan emin olun (koruma gerektirmeyen yanl\u0131\u015f pozitifler yerine).<\/p>\n<p>Netwrix&#8217;in birle\u015fik platformu, ister \u015firket i\u00e7inde ister bulutta olsun, hem yap\u0131land\u0131r\u0131lm\u0131\u015f hem de yap\u0131land\u0131r\u0131lmam\u0131\u015f veriler dahil olmak \u00fczere hassas, d\u00fczenlenmi\u015f veya g\u00f6rev a\u00e7\u0131s\u0131ndan kritik bilgilerinizi tutarl\u0131 ve do\u011fru bir \u015fekilde tan\u0131mlar ve s\u0131n\u0131fland\u0131r\u0131r.<\/p>\t\t\t\t\t\t\t\t<\/div>\n\t\t\t\t<\/div>\n\t\t\t\t<div class=\"elementor-element elementor-element-7ee0ac7 elementor-widget elementor-widget-heading\" data-id=\"7ee0ac7\" data-element_type=\"widget\" data-widget_type=\"heading.default\">\n\t\t\t\t<div class=\"elementor-widget-container\">\n\t\t\t\t\t<h2 class=\"elementor-heading-title elementor-size-default\">\u00d6nemli Olan\u0131 Koruyun<\/h2>\t\t\t\t<\/div>\n\t\t\t\t<\/div>\n\t\t\t\t<div class=\"elementor-element elementor-element-26ded48 elementor-widget elementor-widget-text-editor\" data-id=\"26ded48\" data-element_type=\"widget\" data-widget_type=\"text-editor.default\">\n\t\t\t\t<div class=\"elementor-widget-container\">\n\t\t\t\t\t\t\t\t\t<p>Hassas verilerinizin a\u015f\u0131r\u0131 a\u00e7\u0131\u011fa \u00e7\u0131k\u0131p \u00e7\u0131kmad\u0131\u011f\u0131n\u0131 biliyor musunuz? Bunlara kimler eri\u015febilir? Ta\u015f\u0131nm\u0131\u015f, kopyalanm\u0131\u015f, de\u011fi\u015ftirilmi\u015f veya silinmi\u015f mi? \u200b<\/p>\n<p>Netwrix \u00e7\u00f6z\u00fcmleri \u015funlar\u0131 yapman\u0131z\u0131 sa\u011flar:<\/p>\n<ul>\n<li>En kritik verileriniz etraf\u0131nda riske uygun g\u00fcvenlik kontrollerinin uyguland\u0131\u011f\u0131ndan emin olun.<\/li>\n<li>Anormal aktiviteyi erken tespit edin ve bir tehdit ihlale d\u00f6n\u00fc\u015fmeden \u00f6nce yan\u0131t verin.<\/li>\n<li>\u0130zinleri s\u0131k\u0131la\u015ft\u0131rarak ve veri ve altyap\u0131 g\u00fcvenlik risklerini azaltarak hassas i\u00e7eri\u011fin a\u00e7\u0131\u011fa \u00e7\u0131kmas\u0131n\u0131 azalt\u0131n.<\/li>\n<li>T\u00fcm anormal davran\u0131\u015flar\u0131n ve ilgili risk puanlar\u0131n\u0131n tek bir g\u00f6r\u00fcn\u00fcm\u00fc ile olaylar\u0131 daha iyi tespit edin ve \u00f6nceliklendirin.<\/li>\n<li>Olay deste\u011fi sa\u011flayarak ve daha h\u0131zl\u0131, daha do\u011fru soru\u015fturmalar sa\u011flayarak tehditlere zaman\u0131nda m\u00fcdahale edilmesini sa\u011flay\u0131n<\/li>\n<\/ul>\t\t\t\t\t\t\t\t<\/div>\n\t\t\t\t<\/div>\n\t\t\t\t<div class=\"elementor-element elementor-element-d0a64fb elementor-widget elementor-widget-heading\" data-id=\"d0a64fb\" data-element_type=\"widget\" data-widget_type=\"heading.default\">\n\t\t\t\t<div class=\"elementor-widget-container\">\n\t\t\t\t\t<h2 class=\"elementor-heading-title elementor-size-default\">Uygunlu\u011fu Kan\u0131tlay\u0131n<\/h2>\t\t\t\t<\/div>\n\t\t\t\t<\/div>\n\t\t\t\t<div class=\"elementor-element elementor-element-6e4f052 elementor-widget elementor-widget-text-editor\" data-id=\"6e4f052\" data-element_type=\"widget\" data-widget_type=\"text-editor.default\">\n\t\t\t\t<div class=\"elementor-widget-container\">\n\t\t\t\t\t\t\t\t\tT\u00fcm altyap\u0131n\u0131zda veri g\u00fcvenli\u011fi kontrollerinin etkinli\u011fini de\u011ferlendirin, b\u00f6ylece herhangi bir kusuru denet\u00e7iler aramadan \u00f6nce d\u00fczeltebilirsiniz. Denet\u00e7ilere, kontrollerinizin y\u00f6netmeliklere uygun oldu\u011funu g\u00f6stermek i\u00e7in ihtiya\u00e7 duydu\u011funuz somut kan\u0131tlar\u0131 al\u0131n ve anl\u0131k sorular\u0131 h\u0131zla yan\u0131tlay\u0131n.\t\t\t\t\t\t\t\t<\/div>\n\t\t\t\t<\/div>\n\t\t\t\t\t<\/div>\n\t\t<\/div>\n\t\t\t\t\t<\/div>\n\t\t<\/section>\n\t\t\t\t<\/div>","protected":false},"excerpt":{"rendered":"<p>Veri Merkezli Denetim ve Koruma Temelinde verileriniz ile BT g\u00fcvenli\u011fini d\u00fczenleyin, Verilerinizi bilin &#8211; \u00d6nemli olan\u0131 koruyun! Veri Merkezli Denetim ve Koruma (DCAP) B\u00fcy\u00fck Veri ve Bilgi \u00c7a\u011f\u0131&#8217;n\u0131n y\u00fckseli\u015finde, veriler her zamankinden daha de\u011ferli hale geldi. IoT ve teknolojinin ilerlemesi, siber su\u00e7lular i\u00e7in artan f\u0131rsatlara da katk\u0131da bulunuyor. GDPR, PCI-DSS, HIPAA\/HITECH ve ISO\/IEC gibi veri [&hellip;]<\/p>","protected":false},"author":2,"featured_media":0,"parent":563,"menu_order":0,"comment_status":"closed","ping_status":"closed","template":"","meta":{"om_disable_all_campaigns":false,"inline_featured_image":false,"_monsterinsights_skip_tracking":false,"_monsterinsights_sitenote_active":false,"_monsterinsights_sitenote_note":"","_monsterinsights_sitenote_category":0,"ocean_post_layout":"full-screen","ocean_both_sidebars_style":"","ocean_both_sidebars_content_width":0,"ocean_both_sidebars_sidebars_width":0,"ocean_sidebar":"0","ocean_second_sidebar":"0","ocean_disable_margins":"enable","ocean_add_body_class":"","ocean_shortcode_before_top_bar":"","ocean_shortcode_after_top_bar":"","ocean_shortcode_before_header":"","ocean_shortcode_after_header":"","ocean_has_shortcode":"","ocean_shortcode_after_title":"","ocean_shortcode_before_footer_widgets":"","ocean_shortcode_after_footer_widgets":"","ocean_shortcode_before_footer_bottom":"","ocean_shortcode_after_footer_bottom":"","ocean_display_top_bar":"default","ocean_display_header":"default","ocean_header_style":"","ocean_center_header_left_menu":"0","ocean_custom_header_template":"0","ocean_custom_logo":0,"ocean_custom_retina_logo":0,"ocean_custom_logo_max_width":0,"ocean_custom_logo_tablet_max_width":0,"ocean_custom_logo_mobile_max_width":0,"ocean_custom_logo_max_height":0,"ocean_custom_logo_tablet_max_height":0,"ocean_custom_logo_mobile_max_height":0,"ocean_header_custom_menu":"0","ocean_menu_typo_font_family":"0","ocean_menu_typo_font_subset":"","ocean_menu_typo_font_size":0,"ocean_menu_typo_font_size_tablet":0,"ocean_menu_typo_font_size_mobile":0,"ocean_menu_typo_font_size_unit":"px","ocean_menu_typo_font_weight":"","ocean_menu_typo_font_weight_tablet":"","ocean_menu_typo_font_weight_mobile":"","ocean_menu_typo_transform":"","ocean_menu_typo_transform_tablet":"","ocean_menu_typo_transform_mobile":"","ocean_menu_typo_line_height":0,"ocean_menu_typo_line_height_tablet":0,"ocean_menu_typo_line_height_mobile":0,"ocean_menu_typo_line_height_unit":"","ocean_menu_typo_spacing":0,"ocean_menu_typo_spacing_tablet":0,"ocean_menu_typo_spacing_mobile":0,"ocean_menu_typo_spacing_unit":"","ocean_menu_link_color":"","ocean_menu_link_color_hover":"","ocean_menu_link_color_active":"","ocean_menu_link_background":"","ocean_menu_link_hover_background":"","ocean_menu_link_active_background":"","ocean_menu_social_links_bg":"","ocean_menu_social_hover_links_bg":"","ocean_menu_social_links_color":"","ocean_menu_social_hover_links_color":"","ocean_disable_title":"on","ocean_disable_heading":"default","ocean_post_title":"","ocean_post_subheading":"","ocean_post_title_style":"","ocean_post_title_background_color":"","ocean_post_title_background":0,"ocean_post_title_bg_image_position":"","ocean_post_title_bg_image_attachment":"","ocean_post_title_bg_image_repeat":"","ocean_post_title_bg_image_size":"","ocean_post_title_height":0,"ocean_post_title_bg_overlay":0.5,"ocean_post_title_bg_overlay_color":"","ocean_disable_breadcrumbs":"default","ocean_breadcrumbs_color":"","ocean_breadcrumbs_separator_color":"","ocean_breadcrumbs_links_color":"","ocean_breadcrumbs_links_hover_color":"","ocean_display_footer_widgets":"default","ocean_display_footer_bottom":"default","ocean_custom_footer_template":"0","two_page_speed":[],"footnotes":""},"class_list":["post-2655","page","type-page","status-publish","hentry","entry"],"_links":{"self":[{"href":"https:\/\/www.cynoks.com\/en\/wp-json\/wp\/v2\/pages\/2655","targetHints":{"allow":["GET"]}}],"collection":[{"href":"https:\/\/www.cynoks.com\/en\/wp-json\/wp\/v2\/pages"}],"about":[{"href":"https:\/\/www.cynoks.com\/en\/wp-json\/wp\/v2\/types\/page"}],"author":[{"embeddable":true,"href":"https:\/\/www.cynoks.com\/en\/wp-json\/wp\/v2\/users\/2"}],"replies":[{"embeddable":true,"href":"https:\/\/www.cynoks.com\/en\/wp-json\/wp\/v2\/comments?post=2655"}],"version-history":[{"count":28,"href":"https:\/\/www.cynoks.com\/en\/wp-json\/wp\/v2\/pages\/2655\/revisions"}],"predecessor-version":[{"id":2684,"href":"https:\/\/www.cynoks.com\/en\/wp-json\/wp\/v2\/pages\/2655\/revisions\/2684"}],"up":[{"embeddable":true,"href":"https:\/\/www.cynoks.com\/en\/wp-json\/wp\/v2\/pages\/563"}],"wp:attachment":[{"href":"https:\/\/www.cynoks.com\/en\/wp-json\/wp\/v2\/media?parent=2655"}],"curies":[{"name":"wp","href":"https:\/\/api.w.org\/{rel}","templated":true}]}}