{"id":2619,"date":"2022-02-24T14:21:05","date_gmt":"2022-02-24T11:21:05","guid":{"rendered":"https:\/\/cynoks.com\/?page_id=2619"},"modified":"2022-02-24T14:26:12","modified_gmt":"2022-02-24T11:26:12","slug":"exabeam","status":"publish","type":"page","link":"https:\/\/www.cynoks.com\/en\/cozum-ortaklarimiz\/exabeam\/","title":{"rendered":"Exabeam"},"content":{"rendered":"<div data-elementor-type=\"wp-page\" data-elementor-id=\"2619\" class=\"elementor elementor-2619\">\n\t\t\t\t\t\t<section class=\"elementor-section elementor-top-section elementor-element elementor-element-4962f23 elementor-section-boxed elementor-section-height-default elementor-section-height-default\" data-id=\"4962f23\" data-element_type=\"section\">\n\t\t\t\t\t\t<div class=\"elementor-container elementor-column-gap-default\">\n\t\t\t\t\t<div class=\"elementor-column elementor-col-100 elementor-top-column elementor-element elementor-element-16c7730\" data-id=\"16c7730\" data-element_type=\"column\">\n\t\t\t<div class=\"elementor-widget-wrap elementor-element-populated\">\n\t\t\t\t\t\t<div class=\"elementor-element elementor-element-41aad88 elementor-widget elementor-widget-text-editor\" data-id=\"41aad88\" data-element_type=\"widget\" data-widget_type=\"text-editor.default\">\n\t\t\t\t<div class=\"elementor-widget-container\">\n\t\t\t\t\t\t\t\t\t<p>Exabeam, yenilik\u00e7i UEBA ve SIEM \u015firketidir.<\/p><p>Kurulu\u015flara siber sald\u0131r\u0131lar\u0131 daha verimli bir \u015fekilde tespit etme, ara\u015ft\u0131rma ve m\u00fcdahale etme yetkisi vermektedir. B\u00f6ylece g\u00fcvenlik operasyonlar\u0131 ve i\u00e7eriden tehdit ekipleri daha ak\u0131ll\u0131ca \u00e7al\u0131\u015fabilmektedir.<br \/>G\u00fcvenlik kurulu\u015flar\u0131 art\u0131k a\u015f\u0131r\u0131 g\u00fcnl\u00fck kay\u0131t \u00fccretleri, ka\u00e7\u0131r\u0131lan da\u011f\u0131t\u0131lm\u0131\u015f sald\u0131r\u0131lar ve bilinmeyen tehditler veya manuel soru\u015fturma ve iyile\u015ftirme ile ya\u015famak zorunda de\u011fillerdir. Exabeam G\u00fcvenlik Y\u00f6netim Platformu ile analistler, hem \u015firket i\u00e7inde hem de bulutta s\u0131n\u0131rs\u0131z g\u00fcnl\u00fck verisi toplayabilir, sald\u0131r\u0131lar\u0131 tespit etmek i\u00e7in davran\u0131\u015fsal analiti\u011fi kullanabilir ve olay yan\u0131t\u0131n\u0131 otomatikle\u015ftirebilir.<br \/>Imperva, ArcSight ve Sumo Logic\u2019ten deneyimli g\u00fcvenlik ve kurumsal BT uzmanlar\u0131 taraf\u0131ndan in\u015fa edilen Exabeam\u2019in genel merkezi California, San Mateo\u2019dad\u0131r. Lightspeed Venture Partners, Cisco Investments, Norwest Venture Partners, Aspect Ventures, Icon Ventures ve yat\u0131r\u0131mc\u0131 Shlomo Kramer taraf\u0131ndan \u00f6zel olarak finanse edilmektedir.<\/p><p>NEDEN EXABEAM ?<\/p><p>Nir, Domingo ve Sylvain bir \u015firket ad\u0131 i\u00e7in beyin f\u0131rt\u0131nas\u0131 yapmaya ba\u015flad\u0131\u011f\u0131nda, ilhamlar\u0131n\u0131n as\u0131l kayna\u011f\u0131 b\u00fcy\u00fck verilerdi. \u00dcr\u00fcn \u00e7ok fazla veriyi i\u015flerdi \u2013 \u00e7ok, \u00e7ok gigabayt. Ancak \u201cgiga\u201d ve \u201ctera\u201d, teknoloji \u015firketi ortam\u0131n\u0131n her yerinde zaten vard\u0131. B\u00f6ylece, bir milyar gigabayt d\u00fc\u015f\u00fcnerek, yani eksabayt olarak da bilinen b\u00fcy\u00fck bir h\u0131zla b\u00fcy\u00fcd\u00fcler. Ayr\u0131ca, \u00fcr\u00fcn\u00fcn b\u00fcy\u00fck hacimli g\u00fcnl\u00fck verilerinde bulunan ilgin\u00e7 modellere \u0131\u015f\u0131k tutaca\u011f\u0131n\u0131 da d\u00fc\u015f\u00fcnd\u00fcler ve i\u015fte! \u201cEksabayt\u201d ve \u201c\u0131\u015f\u0131k huzmesi\u201d kombinasyonu olan Exabeam\u2019e kuruldu.<\/p>\t\t\t\t\t\t\t\t<\/div>\n\t\t\t\t<\/div>\n\t\t\t\t\t<\/div>\n\t\t<\/div>\n\t\t\t\t\t<\/div>\n\t\t<\/section>\n\t\t\t\t<\/div>","protected":false},"excerpt":{"rendered":"<p>Exabeam, yenilik\u00e7i UEBA ve SIEM \u015firketidir. Kurulu\u015flara siber sald\u0131r\u0131lar\u0131 daha verimli bir \u015fekilde tespit etme, ara\u015ft\u0131rma ve m\u00fcdahale etme yetkisi vermektedir. B\u00f6ylece g\u00fcvenlik operasyonlar\u0131 ve i\u00e7eriden tehdit ekipleri daha ak\u0131ll\u0131ca \u00e7al\u0131\u015fabilmektedir. G\u00fcvenlik kurulu\u015flar\u0131 art\u0131k a\u015f\u0131r\u0131 g\u00fcnl\u00fck kay\u0131t \u00fccretleri, ka\u00e7\u0131r\u0131lan da\u011f\u0131t\u0131lm\u0131\u015f sald\u0131r\u0131lar ve bilinmeyen tehditler veya manuel soru\u015fturma ve iyile\u015ftirme ile ya\u015famak zorunda de\u011fillerdir. Exabeam G\u00fcvenlik [&hellip;]<\/p>","protected":false},"author":2,"featured_media":0,"parent":498,"menu_order":0,"comment_status":"closed","ping_status":"closed","template":"","meta":{"om_disable_all_campaigns":false,"inline_featured_image":false,"_monsterinsights_skip_tracking":false,"_monsterinsights_sitenote_active":false,"_monsterinsights_sitenote_note":"","_monsterinsights_sitenote_category":0,"ocean_post_layout":"","ocean_both_sidebars_style":"","ocean_both_sidebars_content_width":0,"ocean_both_sidebars_sidebars_width":0,"ocean_sidebar":"0","ocean_second_sidebar":"0","ocean_disable_margins":"enable","ocean_add_body_class":"","ocean_shortcode_before_top_bar":"","ocean_shortcode_after_top_bar":"","ocean_shortcode_before_header":"","ocean_shortcode_after_header":"","ocean_has_shortcode":"","ocean_shortcode_after_title":"","ocean_shortcode_before_footer_widgets":"","ocean_shortcode_after_footer_widgets":"","ocean_shortcode_before_footer_bottom":"","ocean_shortcode_after_footer_bottom":"","ocean_display_top_bar":"default","ocean_display_header":"default","ocean_header_style":"","ocean_center_header_left_menu":"0","ocean_custom_header_template":"0","ocean_custom_logo":0,"ocean_custom_retina_logo":0,"ocean_custom_logo_max_width":0,"ocean_custom_logo_tablet_max_width":0,"ocean_custom_logo_mobile_max_width":0,"ocean_custom_logo_max_height":0,"ocean_custom_logo_tablet_max_height":0,"ocean_custom_logo_mobile_max_height":0,"ocean_header_custom_menu":"0","ocean_menu_typo_font_family":"0","ocean_menu_typo_font_subset":"","ocean_menu_typo_font_size":0,"ocean_menu_typo_font_size_tablet":0,"ocean_menu_typo_font_size_mobile":0,"ocean_menu_typo_font_size_unit":"px","ocean_menu_typo_font_weight":"","ocean_menu_typo_font_weight_tablet":"","ocean_menu_typo_font_weight_mobile":"","ocean_menu_typo_transform":"","ocean_menu_typo_transform_tablet":"","ocean_menu_typo_transform_mobile":"","ocean_menu_typo_line_height":0,"ocean_menu_typo_line_height_tablet":0,"ocean_menu_typo_line_height_mobile":0,"ocean_menu_typo_line_height_unit":"","ocean_menu_typo_spacing":0,"ocean_menu_typo_spacing_tablet":0,"ocean_menu_typo_spacing_mobile":0,"ocean_menu_typo_spacing_unit":"","ocean_menu_link_color":"","ocean_menu_link_color_hover":"","ocean_menu_link_color_active":"","ocean_menu_link_background":"","ocean_menu_link_hover_background":"","ocean_menu_link_active_background":"","ocean_menu_social_links_bg":"","ocean_menu_social_hover_links_bg":"","ocean_menu_social_links_color":"","ocean_menu_social_hover_links_color":"","ocean_disable_title":"default","ocean_disable_heading":"default","ocean_post_title":"","ocean_post_subheading":"","ocean_post_title_style":"","ocean_post_title_background_color":"","ocean_post_title_background":0,"ocean_post_title_bg_image_position":"","ocean_post_title_bg_image_attachment":"","ocean_post_title_bg_image_repeat":"","ocean_post_title_bg_image_size":"","ocean_post_title_height":0,"ocean_post_title_bg_overlay":0.5,"ocean_post_title_bg_overlay_color":"","ocean_disable_breadcrumbs":"default","ocean_breadcrumbs_color":"","ocean_breadcrumbs_separator_color":"","ocean_breadcrumbs_links_color":"","ocean_breadcrumbs_links_hover_color":"","ocean_display_footer_widgets":"default","ocean_display_footer_bottom":"default","ocean_custom_footer_template":"0","two_page_speed":[],"footnotes":""},"class_list":["post-2619","page","type-page","status-publish","hentry","entry"],"_links":{"self":[{"href":"https:\/\/www.cynoks.com\/en\/wp-json\/wp\/v2\/pages\/2619","targetHints":{"allow":["GET"]}}],"collection":[{"href":"https:\/\/www.cynoks.com\/en\/wp-json\/wp\/v2\/pages"}],"about":[{"href":"https:\/\/www.cynoks.com\/en\/wp-json\/wp\/v2\/types\/page"}],"author":[{"embeddable":true,"href":"https:\/\/www.cynoks.com\/en\/wp-json\/wp\/v2\/users\/2"}],"replies":[{"embeddable":true,"href":"https:\/\/www.cynoks.com\/en\/wp-json\/wp\/v2\/comments?post=2619"}],"version-history":[{"count":5,"href":"https:\/\/www.cynoks.com\/en\/wp-json\/wp\/v2\/pages\/2619\/revisions"}],"predecessor-version":[{"id":2625,"href":"https:\/\/www.cynoks.com\/en\/wp-json\/wp\/v2\/pages\/2619\/revisions\/2625"}],"up":[{"embeddable":true,"href":"https:\/\/www.cynoks.com\/en\/wp-json\/wp\/v2\/pages\/498"}],"wp:attachment":[{"href":"https:\/\/www.cynoks.com\/en\/wp-json\/wp\/v2\/media?parent=2619"}],"curies":[{"name":"wp","href":"https:\/\/api.w.org\/{rel}","templated":true}]}}