{"id":2283,"date":"2021-10-06T11:24:14","date_gmt":"2021-10-06T08:24:14","guid":{"rendered":"https:\/\/cynoks.com\/?page_id=2283"},"modified":"2024-02-10T01:38:12","modified_gmt":"2024-02-09T22:38:12","slug":"titus","status":"publish","type":"page","link":"https:\/\/www.cynoks.com\/en\/cozum-ortaklarimiz\/fortra\/titus\/","title":{"rendered":"Titus"},"content":{"rendered":"<div data-elementor-type=\"wp-page\" data-elementor-id=\"2283\" class=\"elementor elementor-2283\">\n\t\t\t\t\t\t<section class=\"elementor-section elementor-top-section elementor-element elementor-element-238cb1d9 elementor-section-height-min-height elementor-section-content-middle elementor-section-boxed elementor-section-height-default elementor-section-items-middle\" data-id=\"238cb1d9\" data-element_type=\"section\" data-settings=\"{&quot;background_background&quot;:&quot;classic&quot;}\">\n\t\t\t\t\t\t\t<div class=\"elementor-background-overlay\"><\/div>\n\t\t\t\t\t\t\t<div class=\"elementor-container elementor-column-gap-no\">\n\t\t\t\t\t<div class=\"elementor-column elementor-col-100 elementor-top-column elementor-element elementor-element-3a02c5c1\" data-id=\"3a02c5c1\" data-element_type=\"column\">\n\t\t\t<div class=\"elementor-widget-wrap elementor-element-populated\">\n\t\t\t\t\t\t<div class=\"elementor-element elementor-element-83e46f9 elementor-invisible elementor-widget elementor-widget-image\" data-id=\"83e46f9\" data-element_type=\"widget\" data-settings=\"{&quot;_animation&quot;:&quot;fadeInDown&quot;}\" data-widget_type=\"image.default\">\n\t\t\t\t<div class=\"elementor-widget-container\">\n\t\t\t\t\t\t\t\t\t\t\t\t\t\t\t<img fetchpriority=\"high\" decoding=\"async\" width=\"558\" height=\"192\" src=\"https:\/\/www.cynoks.com\/wp-content\/uploads\/2023\/02\/titus-helpsystems-logo.png\" class=\"attachment-medium_large size-medium_large wp-image-4405\" alt=\"\" srcset=\"https:\/\/www.cynoks.com\/wp-content\/uploads\/2023\/02\/titus-helpsystems-logo.png 558w, https:\/\/www.cynoks.com\/wp-content\/uploads\/2023\/02\/titus-helpsystems-logo-300x103.png 300w, https:\/\/www.cynoks.com\/wp-content\/uploads\/2023\/02\/titus-helpsystems-logo-18x6.png 18w\" sizes=\"(max-width: 558px) 100vw, 558px\" \/>\t\t\t\t\t\t\t\t\t\t\t\t\t\t\t<\/div>\n\t\t\t\t<\/div>\n\t\t\t\t\t<\/div>\n\t\t<\/div>\n\t\t\t\t\t<\/div>\n\t\t<\/section>\n\t\t\t\t<section class=\"elementor-section elementor-top-section elementor-element elementor-element-6e2f2c77 elementor-section-boxed elementor-section-height-default elementor-section-height-default\" data-id=\"6e2f2c77\" data-element_type=\"section\">\n\t\t\t\t\t\t<div class=\"elementor-container elementor-column-gap-default\">\n\t\t\t\t\t<div class=\"elementor-column elementor-col-100 elementor-top-column elementor-element elementor-element-7d74cb7b\" data-id=\"7d74cb7b\" data-element_type=\"column\">\n\t\t\t<div class=\"elementor-widget-wrap elementor-element-populated\">\n\t\t\t\t\t\t<div class=\"elementor-element elementor-element-42dbfda1 elementor-widget elementor-widget-text-editor\" data-id=\"42dbfda1\" data-element_type=\"widget\" data-widget_type=\"text-editor.default\">\n\t\t\t\t<div class=\"elementor-widget-container\">\n\t\t\t\t\t\t\t\t\t<h1>TITUS Veri S\u0131n\u0131fland\u0131rma<\/h1><h2>TITUS, hassas verilerinizi belirlemenizi ve kimliklendirmenizi sa\u011flay\u0131p g\u00fcvenlik politikalar\u0131na dayal\u0131 bir yap\u0131 olu\u015fturman\u0131z\u0131 destekler.<\/h2><div class=\"solution_content_container\">Kurumunuz her ge\u00e7en g\u00fcn daha fazla veri \u00fcretmektedir. Bu sebeple veri g\u00fcvenli\u011finin sa\u011flanmas\u0131 zorla\u015fmaktad\u0131r. Di\u011fer yandan \u00e7al\u0131\u015fanlar, i\u015f ak\u0131\u015f\u0131 engellenmeden verilere kolayl\u0131kla eri\u015febilmeli ve verileri g\u00fcvenle payla\u015fabilmelidir.<\/div>\t\t\t\t\t\t\t\t<\/div>\n\t\t\t\t<\/div>\n\t\t\t\t<div class=\"elementor-element elementor-element-1e8e7c4 elementor-tabs-view-horizontal elementor-widget elementor-widget-tabs\" data-id=\"1e8e7c4\" data-element_type=\"widget\" data-widget_type=\"tabs.default\">\n\t\t\t\t<div class=\"elementor-widget-container\">\n\t\t\t\t\t\t\t<div class=\"elementor-tabs\">\n\t\t\t<div class=\"elementor-tabs-wrapper\" role=\"tablist\" >\n\t\t\t\t\t\t\t\t\t<div id=\"elementor-tab-title-3201\" class=\"elementor-tab-title elementor-tab-desktop-title\" aria-selected=\"true\" data-tab=\"1\" role=\"tab\" tabindex=\"0\" aria-controls=\"elementor-tab-content-3201\" aria-expanded=\"false\">Veri s\u0131n\u0131fland\u0131rma<\/div>\n\t\t\t\t\t\t\t\t\t<div id=\"elementor-tab-title-3202\" class=\"elementor-tab-title elementor-tab-desktop-title\" aria-selected=\"false\" data-tab=\"2\" role=\"tab\" tabindex=\"-1\" aria-controls=\"elementor-tab-content-3202\" aria-expanded=\"false\">Veri kimliklendirme<\/div>\n\t\t\t\t\t\t\t\t\t<div id=\"elementor-tab-title-3203\" class=\"elementor-tab-title elementor-tab-desktop-title\" aria-selected=\"false\" data-tab=\"3\" role=\"tab\" tabindex=\"-1\" aria-controls=\"elementor-tab-content-3203\" aria-expanded=\"false\">G\u00fcvenlik otomasyonu<\/div>\n\t\t\t\t\t\t\t\t\t<div id=\"elementor-tab-title-3204\" class=\"elementor-tab-title elementor-tab-desktop-title\" aria-selected=\"false\" data-tab=\"4\" role=\"tab\" tabindex=\"-1\" aria-controls=\"elementor-tab-content-3204\" aria-expanded=\"false\">Mevzuata uygunluk<\/div>\n\t\t\t\t\t\t\t<\/div>\n\t\t\t<div class=\"elementor-tabs-content-wrapper\" role=\"tablist\" aria-orientation=\"vertical\">\n\t\t\t\t\t\t\t\t\t<div class=\"elementor-tab-title elementor-tab-mobile-title\" aria-selected=\"true\" data-tab=\"1\" role=\"tab\" tabindex=\"0\" aria-controls=\"elementor-tab-content-3201\" aria-expanded=\"false\">Veri s\u0131n\u0131fland\u0131rma<\/div>\n\t\t\t\t\t<div id=\"elementor-tab-content-3201\" class=\"elementor-tab-content elementor-clearfix\" data-tab=\"1\" role=\"tabpanel\" aria-labelledby=\"elementor-tab-title-3201\" tabindex=\"0\" hidden=\"false\"><h3><strong>Veri s\u0131n\u0131fland\u0131rmas\u0131<\/strong>, etkili bir bilgi y\u00f6neti\u015fim stratejisinin temelini olu\u015fturur<\/h3><p>Ki\u015filer ve kurumsal sistemler, i\u015flenen veri hakk\u0131nda yeterli bilgiye sahip de\u011fillerse verilerinizi koruyamazs\u0131n\u0131z.<\/p><p>Bu bilgiyi sa\u011flaman\u0131n en etkili yolu, g\u00fc\u00e7l\u00fc bir s\u0131n\u0131fland\u0131rma \u00e7\u00f6z\u00fcm\u00fc kullanmakt\u0131r.<\/p><p>B\u00f6ylece, kurumlar yap\u0131land\u0131r\u0131lmam\u0131\u015f verilerin i\u015f de\u011ferini belirleyerek, belgelerin nas\u0131l kullan\u0131laca\u011f\u0131 konusunda do\u011fru kararlar alabilirler.<\/p><h3>Kurum genelinde\u00a0<strong>kullan\u0131c\u0131 sorumlulu\u011funu<\/strong>\u00a0art\u0131r\u0131n<\/h3><p>Kullan\u0131c\u0131lar veri koruma s\u00fcre\u00e7lerine aktif olarak kat\u0131ld\u0131klar\u0131nda, olu\u015fturduklar\u0131 verilerden sorumlu hale gelirler.<\/p><p>Otomatik, \u00f6nerilen ve kullan\u0131c\u0131 odakl\u0131 manuel s\u0131n\u0131fland\u0131rma deste\u011fiyle Titus, veri tan\u0131mlama ve bilgi korumas\u0131n\u0131 kullan\u0131c\u0131lar\u0131n\u0131z\u0131n g\u00fcnl\u00fck i\u015f ak\u0131\u015flar\u0131na entegre eder.<\/p><p>Bu, kurumlar\u0131n veri y\u00f6neti\u015fim politikalar\u0131 uygulamalar\u0131na ve dikkatsizlik sonucu if\u015fa edilmelerini \u00f6nlemelerine olanak tan\u0131yan bir g\u00fcvenlik k\u00fclt\u00fcr\u00fcn\u00fc te\u015fvik eder.<\/p><h3>G\u00fcvenlik bilincini\u00a0<strong>art\u0131r\u0131n<\/strong><\/h3><p>Titus Classification, belgeleri s\u0131n\u0131fland\u0131rarak ve gerekti\u011finde e-postalara ve dosyalara g\u00f6rsel etiketler uygulayarak hassas bilgileri net olarak tan\u0131mlar.<\/p><p>Kullan\u0131c\u0131lar bu bilgilerle \u00e7al\u0131\u015f\u0131rken, do\u011fru kullan\u0131m\u0131 te\u015fvik etmek ve yanl\u0131\u015f al\u0131c\u0131larla payla\u015f\u0131m\u0131n\u0131 \u00f6nlemek i\u00e7in bilgilendirme sa\u011flayan kurallar taraf\u0131ndan y\u00f6nlendirilirler.<\/p><h3>Hassas verileri\u00a0<strong>tan\u0131mlama ve i\u015fleme<\/strong>\u00a0<\/h3><p>DLP ve di\u011fer g\u00fcvenlik \u00e7\u00f6z\u00fcmleri, hangi bilgilerin hassas oldu\u011funu ve nas\u0131l korunmas\u0131 gerekti\u011fini belirlemek i\u00e7in Titus Classification metadata\u2019lar\u0131ndan yararlanabilir.<\/p><p>S\u0131n\u0131fland\u0131rma se\u00e7imleri ve di\u011fer metadata \u00f6zellikleri, Microsoft Rights Management Services\u00ae (RMS) ve di\u011fer dijital haklar y\u00f6netim \u00e7\u00f6z\u00fcmleri taraf\u0131ndan otomatik tetiklenerek koruma sa\u011flanabilir.<\/p><h3>Metadata ile verinin saklanma s\u00fcresini\u00a0<strong>y\u00f6netin<\/strong><\/h3><p>Titus Classification, bilgi olu\u015fturulurken ve g\u00f6nderilirken saklama s\u00fcresi ile ilgili metadata olu\u015fturmak i\u00e7in kullan\u0131l\u0131r.<\/p><p>Titus Classification ile uygulanan metadata ayr\u0131ca yasal uyumluluk ve istekler do\u011frultusunda ilgili verileri bulmak i\u00e7in ke\u015fif \u00e7\u00f6z\u00fcmlerini destekler ve geli\u015ftirir.\u00a0<\/p><h3><strong>Yasal uyumluluk gereksinimlerini<\/strong>\u00a0uygulay\u0131n\u00a0<\/h3><p>Titus Classification\u2019n\u0131n kullan\u0131ld\u0131\u011f\u0131 kurumlar devlet ve end\u00fcstri d\u00fczenlemelerine uyum sa\u011flarken, g\u00fcvenli bilgi payla\u015f\u0131lmas\u0131n\u0131 da destekler.<\/p><p>Titus \u00e7\u00f6z\u00fcmleri, GDPR, KVKK, CCPA, EPMS gibi geni\u015f \u00e7apta uygulanabilir d\u00fczenlemelere ve ISO 27001, NERC, HIPAA, SOX, ITAR ve EAR gibi devlet ve askeri ortamlarda yayg\u0131n olarak kullan\u0131lan standartlara ve d\u00fczenlemelere uyum i\u00e7in kullan\u0131l\u0131r.<\/p><\/div>\n\t\t\t\t\t\t\t\t\t<div class=\"elementor-tab-title elementor-tab-mobile-title\" aria-selected=\"false\" data-tab=\"2\" role=\"tab\" tabindex=\"-1\" aria-controls=\"elementor-tab-content-3202\" aria-expanded=\"false\">Veri kimliklendirme<\/div>\n\t\t\t\t\t<div id=\"elementor-tab-content-3202\" class=\"elementor-tab-content elementor-clearfix\" data-tab=\"2\" role=\"tabpanel\" aria-labelledby=\"elementor-tab-title-3202\" tabindex=\"0\" hidden=\"hidden\"><h3><strong>Bilmedi\u011finiz \u015feyler<\/strong>\u00a0size zarar verebilir<\/h3><p>\u0130\u015fletmeler her zamankinden daha fazla veri olu\u015fturur ve toplar: \u00f6zel bilgiler, finansal bilgiler, \u00e7al\u0131\u015fan ve m\u00fc\u015fteri bilgileri. Bu veriler her yerde bulunabilir (yerel makineler, a\u011flar, mobil cihazlar ve Bulut \u00fczerinde depolan\u0131r ve bunlar aras\u0131nda s\u00fcrekli hareket eder).<\/p><p>Buna ek olarak, yeni g\u00fcvenlik d\u00fczenlemeleri, dura\u011fan verilerin tan\u0131mlanmas\u0131n\u0131 ve g\u00fcvenli\u011fini artan bir endi\u015fe haline getirmi\u015ftir. Ancak verileri korumak i\u00e7in \u00f6nce verilerin nas\u0131l tan\u0131mlanaca\u011f\u0131n\u0131 bilmek gerekir.<\/p><h3>Veri g\u00fcvenli\u011fi,\u00a0<strong>kimliklendirme<\/strong>\u00a0ile ba\u015flar<\/h3><p>Veriler kolayca belirlenebilir, do\u011fru koruma seviyesi uygulanabilir, di\u011fer kullan\u0131c\u0131lara veriler \u00fczerinde dikkatli olmalar\u0131 hat\u0131rlatabilir ve g\u00fcvenlik politikalar\u0131 otomatik olarak tetiklenebilir. B\u00f6ylece, \u00e7al\u0131\u015fanlar ve \u00e7\u00f6z\u00fcmler, riski azaltmak ve uyumluluk gereksinimlerini kar\u015f\u0131lamak i\u00e7in birlikte \u00e7al\u0131\u015fabilir.<\/p><p>Titus Classification, hareket halindeki hassas verileri, Titus Illuminate dura\u011fan verileri alg\u0131lar. Titus Machine Learning \u00f6zelli\u011fi ise e\u011fitilen kategorilere g\u00f6re, gizli finansal raporlar\u0131, i\u00e7 tasar\u0131m belgeleri veya genel haber b\u00fcltenleri gibi hassas verileri tan\u0131mlar ve korur.<\/p><h3>Veri kimliklendirme i\u00e7in etkili \u00e7\u00f6z\u00fcm<\/h3><div class=\"column_container\"><div class=\"column\"><p>Verileri olu\u015fturma s\u0131ras\u0131nda, hareket halindeyken ve dura\u011fan haldeyken taray\u0131n, analiz edin ve uygun tan\u0131mlama niteliklerini uygulay\u0131n ve onu kimliklendirin.<\/p><p>Titus, dura\u011fan verilere metadata uygulaman\u0131za ve metadata\u2019y\u0131 tespit etmenize olanak tan\u0131r ve bu da ba\u011f\u0131ms\u0131z olarak uyumu sa\u011flaman\u0131z\u0131 sa\u011flar. \u00c7\u00f6z\u00fcmlerimiz, GDPR ve di\u011fer d\u00fczenlemelere uyum i\u00e7in \u015fifreleme ve EDRM yaz\u0131l\u0131mlar\u0131 ile entegre kullan\u0131labilir.<\/p><p>Titus\u2019un uygulad\u0131\u011f\u0131 metadata ve veri koruma politikalar\u0131n\u0131 kullan\u0131lan DLP, ERM, CASB ve yeni nesil g\u00fcvenlik duvar\u0131 \u00e7\u00f6z\u00fcmleri ile okuyun ve anlay\u0131n.<\/p><\/div><div class=\"column right\"><p>Titus metadata\u2019lar dosyalara ve e-postalara uygulan\u0131r ve veri g\u00fcvenli\u011fi ekosisteminizin di\u011fer \u00e7\u00f6z\u00fcmleri taraf\u0131ndan kullan\u0131labilir (veri kayb\u0131 \u00f6nleme (DLP), kurumsal hak y\u00f6netimi (ERM), bulut eri\u015fim g\u00fcvenlik arac\u0131lar\u0131 (CASB) ve yeni nesil g\u00fcvenlik duvar\u0131 \u00e7\u00f6z\u00fcmleri gibi). Uygun veri koruma politikalar\u0131n\u0131n kurum genelinde uygulanmas\u0131n\u0131 kolayla\u015ft\u0131ran uyumlu, entegre bir yakla\u015f\u0131m olu\u015fturman\u0131z\u0131 sa\u011flar.<\/p><p>Titus \u00e7\u00f6z\u00fcmleri, kurumlar\u0131n bilgileri tan\u0131mlamas\u0131n\u0131, s\u0131n\u0131fland\u0131rmas\u0131n\u0131 ve g\u00fcvence alt\u0131na almas\u0131n\u0131 sa\u011flar, b\u00f6ylece kullan\u0131c\u0131lar olu\u015fturduklar\u0131, payla\u015ft\u0131klar\u0131 ve kulland\u0131klar\u0131 hassas bilgilerin t\u00fcm platformlarda korundu\u011funu bilerek i\u015f ak\u0131\u015flar\u0131na devam eder.<\/p><\/div><\/div><\/div>\n\t\t\t\t\t\t\t\t\t<div class=\"elementor-tab-title elementor-tab-mobile-title\" aria-selected=\"false\" data-tab=\"3\" role=\"tab\" tabindex=\"-1\" aria-controls=\"elementor-tab-content-3203\" aria-expanded=\"false\">G\u00fcvenlik otomasyonu<\/div>\n\t\t\t\t\t<div id=\"elementor-tab-content-3203\" class=\"elementor-tab-content elementor-clearfix\" data-tab=\"3\" role=\"tabpanel\" aria-labelledby=\"elementor-tab-title-3203\" tabindex=\"0\" hidden=\"hidden\"><h3>Zorluklar<\/h3><p>Kurumlar, dijital \u00e7a\u011f\u0131n ba\u015flang\u0131c\u0131ndan bu yana hassas verileri g\u00fcvence alt\u0131na almak i\u00e7in \u00e7aba sarf ediyorlar ve veri hacimleri katlanarak artmaya devam ettik\u00e7e, bu durum daha da zorla\u015f\u0131yor.<\/p><p>Giderek b\u00fcy\u00fcyen bu verinin korunmas\u0131 (finansal, ki\u015fisel, sa\u011fl\u0131k) tek bir \u00e7\u00f6z\u00fcm kullan\u0131larak elde edilemez. Bunun yerine, bir kurumdaki t\u00fcm potansiyel a\u00e7\u0131klar\u0131 kapatmak i\u00e7in birlikte \u00e7al\u0131\u015fan bir \u00fcr\u00fcn ekosistemi gerektirir.<\/p><p>Bu \u00fcr\u00fcnlerin otomatikle\u015ftirilmesi, kullan\u0131c\u0131lar\u0131n\u0131zdaki y\u00fck\u00fc ortadan kald\u0131rabilir ve bunun yerine temel i\u015f hedeflerine odaklanmalar\u0131n\u0131 sa\u011flayabilir. Ancak, otomatikle\u015ftirilen sistemler, do\u011fruluklar\u0131na ve etkinliklerine g\u00fcvenmesi gereken kullan\u0131c\u0131lara korku, belirsizlik ve \u015f\u00fcphe getirebilir.<\/p><h3>\u00c7\u00f6z\u00fcm<\/h3><p>Titus, verilere ba\u011flam ekleyerek bu endi\u015feleri ortadan kald\u0131r\u0131r, b\u00f6ylece g\u00fcvenlik ekosistemindeki \u00e7\u00f6z\u00fcmler do\u011fru ve etkili kararlar vermek i\u00e7in daha donan\u0131ml\u0131 hale gelir.<\/p><p>Titus Classification, g\u00fcvenlik ekosistemini daha ak\u0131ll\u0131 hale getirir ve tutarl\u0131 koruma sa\u011flamak i\u00e7in kurumsal g\u00fcvenlik politikalar\u0131n\u0131n temelini olu\u015fturur.<\/p><h3>TITUS\u2019\u0131n \u00c7\u00f6z\u00fcm\u00fc<\/h3><p>Titus&#8217;un g\u00fcvenlik i\u00e7indeki rol\u00fc, verilere ba\u011flam eklemek ve g\u00fcvenlik programlar\u0131ndaki \u00e7evre ara\u00e7lar\u0131 bilgilendirmeye yard\u0131mc\u0131 olmakt\u0131r.<\/p><p>Titus dosyalara ve e-postalara metadata enjekte eder, bu t\u00fcm g\u00fcvenlik ekosistemi taraf\u0131ndan kullan\u0131labilir, b\u00f6ylece uyumlu, do\u011fru ve etkili veri g\u00fcvenli\u011fi kararlar\u0131 almay\u0131 kolayla\u015ft\u0131r\u0131r.<\/p><section id=\"section_2\"><div class=\"column_container\"><div class=\"column\"><p>\u2022 Ek denetimi ve g\u00fcvenli al\u0131c\u0131lar gibi politikalar\u0131 kullanarak\u00a0<strong>DLP \u00fcr\u00fcnlerinin do\u011frulu\u011funu ve etkinli\u011fini art\u0131r\u0131n<\/strong>\u00a0ve e-posta yoluyla veri kayb\u0131n\u0131 \u00f6nleyin.<\/p><p>\u2022 Kullan\u0131c\u0131n\u0131n konumu, unvan\u0131, i\u015fletmedeki rol\u00fc vb. bilgileri temel alarak\u00a0<strong>bilgi veya bir uygulama izin vermek\/k\u0131s\u0131tlamak i\u00e7in veri tan\u0131mlama<\/strong>\u00a0eri\u015fim y\u00f6netimi \u00fcr\u00fcnleriyle birlikte kullan\u0131labilir.<\/p><p>\u2022 Hangi verilerin bulut ortam\u0131na ta\u015f\u0131nabilece\u011fi konusunda bilin\u00e7li kararlar alabilmek i\u00e7in\u00a0<strong>CASB \u00fcr\u00fcnlerini etkinle\u015ftirin.<\/strong><\/p><p>\u2022\u00a0<strong>Gizlilik y\u00f6netimi \u00e7\u00f6z\u00fcmlerine g\u00f6r\u00fcn\u00fcrl\u00fck sa\u011flamak<\/strong>\u00a0ve olas\u0131 gizlilik olaylar\u0131n\u0131n taranmas\u0131n\u0131 ve izlenmesini iyile\u015ftirmek i\u00e7in metadata kullan\u0131n. Titus politika ve etiketleme \u00e7\u00f6z\u00fcmleri birden fazla uyumluluk d\u00fczenlemesine uyum sa\u011flamak i\u00e7in kullan\u0131labilir.<\/p><\/div><div class=\"column right\"><p>\u2022\u00a0<strong>Veri kategorilerine \/ hassasiyetine g\u00f6re g\u00fcvenlik i\u015f ak\u0131\u015flar\u0131n\u0131 tetikleyebilecek otomasyon ve d\u00fczenleme \u00e7\u00f6z\u00fcmlerine log\u2019lar sa\u011flay\u0131n.<\/strong>\u00a0Ayr\u0131ca, i\u00e7eriden gelen tehditlerin alg\u0131lanmas\u0131 i\u00e7in temel davran\u0131\u015flar olu\u015fturmak \u00fczere veri t\u00fcrlerine dayal\u0131 g\u00f6rselle\u015ftirme ve tehdit analizi ara\u00e7lar\u0131 ekleyin.<\/p><p>\u2022 Titus metadata\u2019lar\u0131na ve g\u00fcvenlik politikalar\u0131na dayal\u0131 olarak\u00a0<strong>e-postalara ve eklere otomatik olarak ak\u0131ll\u0131 ve esnek \u015fifreleme uygulay\u0131n.<\/strong><\/p><\/div><\/div><\/section><\/div>\n\t\t\t\t\t\t\t\t\t<div class=\"elementor-tab-title elementor-tab-mobile-title\" aria-selected=\"false\" data-tab=\"4\" role=\"tab\" tabindex=\"-1\" aria-controls=\"elementor-tab-content-3204\" aria-expanded=\"false\">Mevzuata uygunluk<\/div>\n\t\t\t\t\t<div id=\"elementor-tab-content-3204\" class=\"elementor-tab-content elementor-clearfix\" data-tab=\"4\" role=\"tabpanel\" aria-labelledby=\"elementor-tab-title-3204\" tabindex=\"0\" hidden=\"hidden\"><h3><strong>Giderek artan say\u0131da yasal d\u00fczenlemeye<\/strong>\u00a0ayak uydurmak kolay de\u011fil<\/h3><p>D\u00fcnyan\u0131n d\u00f6rt bir yan\u0131ndaki insanlar ki\u015fisel verilerinin korunmas\u0131n\u0131 ve bu konuda h\u00fck\u00fcmetlerin harekete ge\u00e7mesini istiyorlar. Bu sebeple kurumlar\u0131n i\u015f yapma \u015fekli, y\u00fcr\u00fcrl\u00fc\u011fe giren her yeni uyumluluk d\u00fczenlemesi ile geli\u015fmektedir.<\/p><p>Bu d\u00fczenlemeler, kurumlar\u0131n hangi verileri i\u015flediklerini ve nerede bulundu\u011funa ili\u015fkin g\u00f6r\u00fcn\u00fcrl\u00fc\u011fe sahip olmalar\u0131n\u0131 gerektirir. Bu, veri koruma ve tan\u0131mlama \u00e7\u00f6z\u00fcmlerine sahip olmayan kurumlar i\u00e7in bir zorluk haline gelmi\u015ftir. Nihayetinde, bir\u00e7ok kurulu\u015f nereden ba\u015flayaca\u011f\u0131ndan emin de\u011fil.<\/p><p>D\u00fczenlemelere uymamak, kurulu\u015flar\u0131n para cezalar\u0131, itibar kayb\u0131, hisse senedi fiyatlar\u0131ndaki d\u00fc\u015f\u00fc\u015fler ve daha fazlas\u0131 anlam\u0131na gelir. \u00d6zellikle k\u00fcresel \u00e7apta yasal uyumluluk kurallar\u0131 g\u00f6z \u00f6n\u00fcne al\u0131nd\u0131\u011f\u0131nda, t\u00fcm zorlay\u0131c\u0131 sebepler i\u00e7in i\u015fe yarar bir \u00e7\u00f6z\u00fcm bulma ihtiyac\u0131 h\u0131zla b\u00fcy\u00fcyor.<\/p><\/div>\n\t\t\t\t\t\t\t<\/div>\n\t\t<\/div>\n\t\t\t\t\t\t<\/div>\n\t\t\t\t<\/div>\n\t\t\t\t\t<\/div>\n\t\t<\/div>\n\t\t\t\t\t<\/div>\n\t\t<\/section>\n\t\t\t\t<\/div>","protected":false},"excerpt":{"rendered":"<p>TITUS Veri S\u0131n\u0131fland\u0131rma TITUS, hassas verilerinizi belirlemenizi ve kimliklendirmenizi sa\u011flay\u0131p g\u00fcvenlik politikalar\u0131na dayal\u0131 bir yap\u0131 olu\u015fturman\u0131z\u0131 destekler. Kurumunuz her ge\u00e7en g\u00fcn daha fazla veri \u00fcretmektedir. Bu sebeple veri g\u00fcvenli\u011finin sa\u011flanmas\u0131 zorla\u015fmaktad\u0131r. Di\u011fer yandan \u00e7al\u0131\u015fanlar, i\u015f ak\u0131\u015f\u0131 engellenmeden verilere kolayl\u0131kla eri\u015febilmeli ve verileri g\u00fcvenle payla\u015fabilmelidir. Veri s\u0131n\u0131fland\u0131rma Veri kimliklendirme G\u00fcvenlik otomasyonu Mevzuata uygunluk Veri s\u0131n\u0131fland\u0131rma Veri [&hellip;]<\/p>","protected":false},"author":2,"featured_media":0,"parent":5243,"menu_order":0,"comment_status":"closed","ping_status":"closed","template":"","meta":{"om_disable_all_campaigns":false,"inline_featured_image":false,"_monsterinsights_skip_tracking":false,"_monsterinsights_sitenote_active":false,"_monsterinsights_sitenote_note":"","_monsterinsights_sitenote_category":0,"ocean_post_layout":"full-screen","ocean_both_sidebars_style":"","ocean_both_sidebars_content_width":0,"ocean_both_sidebars_sidebars_width":0,"ocean_sidebar":"0","ocean_second_sidebar":"0","ocean_disable_margins":"enable","ocean_add_body_class":"","ocean_shortcode_before_top_bar":"","ocean_shortcode_after_top_bar":"","ocean_shortcode_before_header":"","ocean_shortcode_after_header":"","ocean_has_shortcode":"","ocean_shortcode_after_title":"","ocean_shortcode_before_footer_widgets":"","ocean_shortcode_after_footer_widgets":"","ocean_shortcode_before_footer_bottom":"","ocean_shortcode_after_footer_bottom":"","ocean_display_top_bar":"default","ocean_display_header":"default","ocean_header_style":"","ocean_center_header_left_menu":"0","ocean_custom_header_template":"0","ocean_custom_logo":0,"ocean_custom_retina_logo":0,"ocean_custom_logo_max_width":0,"ocean_custom_logo_tablet_max_width":0,"ocean_custom_logo_mobile_max_width":0,"ocean_custom_logo_max_height":0,"ocean_custom_logo_tablet_max_height":0,"ocean_custom_logo_mobile_max_height":0,"ocean_header_custom_menu":"0","ocean_menu_typo_font_family":"0","ocean_menu_typo_font_subset":"","ocean_menu_typo_font_size":0,"ocean_menu_typo_font_size_tablet":0,"ocean_menu_typo_font_size_mobile":0,"ocean_menu_typo_font_size_unit":"px","ocean_menu_typo_font_weight":"","ocean_menu_typo_font_weight_tablet":"","ocean_menu_typo_font_weight_mobile":"","ocean_menu_typo_transform":"","ocean_menu_typo_transform_tablet":"","ocean_menu_typo_transform_mobile":"","ocean_menu_typo_line_height":0,"ocean_menu_typo_line_height_tablet":0,"ocean_menu_typo_line_height_mobile":0,"ocean_menu_typo_line_height_unit":"","ocean_menu_typo_spacing":0,"ocean_menu_typo_spacing_tablet":0,"ocean_menu_typo_spacing_mobile":0,"ocean_menu_typo_spacing_unit":"","ocean_menu_link_color":"","ocean_menu_link_color_hover":"","ocean_menu_link_color_active":"","ocean_menu_link_background":"","ocean_menu_link_hover_background":"","ocean_menu_link_active_background":"","ocean_menu_social_links_bg":"","ocean_menu_social_hover_links_bg":"","ocean_menu_social_links_color":"","ocean_menu_social_hover_links_color":"","ocean_disable_title":"on","ocean_disable_heading":"default","ocean_post_title":"","ocean_post_subheading":"","ocean_post_title_style":"","ocean_post_title_background_color":"","ocean_post_title_background":0,"ocean_post_title_bg_image_position":"","ocean_post_title_bg_image_attachment":"","ocean_post_title_bg_image_repeat":"","ocean_post_title_bg_image_size":"","ocean_post_title_height":0,"ocean_post_title_bg_overlay":0.5,"ocean_post_title_bg_overlay_color":"","ocean_disable_breadcrumbs":"default","ocean_breadcrumbs_color":"","ocean_breadcrumbs_separator_color":"","ocean_breadcrumbs_links_color":"","ocean_breadcrumbs_links_hover_color":"","ocean_display_footer_widgets":"default","ocean_display_footer_bottom":"default","ocean_custom_footer_template":"0","two_page_speed":[],"footnotes":""},"class_list":["post-2283","page","type-page","status-publish","hentry","entry"],"_links":{"self":[{"href":"https:\/\/www.cynoks.com\/en\/wp-json\/wp\/v2\/pages\/2283","targetHints":{"allow":["GET"]}}],"collection":[{"href":"https:\/\/www.cynoks.com\/en\/wp-json\/wp\/v2\/pages"}],"about":[{"href":"https:\/\/www.cynoks.com\/en\/wp-json\/wp\/v2\/types\/page"}],"author":[{"embeddable":true,"href":"https:\/\/www.cynoks.com\/en\/wp-json\/wp\/v2\/users\/2"}],"replies":[{"embeddable":true,"href":"https:\/\/www.cynoks.com\/en\/wp-json\/wp\/v2\/comments?post=2283"}],"version-history":[{"count":20,"href":"https:\/\/www.cynoks.com\/en\/wp-json\/wp\/v2\/pages\/2283\/revisions"}],"predecessor-version":[{"id":5657,"href":"https:\/\/www.cynoks.com\/en\/wp-json\/wp\/v2\/pages\/2283\/revisions\/5657"}],"up":[{"embeddable":true,"href":"https:\/\/www.cynoks.com\/en\/wp-json\/wp\/v2\/pages\/5243"}],"wp:attachment":[{"href":"https:\/\/www.cynoks.com\/en\/wp-json\/wp\/v2\/media?parent=2283"}],"curies":[{"name":"wp","href":"https:\/\/api.w.org\/{rel}","templated":true}]}}